{"id":285638,"date":"2024-11-21T12:57:52","date_gmt":"2024-11-21T10:57:52","guid":{"rendered":"https:\/\/www.huntersfriend.eu\/product\/morakniv-eldris-lightduty-kniv\/"},"modified":"2026-02-25T10:37:36","modified_gmt":"2026-02-25T08:37:36","slug":"morakniv-eldris-lightduty-kniv","status":"publish","type":"product","link":"https:\/\/www.huntersfriend.eu\/sv\/produkt\/morakniv-eldris-lightduty-kniv\/","title":{"rendered":"Morakniv eldris LightDuty-kniv"},"content":{"rendered":"<h3><span data-text-bg=\"primary\" data-text-color=\"secondary\"><em><strong>Observera att vi inte kommer att kunna skicka den h\u00e4r kniven till Storbritannien p\u00e5 grund av lokala importrestriktioner. Var uppm\u00e4rksam p\u00e5 dina lokala knivlagar. <\/strong><\/em><\/span><\/h3>\n<p><span class=\"jCAhz ChMk0b\"><span class=\"ryNqvb\">Morakniv Eldris LightDuty-kniven \u00e4r en p\u00e5litlig kniv med ett mycket kort, stabilt blad.<\/span><\/span> <span class=\"jCAhz ChMk0b\"><span class=\"ryNqvb\">Kniven \u00e4r perfekt f\u00f6r lite hj\u00e4lp i vardagen, men ocks\u00e5 f\u00f6r ovanliga situationer.<\/span><\/span> <span class=\"jCAhz ChMk0b\"><span class=\"ryNqvb\">Oavsett om du \u00e4r hemma, i tr\u00e4dg\u00e5rden eller p\u00e5 dina utomhus- och jaktresor, kommer den h\u00e4r kniven alltid att hitta en anv\u00e4ndning. <\/span><\/span><span class=\"jCAhz ChMk0b\"><span class=\"ryNqvb\">Morakniv Eldris LightDuty-kniven passar perfekt i handen och f\u00e5r plats i en ryggs\u00e4ck, byxficka eller verktygsl\u00e5da.<\/span><\/span> <span class=\"jCAhz ChMk0b\"><span class=\"ryNqvb\">Den h\u00e4r kniven kan ocks\u00e5 anv\u00e4ndas som en snabb\u00e5tkomstkniv h\u00e4ngande runt halsen. <\/span><\/span><span class=\"jCAhz ChMk0b\"><span class=\"ryNqvb\">Det 54 mm l\u00e5nga polerade bladet p\u00e5 den h\u00e4r kniven \u00e4r tillverkat av h\u00f6gkvalitativt rostfritt st\u00e5l.<\/span><\/span> T<span class=\"jCAhz ChMk0b\"><span class=\"ryNqvb\">Bladet h\u00e5ller sig vasst l\u00e4nge och p\u00e5verkas inte av fukt eller oxider.<\/span><\/span> <span class=\"jCAhz ChMk0b\"><span class=\"ryNqvb\">Det ergonomiska polymerhandtaget ger ett stabilt grepp f\u00f6r s\u00e4ker sk\u00e4rning.<\/span><\/span> <span class=\"jCAhz ChMk0b\"><span class=\"ryNqvb\">Det \u00e4r absolut praktiskt att kniven passar b\u00e5de h\u00f6ger- och v\u00e4nsterh\u00e4nta, eftersom den kan s\u00e4ttas in fr\u00e5n b\u00e5da sidor av knivslidan. <\/span><\/span><\/p>\n<p><span class=\"jCAhz\"><span class=\"ryNqvb\">M\u00e5tt: <\/span><\/span><\/p>\n<p><span class=\"jCAhz ChMk0b\"><span class=\"ryNqvb\">Bladets l\u00e4ngd \u00e4r cirka 5,4 cm.<br \/>\n<\/span><\/span><span class=\"jCAhz ChMk0b\"><span class=\"ryNqvb\">Total l\u00e4ngd cirka 14,3 cm.<br \/>\n<\/span><\/span><span class=\"jCAhz\"><span class=\"ryNqvb\">Vikt cirka 61 gram.<\/span><\/span><\/p>\n<p>Finns i tre f\u00e4rger<\/p>\n","protected":false},"excerpt":{"rendered":"<p>Observera att vi inte kommer att kunna skicka den h\u00e4r kniven till Storbritannien p\u00e5 grund av lokala importrestriktioner. Var uppm\u00e4rksam p\u00e5 dina lokala knivlagar. Morakniv Eldris LightDuty-kniven \u00e4r en p\u00e5litlig kniv med ett mycket kort, stabilt blad. Kniven \u00e4r perfekt f\u00f6r lite hj\u00e4lp i vardagen, men ocks\u00e5 f\u00f6r ovanliga situationer. Oavsett om du \u00e4r hemma, [&#8230;]\n","protected":false},"featured_media":275030,"comment_status":"open","ping_status":"closed","template":"","meta":[],"product_brand":[],"product_cat":[2610],"product_tag":[],"class_list":{"0":"post-285638","1":"product","2":"type-product","3":"status-publish","4":"has-post-thumbnail","6":"product_cat-knivar-yxor-och-slipar","8":"first","9":"outofstock","10":"taxable","11":"shipping-taxable","12":"purchasable","13":"product-type-variable"},"composite_virtual":false,"composite_layout":"","composite_add_to_cart_form_location":"","composite_editable_in_cart":false,"composite_sold_individually_context":"","composite_shop_price_calc":"","composite_components":[],"composite_scenarios":[],"group_of_quantity":0,"min_quantity":0,"max_quantity":"","exclude_order_quantity_value_rules":"no","exclude_category_quantity_rules":"no","combine_variations":"no","exclude_global_add_ons":[],"addons":[],"_links":{"self":[{"href":"https:\/\/www.huntersfriend.eu\/sv\/wp-json\/wp\/v2\/product\/285638","targetHints":{"allow":["GET"]}}],"collection":[{"href":"https:\/\/www.huntersfriend.eu\/sv\/wp-json\/wp\/v2\/product"}],"about":[{"href":"https:\/\/www.huntersfriend.eu\/sv\/wp-json\/wp\/v2\/types\/product"}],"replies":[{"embeddable":true,"href":"https:\/\/www.huntersfriend.eu\/sv\/wp-json\/wp\/v2\/comments?post=285638"}],"wp:featuredmedia":[{"embeddable":true,"href":"https:\/\/www.huntersfriend.eu\/sv\/wp-json\/wp\/v2\/media\/275030"}],"wp:attachment":[{"href":"https:\/\/www.huntersfriend.eu\/sv\/wp-json\/wp\/v2\/media?parent=285638"}],"wp:term":[{"taxonomy":"product_brand","embeddable":true,"href":"https:\/\/www.huntersfriend.eu\/sv\/wp-json\/wp\/v2\/product_brand?post=285638"},{"taxonomy":"product_cat","embeddable":true,"href":"https:\/\/www.huntersfriend.eu\/sv\/wp-json\/wp\/v2\/product_cat?post=285638"},{"taxonomy":"product_tag","embeddable":true,"href":"https:\/\/www.huntersfriend.eu\/sv\/wp-json\/wp\/v2\/product_tag?post=285638"}],"curies":[{"name":"wp","href":"https:\/\/api.w.org\/{rel}","templated":true}]}}