{"id":285637,"date":"2024-11-28T01:26:11","date_gmt":"2024-11-27T23:26:11","guid":{"rendered":"https:\/\/www.huntersfriend.eu\/product\/vpa-pilspinnare\/"},"modified":"2026-03-10T14:30:13","modified_gmt":"2026-03-10T12:30:13","slug":"vpa-pilspinnare","status":"publish","type":"product","link":"https:\/\/www.huntersfriend.eu\/sv\/produkt\/vpa-pilspinnare\/","title":{"rendered":"VPA-pilspinnare"},"content":{"rendered":"<p>Vantage Point Archery-pilspinnare \u2013 det ultimata verktyget f\u00f6r att full\u00e4nda din b\u00e5gskytteutrustning. Den h\u00e4r spinnaren \u00e4r tillverkad med precision och s\u00e4kerst\u00e4ller att dina pilar snurrar r\u00e4tt, vilket fr\u00e4mjar optimal flygstabilitet och precision. Oavsett om du finjusterar bredhuvudets inriktning eller kontrollerar pilens rakhet \u00e4r v\u00e5r pilspinnare den b\u00e4sta enheten f\u00f6r alla b\u00e5gskyttar som \u00e4r dedikerade till att tr\u00e4ffa m\u00e5let med sj\u00e4lvf\u00f6rtroende. F\u00f6rb\u00e4ttra din skytteupplevelse \u2013 snurra med precision, skjut med noggrannhet.   <\/p>\n","protected":false},"excerpt":{"rendered":"<p>Vantage Point Archery-pilspinnare \u2013 det ultimata verktyget f\u00f6r att full\u00e4nda din b\u00e5gskytteutrustning. Den h\u00e4r spinnaren \u00e4r tillverkad med precision och s\u00e4kerst\u00e4ller att dina pilar snurrar r\u00e4tt, vilket fr\u00e4mjar optimal flygstabilitet och precision. Oavsett om du finjusterar bredhuvudets inriktning eller kontrollerar pilens rakhet \u00e4r v\u00e5r pilspinnare den b\u00e4sta enheten f\u00f6r alla b\u00e5gskyttar som \u00e4r dedikerade till [&#8230;]\n","protected":false},"featured_media":275217,"comment_status":"open","ping_status":"closed","template":"","meta":[],"product_brand":[],"product_cat":[2644,2633,2640,2631],"product_tag":[],"class_list":{"0":"post-285637","1":"product","2":"type-product","3":"status-publish","4":"has-post-thumbnail","6":"product_cat-andra-verktyg-for-pilbygge","7":"product_cat-diverse-bagskytte","8":"product_cat-pilsagar-och-vagar","9":"product_cat-trimningsverktyg-bagskytte","11":"first","12":"outofstock","13":"taxable","14":"shipping-taxable","15":"purchasable","16":"product-type-simple"},"composite_virtual":false,"composite_layout":"","composite_add_to_cart_form_location":"","composite_editable_in_cart":false,"composite_sold_individually_context":"","composite_shop_price_calc":"","composite_components":[],"composite_scenarios":[],"group_of_quantity":0,"min_quantity":0,"max_quantity":"","exclude_order_quantity_value_rules":"no","exclude_category_quantity_rules":"no","combine_variations":"no","exclude_global_add_ons":[],"addons":[],"_links":{"self":[{"href":"https:\/\/www.huntersfriend.eu\/sv\/wp-json\/wp\/v2\/product\/285637","targetHints":{"allow":["GET"]}}],"collection":[{"href":"https:\/\/www.huntersfriend.eu\/sv\/wp-json\/wp\/v2\/product"}],"about":[{"href":"https:\/\/www.huntersfriend.eu\/sv\/wp-json\/wp\/v2\/types\/product"}],"replies":[{"embeddable":true,"href":"https:\/\/www.huntersfriend.eu\/sv\/wp-json\/wp\/v2\/comments?post=285637"}],"wp:featuredmedia":[{"embeddable":true,"href":"https:\/\/www.huntersfriend.eu\/sv\/wp-json\/wp\/v2\/media\/275217"}],"wp:attachment":[{"href":"https:\/\/www.huntersfriend.eu\/sv\/wp-json\/wp\/v2\/media?parent=285637"}],"wp:term":[{"taxonomy":"product_brand","embeddable":true,"href":"https:\/\/www.huntersfriend.eu\/sv\/wp-json\/wp\/v2\/product_brand?post=285637"},{"taxonomy":"product_cat","embeddable":true,"href":"https:\/\/www.huntersfriend.eu\/sv\/wp-json\/wp\/v2\/product_cat?post=285637"},{"taxonomy":"product_tag","embeddable":true,"href":"https:\/\/www.huntersfriend.eu\/sv\/wp-json\/wp\/v2\/product_tag?post=285637"}],"curies":[{"name":"wp","href":"https:\/\/api.w.org\/{rel}","templated":true}]}}