{"id":285634,"date":"2024-11-27T01:30:12","date_gmt":"2024-11-26T23:30:12","guid":{"rendered":"https:\/\/www.huntersfriend.eu\/product\/easton-archery-essentials-pro-shop-verktygssats\/"},"modified":"2025-08-26T10:45:37","modified_gmt":"2025-08-26T08:45:37","slug":"easton-archery-essentials-pro-shop-verktygssats","status":"publish","type":"product","link":"https:\/\/www.huntersfriend.eu\/sv\/produkt\/easton-archery-essentials-pro-shop-verktygssats\/","title":{"rendered":"Easton archery essentials pro shop verktygssats"},"content":{"rendered":"<p><span class=\"jCAhz ChMk0b\"><span class=\"ryNqvb\">Easton Essentials 12-delars Easton Pro Shop Tool Kit servicekit f\u00f6r b\u00e5gar. <\/span><\/span><span class=\"jCAhz ChMk0b\"><span class=\"ryNqvb\">Korrekt underh\u00e5ll av b\u00e5gen \u00e4r mycket viktigt. <\/span><\/span><span class=\"jCAhz ChMk0b\"><span class=\"ryNqvb\">I den m\u00e5ngsidiga Easton Essentials Pro Shop Tool Kit hittar du allt du beh\u00f6ver f\u00f6r allm\u00e4nt underh\u00e5ll av din v\u00e4rdefulla investering. <\/span><\/span><span class=\"jCAhz ChMk0b\"><span class=\"ryNqvb\">Tack vare den praktiska f\u00f6rvaringsl\u00e5dan kan du ta med den b\u00e5de till 3D-banan och in i skogen. <\/span><\/span><\/p>\n<p><span class=\"jCAhz\"><span class=\"ryNqvb\">Ing\u00e5r i paketet:<\/p>\n<p><\/span><\/span><span class=\"jCAhz ChMk0b\"><span class=\"ryNqvb\">XL och Small storlek insexnyckelset<br \/>\n<\/span><\/span>Verktyg f\u00f6r borttagning och installation av nock<br \/>\n<span class=\"jCAhz ChMk0b\"><span class=\"ryNqvb\">Pilh\u00e5llare<br \/>\n<\/span><\/span><span class=\"jCAhz ChMk0b\"><span class=\"ryNqvb\">Str\u00e4ngvax<br \/>\n<\/span><\/span><span class=\"jCAhz ChMk0b\"><span class=\"ryNqvb\">Fl\u00e4tningstr\u00e5d<br \/>\n<\/span><\/span><span class=\"jCAhz ChMk0b\"><span class=\"ryNqvb\">D-loop str\u00e4ng<br \/>\n<\/span><\/span><span class=\"jCAhz ChMk0b\"><span class=\"ryNqvb\">Installationsverktyg f\u00f6r jaktspetsar<br \/>\n<\/span><\/span><span class=\"jCAhz ChMk0b\"><span class=\"ryNqvb\">B\u00e5gkvadrat<br \/>\n<\/span><\/span><span class=\"jCAhz ChMk0b\"><span class=\"ryNqvb\">D-loop t\u00e5ng<br \/>\n<\/span><\/span><span class=\"jCAhz ChMk0b\"><span class=\"ryNqvb\">Arrow Prep Tool Kit med borstar f\u00f6r pilar<br \/>\n<\/span><\/span><span class=\"jCAhz ChMk0b\"><span class=\"ryNqvb\">F\u00f6rvaringsl\u00e5da med dragkedja<\/span><\/span><\/p>\n","protected":false},"excerpt":{"rendered":"<p>12-delars underh\u00e5llssats<\/p>\n","protected":false},"featured_media":275229,"comment_status":"open","ping_status":"closed","template":"","meta":[],"product_brand":[],"product_cat":[2633,2634,2631],"product_tag":[],"class_list":{"0":"post-285634","1":"product","2":"type-product","3":"status-publish","4":"has-post-thumbnail","6":"product_cat-diverse-bagskytte","7":"product_cat-sikten-nockpunkter-kindpussar-och-tillbehor","8":"product_cat-trimningsverktyg-bagskytte","10":"first","11":"instock","12":"taxable","13":"shipping-taxable","14":"purchasable","15":"product-type-simple"},"composite_virtual":false,"composite_layout":"","composite_add_to_cart_form_location":"","composite_editable_in_cart":false,"composite_sold_individually_context":"","composite_shop_price_calc":"","composite_components":[],"composite_scenarios":[],"group_of_quantity":0,"min_quantity":0,"max_quantity":"","exclude_order_quantity_value_rules":"no","exclude_category_quantity_rules":"no","combine_variations":"no","exclude_global_add_ons":[],"addons":[],"_links":{"self":[{"href":"https:\/\/www.huntersfriend.eu\/sv\/wp-json\/wp\/v2\/product\/285634","targetHints":{"allow":["GET"]}}],"collection":[{"href":"https:\/\/www.huntersfriend.eu\/sv\/wp-json\/wp\/v2\/product"}],"about":[{"href":"https:\/\/www.huntersfriend.eu\/sv\/wp-json\/wp\/v2\/types\/product"}],"replies":[{"embeddable":true,"href":"https:\/\/www.huntersfriend.eu\/sv\/wp-json\/wp\/v2\/comments?post=285634"}],"wp:featuredmedia":[{"embeddable":true,"href":"https:\/\/www.huntersfriend.eu\/sv\/wp-json\/wp\/v2\/media\/275229"}],"wp:attachment":[{"href":"https:\/\/www.huntersfriend.eu\/sv\/wp-json\/wp\/v2\/media?parent=285634"}],"wp:term":[{"taxonomy":"product_brand","embeddable":true,"href":"https:\/\/www.huntersfriend.eu\/sv\/wp-json\/wp\/v2\/product_brand?post=285634"},{"taxonomy":"product_cat","embeddable":true,"href":"https:\/\/www.huntersfriend.eu\/sv\/wp-json\/wp\/v2\/product_cat?post=285634"},{"taxonomy":"product_tag","embeddable":true,"href":"https:\/\/www.huntersfriend.eu\/sv\/wp-json\/wp\/v2\/product_tag?post=285634"}],"curies":[{"name":"wp","href":"https:\/\/api.w.org\/{rel}","templated":true}]}}