{"id":285630,"date":"2024-11-21T10:28:28","date_gmt":"2024-11-21T08:28:28","guid":{"rendered":"https:\/\/www.huntersfriend.eu\/product\/lapport-record-brocken-eckig-slipsten\/"},"modified":"2026-03-04T12:55:31","modified_gmt":"2026-03-04T10:55:31","slug":"lapport-record-brocken-eckig-slipsten","status":"publish","type":"product","link":"https:\/\/www.huntersfriend.eu\/sv\/produkt\/lapport-record-brocken-eckig-slipsten\/","title":{"rendered":"Lapport record-brocken eckig slipsten"},"content":{"rendered":"<p><span class=\"jCAhz ChMk0b\"><span class=\"ryNqvb\">Lapport Record-Brocken Eckig slipsten \u00e4r l\u00e4mplig f\u00f6r v\u00e5tslipning av alla eggvapen;<\/span><\/span> <span class=\"jCAhz ChMk0b\"><span class=\"ryNqvb\">liar, yxor, knivar, tr\u00e4dg\u00e5rdsredskap etc. Denna slipsten \u00e4r dubbelsidig; <\/span><\/span> <span class=\"jCAhz ChMk0b\"><span class=\"ryNqvb\">grov (100) och fin (280).<\/span><\/span><span class=\"jCAhz\"><span class=\"ryNqvb\">Slipstenarna \u00e4r 20 mm h\u00f6ga.<\/span><\/span> <span class=\"jCAhz ChMk0b\"><span class=\"ryNqvb\">finns i tv\u00e5 olika storlekar. <\/span><\/span><\/p>\n<p><span class=\"jCAhz ChMk0b\"><span class=\"ryNqvb\">Anv\u00e4ndning: med vatten &#8211; v\u00e5tslipning. <\/span><\/span><\/p>\n<p><span class=\"jCAhz ChMk0b\"><span class=\"ryNqvb\">Slipning: Detta inneb\u00e4r att man avl\u00e4gsnar material tills \u00f6nskad slipvinkel uppn\u00e5s. <\/span><\/span><span class=\"jCAhz ChMk0b\"><span class=\"ryNqvb\">Slipsidan \u00e4ndras f\u00f6rst n\u00e4r hela bladsidan har en r\u00e5egg. <\/span><\/span><\/p>\n<p><span class=\"jCAhz ChMk0b\"><span class=\"ryNqvb\">Slutlig honing: Detta g\u00f6rs med finare skivor\/stenar.<\/span><\/span><\/p>\n<p><span class=\"jCAhz ChMk0b\"><span class=\"ryNqvb\">Proceduren tar bort r\u00e5eggar och verktygsm\u00e4rken som l\u00e4mnats av tidigare anv\u00e4nda eller gr\u00f6vre stenar och ger bladet en j\u00e4mnare yta.<\/span><\/span><\/p>\n<p>Tv\u00e5 storlekar tillg\u00e4ngliga:<\/p>\n<p>100 x 50 mm, vikt 240 g<br \/>\n115 x 60 mm, vikt 320 g<\/p>\n","protected":false},"excerpt":{"rendered":"<p>Lapport Record-Brocken Eckig slipsten \u00e4r l\u00e4mplig f\u00f6r v\u00e5tslipning av alla eggvapen; liar, yxor, knivar, tr\u00e4dg\u00e5rdsredskap etc. Denna slipsten \u00e4r dubbelsidig; grov (100) och fin (280).Slipstenarna \u00e4r 20 mm h\u00f6ga. finns i tv\u00e5 olika storlekar. Anv\u00e4ndning: med vatten &#8211; v\u00e5tslipning. Slipning: Detta inneb\u00e4r att man avl\u00e4gsnar material tills \u00f6nskad slipvinkel uppn\u00e5s. Slipsidan \u00e4ndras f\u00f6rst n\u00e4r hela [&#8230;]\n","protected":false},"featured_media":274949,"comment_status":"open","ping_status":"closed","template":"","meta":[],"product_brand":[],"product_cat":[2610],"product_tag":[],"class_list":{"0":"post-285630","1":"product","2":"type-product","3":"status-publish","4":"has-post-thumbnail","6":"product_cat-knivar-yxor-och-slipar","8":"first","9":"instock","10":"taxable","11":"shipping-taxable","12":"purchasable","13":"product-type-variable"},"composite_virtual":false,"composite_layout":"","composite_add_to_cart_form_location":"","composite_editable_in_cart":false,"composite_sold_individually_context":"","composite_shop_price_calc":"","composite_components":[],"composite_scenarios":[],"group_of_quantity":0,"min_quantity":0,"max_quantity":"","exclude_order_quantity_value_rules":"no","exclude_category_quantity_rules":"no","combine_variations":"no","exclude_global_add_ons":[],"addons":[],"_links":{"self":[{"href":"https:\/\/www.huntersfriend.eu\/sv\/wp-json\/wp\/v2\/product\/285630","targetHints":{"allow":["GET"]}}],"collection":[{"href":"https:\/\/www.huntersfriend.eu\/sv\/wp-json\/wp\/v2\/product"}],"about":[{"href":"https:\/\/www.huntersfriend.eu\/sv\/wp-json\/wp\/v2\/types\/product"}],"replies":[{"embeddable":true,"href":"https:\/\/www.huntersfriend.eu\/sv\/wp-json\/wp\/v2\/comments?post=285630"}],"wp:featuredmedia":[{"embeddable":true,"href":"https:\/\/www.huntersfriend.eu\/sv\/wp-json\/wp\/v2\/media\/274949"}],"wp:attachment":[{"href":"https:\/\/www.huntersfriend.eu\/sv\/wp-json\/wp\/v2\/media?parent=285630"}],"wp:term":[{"taxonomy":"product_brand","embeddable":true,"href":"https:\/\/www.huntersfriend.eu\/sv\/wp-json\/wp\/v2\/product_brand?post=285630"},{"taxonomy":"product_cat","embeddable":true,"href":"https:\/\/www.huntersfriend.eu\/sv\/wp-json\/wp\/v2\/product_cat?post=285630"},{"taxonomy":"product_tag","embeddable":true,"href":"https:\/\/www.huntersfriend.eu\/sv\/wp-json\/wp\/v2\/product_tag?post=285630"}],"curies":[{"name":"wp","href":"https:\/\/api.w.org\/{rel}","templated":true}]}}