{"id":285629,"date":"2024-11-27T01:30:12","date_gmt":"2024-11-26T23:30:12","guid":{"rendered":"https:\/\/www.huntersfriend.eu\/product\/avalon-d-loop-tang\/"},"modified":"2025-08-26T10:45:35","modified_gmt":"2025-08-26T08:45:35","slug":"avalon-d-loop-tang","status":"publish","type":"product","link":"https:\/\/www.huntersfriend.eu\/sv\/produkt\/avalon-d-loop-tang\/","title":{"rendered":"Avalon d-loop t\u00e5ng"},"content":{"rendered":"<p>Bekv\u00e4mt grepphandtag f\u00f6r enkel anv\u00e4ndning &#8211; Skapar enkelt D-loopar i alla storlekar &#8211; Str\u00e4cker D-loopen s\u00e5 att den inte r\u00f6r sig &#8211; 3 sk\u00e5ror f\u00f6r att perfekt skapa en D-loop varje g\u00e5ng<\/p>\n","protected":false},"excerpt":{"rendered":"<p>Bekv\u00e4mt grepphandtag f\u00f6r enkel anv\u00e4ndning &#8211; Skapar enkelt D-loopar i alla storlekar &#8211; Str\u00e4cker D-loopen s\u00e5 att den inte r\u00f6r sig &#8211; 3 sk\u00e5ror f\u00f6r att perfekt skapa en D-loop varje g\u00e5ng<\/p>\n","protected":false},"featured_media":275233,"comment_status":"open","ping_status":"closed","template":"","meta":[],"product_brand":[],"product_cat":[2633,2634,2631],"product_tag":[],"class_list":{"0":"post-285629","1":"product","2":"type-product","3":"status-publish","4":"has-post-thumbnail","6":"product_cat-diverse-bagskytte","7":"product_cat-sikten-nockpunkter-kindpussar-och-tillbehor","8":"product_cat-trimningsverktyg-bagskytte","10":"first","11":"instock","12":"taxable","13":"shipping-taxable","14":"purchasable","15":"product-type-simple"},"composite_virtual":false,"composite_layout":"","composite_add_to_cart_form_location":"","composite_editable_in_cart":false,"composite_sold_individually_context":"","composite_shop_price_calc":"","composite_components":[],"composite_scenarios":[],"group_of_quantity":0,"min_quantity":0,"max_quantity":"","exclude_order_quantity_value_rules":"no","exclude_category_quantity_rules":"no","combine_variations":"no","exclude_global_add_ons":[],"addons":[],"_links":{"self":[{"href":"https:\/\/www.huntersfriend.eu\/sv\/wp-json\/wp\/v2\/product\/285629","targetHints":{"allow":["GET"]}}],"collection":[{"href":"https:\/\/www.huntersfriend.eu\/sv\/wp-json\/wp\/v2\/product"}],"about":[{"href":"https:\/\/www.huntersfriend.eu\/sv\/wp-json\/wp\/v2\/types\/product"}],"replies":[{"embeddable":true,"href":"https:\/\/www.huntersfriend.eu\/sv\/wp-json\/wp\/v2\/comments?post=285629"}],"wp:featuredmedia":[{"embeddable":true,"href":"https:\/\/www.huntersfriend.eu\/sv\/wp-json\/wp\/v2\/media\/275233"}],"wp:attachment":[{"href":"https:\/\/www.huntersfriend.eu\/sv\/wp-json\/wp\/v2\/media?parent=285629"}],"wp:term":[{"taxonomy":"product_brand","embeddable":true,"href":"https:\/\/www.huntersfriend.eu\/sv\/wp-json\/wp\/v2\/product_brand?post=285629"},{"taxonomy":"product_cat","embeddable":true,"href":"https:\/\/www.huntersfriend.eu\/sv\/wp-json\/wp\/v2\/product_cat?post=285629"},{"taxonomy":"product_tag","embeddable":true,"href":"https:\/\/www.huntersfriend.eu\/sv\/wp-json\/wp\/v2\/product_tag?post=285629"}],"curies":[{"name":"wp","href":"https:\/\/api.w.org\/{rel}","templated":true}]}}