{"id":285626,"date":"2024-11-21T10:10:45","date_gmt":"2024-11-21T08:10:45","guid":{"rendered":"https:\/\/www.huntersfriend.eu\/product\/nordforest-jakt-hund-sovunderlag\/"},"modified":"2026-02-25T10:37:35","modified_gmt":"2026-02-25T08:37:35","slug":"nordforest-jakt-hund-sovunderlag","status":"publish","type":"product","link":"https:\/\/www.huntersfriend.eu\/sv\/produkt\/nordforest-jakt-hund-sovunderlag\/","title":{"rendered":"Nordforest jakt hund sovunderlag"},"content":{"rendered":"<p><span class=\"jCAhz ChMk0b\"><span class=\"ryNqvb\">Nordforest Hunting sovunderlag f\u00f6r hundar erbjuder din fyrbenta v\u00e4n ett bekv\u00e4mt sovunderlag, som \u00e4r idealiskt f\u00f6r att vila och ladda batterierna efter en jakt eller en l\u00e5ng promenad.<\/span><\/span> <span class=\"jCAhz ChMk0b\"><span class=\"ryNqvb\">Filtens undersida \u00e4r gjord av extra mjuk fleece och \u00e4r mycket bekv\u00e4m tillsammans med den tjocka, fluffiga fyllningen.<\/span><\/span> <span class=\"jCAhz ChMk0b\"><span class=\"ryNqvb\">Tack vare den m\u00f6rka f\u00e4rgen syns eventuell smuts inte s\u00e5 snabbt och filten beh\u00e5ller sitt visuellt tilltalande utseende \u00e4ven efter frekvent anv\u00e4ndning. <\/span><\/span><span class=\"jCAhz ChMk0b\"><span class=\"ryNqvb\">Produkten kan tv\u00e4ttas i maskin (30 \u00b0C).<\/span><\/span> <span class=\"jCAhz ChMk0b\"><span class=\"ryNqvb\">Ingen strykning, torktumling, blekning eller kemtv\u00e4tt.<\/span><\/span> <span class=\"jCAhz\"><span class=\"ryNqvb\">Tillverkad i Portugal.<\/span><\/span> <span class=\"jCAhz\"><span class=\"ryNqvb\">Tjocklek ca 2,5 cm. <\/span><\/span><\/p>\n<p><span class=\"jCAhz ChMk0b\"><span class=\"ryNqvb\">Storleksalternativ: <\/span><\/span><\/p>\n<p><span class=\"jCAhz ChMk0b\"><span class=\"ryNqvb\">S-storlek: 50 x 75 cm, 228 g. <\/span><\/span><\/p>\n<p><span class=\"jCAhz ChMk0b\"><span class=\"ryNqvb\">M-storlek: 75 x 100 cm, 446 g.<\/span><\/span><\/p>\n","protected":false},"excerpt":{"rendered":"<p>Nordforest Hunting sovunderlag f\u00f6r hundar erbjuder din fyrbenta v\u00e4n ett bekv\u00e4mt sovunderlag, som \u00e4r idealiskt f\u00f6r att vila och ladda batterierna efter en jakt eller en l\u00e5ng promenad. Filtens undersida \u00e4r gjord av extra mjuk fleece och \u00e4r mycket bekv\u00e4m tillsammans med den tjocka, fluffiga fyllningen. Tack vare den m\u00f6rka f\u00e4rgen syns eventuell smuts inte [&#8230;]\n","protected":false},"featured_media":274935,"comment_status":"open","ping_status":"closed","template":"","meta":[],"product_brand":[],"product_cat":[2517],"product_tag":[],"class_list":{"0":"post-285626","1":"product","2":"type-product","3":"status-publish","4":"has-post-thumbnail","6":"product_cat-hundpersienner-vastar-och-diverse","8":"first","9":"instock","10":"taxable","11":"shipping-taxable","12":"purchasable","13":"product-type-variable"},"composite_virtual":false,"composite_layout":"","composite_add_to_cart_form_location":"","composite_editable_in_cart":false,"composite_sold_individually_context":"","composite_shop_price_calc":"","composite_components":[],"composite_scenarios":[],"group_of_quantity":0,"min_quantity":0,"max_quantity":"","exclude_order_quantity_value_rules":"no","exclude_category_quantity_rules":"no","combine_variations":"no","exclude_global_add_ons":[],"addons":[],"_links":{"self":[{"href":"https:\/\/www.huntersfriend.eu\/sv\/wp-json\/wp\/v2\/product\/285626","targetHints":{"allow":["GET"]}}],"collection":[{"href":"https:\/\/www.huntersfriend.eu\/sv\/wp-json\/wp\/v2\/product"}],"about":[{"href":"https:\/\/www.huntersfriend.eu\/sv\/wp-json\/wp\/v2\/types\/product"}],"replies":[{"embeddable":true,"href":"https:\/\/www.huntersfriend.eu\/sv\/wp-json\/wp\/v2\/comments?post=285626"}],"wp:featuredmedia":[{"embeddable":true,"href":"https:\/\/www.huntersfriend.eu\/sv\/wp-json\/wp\/v2\/media\/274935"}],"wp:attachment":[{"href":"https:\/\/www.huntersfriend.eu\/sv\/wp-json\/wp\/v2\/media?parent=285626"}],"wp:term":[{"taxonomy":"product_brand","embeddable":true,"href":"https:\/\/www.huntersfriend.eu\/sv\/wp-json\/wp\/v2\/product_brand?post=285626"},{"taxonomy":"product_cat","embeddable":true,"href":"https:\/\/www.huntersfriend.eu\/sv\/wp-json\/wp\/v2\/product_cat?post=285626"},{"taxonomy":"product_tag","embeddable":true,"href":"https:\/\/www.huntersfriend.eu\/sv\/wp-json\/wp\/v2\/product_tag?post=285626"}],"curies":[{"name":"wp","href":"https:\/\/api.w.org\/{rel}","templated":true}]}}