{"id":285623,"date":"2024-11-27T01:30:12","date_gmt":"2024-11-26T23:30:12","guid":{"rendered":"https:\/\/www.huntersfriend.eu\/product\/omp-bagskala\/"},"modified":"2025-08-26T10:45:31","modified_gmt":"2025-08-26T08:45:31","slug":"omp-bagskala","status":"publish","type":"product","link":"https:\/\/www.huntersfriend.eu\/sv\/produkt\/omp-bagskala\/","title":{"rendered":"OMP-b\u00e5gskala"},"content":{"rendered":"<p>Viktkapacitet p\u00e5 500 lb \u2013 Dubbla anv\u00e4ndningsomr\u00e5den som b\u00e5g- och viltv\u00e5g \u2013 Ber\u00e4kna toppvikt och h\u00e5llvikt \u2013 Karbinhake i rostfritt st\u00e5l med fj\u00e4dergrind \u2013 S-krok \u2013 Tv\u00e5 AAA-batterier ing\u00e5r \u2013 LED-belyst display <\/p>\n","protected":false},"excerpt":{"rendered":"<p>Viktkapacitet p\u00e5 500 lb \u2013 Dubbla anv\u00e4ndningsomr\u00e5den som b\u00e5g- och viltv\u00e5g \u2013 Ber\u00e4kna toppvikt och h\u00e5llvikt \u2013 Karbinhake i rostfritt st\u00e5l med fj\u00e4dergrind \u2013 S-krok \u2013 Tv\u00e5 AAA-batterier ing\u00e5r \u2013 LED-belyst display<\/p>\n","protected":false},"featured_media":275237,"comment_status":"open","ping_status":"closed","template":"","meta":[],"product_brand":[],"product_cat":[2631,2632],"product_tag":[],"class_list":{"0":"post-285623","1":"product","2":"type-product","3":"status-publish","4":"has-post-thumbnail","6":"product_cat-trimningsverktyg-bagskytte","7":"product_cat-vagar-och-kronografer","9":"first","10":"instock","11":"taxable","12":"shipping-taxable","13":"purchasable","14":"product-type-simple"},"composite_virtual":false,"composite_layout":"","composite_add_to_cart_form_location":"","composite_editable_in_cart":false,"composite_sold_individually_context":"","composite_shop_price_calc":"","composite_components":[],"composite_scenarios":[],"group_of_quantity":0,"min_quantity":0,"max_quantity":"","exclude_order_quantity_value_rules":"no","exclude_category_quantity_rules":"no","combine_variations":"no","exclude_global_add_ons":[],"addons":[],"_links":{"self":[{"href":"https:\/\/www.huntersfriend.eu\/sv\/wp-json\/wp\/v2\/product\/285623","targetHints":{"allow":["GET"]}}],"collection":[{"href":"https:\/\/www.huntersfriend.eu\/sv\/wp-json\/wp\/v2\/product"}],"about":[{"href":"https:\/\/www.huntersfriend.eu\/sv\/wp-json\/wp\/v2\/types\/product"}],"replies":[{"embeddable":true,"href":"https:\/\/www.huntersfriend.eu\/sv\/wp-json\/wp\/v2\/comments?post=285623"}],"wp:featuredmedia":[{"embeddable":true,"href":"https:\/\/www.huntersfriend.eu\/sv\/wp-json\/wp\/v2\/media\/275237"}],"wp:attachment":[{"href":"https:\/\/www.huntersfriend.eu\/sv\/wp-json\/wp\/v2\/media?parent=285623"}],"wp:term":[{"taxonomy":"product_brand","embeddable":true,"href":"https:\/\/www.huntersfriend.eu\/sv\/wp-json\/wp\/v2\/product_brand?post=285623"},{"taxonomy":"product_cat","embeddable":true,"href":"https:\/\/www.huntersfriend.eu\/sv\/wp-json\/wp\/v2\/product_cat?post=285623"},{"taxonomy":"product_tag","embeddable":true,"href":"https:\/\/www.huntersfriend.eu\/sv\/wp-json\/wp\/v2\/product_tag?post=285623"}],"curies":[{"name":"wp","href":"https:\/\/api.w.org\/{rel}","templated":true}]}}