{"id":285622,"date":"2024-11-21T10:04:14","date_gmt":"2024-11-21T08:04:14","guid":{"rendered":"https:\/\/www.huntersfriend.eu\/product\/hunter-matbricka\/"},"modified":"2026-02-25T10:37:35","modified_gmt":"2026-02-25T08:37:35","slug":"hunter-matbricka","status":"publish","type":"product","link":"https:\/\/www.huntersfriend.eu\/sv\/produkt\/hunter-matbricka\/","title":{"rendered":"Hunter matbricka"},"content":{"rendered":"<p><span class=\"jCAhz ChMk0b\"><span class=\"ryNqvb\">Hunter-matbrickan f\u00f6r hundar med upph\u00f6jda kanter s\u00e4kerst\u00e4ller att mat och v\u00e4tskor inte hamnar p\u00e5 golvet n\u00e4r du matar ditt husdjur.<\/span><\/span> <span class=\"jCAhz ChMk0b\"><span class=\"ryNqvb\">Silikonbrickan med halkskydd \u00e4r mycket l\u00e4tt att reng\u00f6ra och kan \u00e4ven diskas i diskmaskin om det beh\u00f6vs. <\/span><\/span><\/p>\n<p><span class=\"jCAhz ChMk0b\"><span class=\"ryNqvb\">Storleksalternativ: <\/span><\/span><\/p>\n<p><span class=\"jCAhz ChMk0b\"><span class=\"ryNqvb\">S-storlek: 48 x 30 cm, 312 g, f\u00e4rg antracit. <\/span><\/span><\/p>\n<p><span class=\"jCAhz ChMk0b\"><span class=\"ryNqvb\">M-storlek: 60 x 40 cm, 510 g, f\u00e4rg antracit.<\/span><\/span><\/p>\n","protected":false},"excerpt":{"rendered":"<p>Hunter-matbrickan f\u00f6r hundar med upph\u00f6jda kanter s\u00e4kerst\u00e4ller att mat och v\u00e4tskor inte hamnar p\u00e5 golvet n\u00e4r du matar ditt husdjur. Silikonbrickan med halkskydd \u00e4r mycket l\u00e4tt att reng\u00f6ra och kan \u00e4ven diskas i diskmaskin om det beh\u00f6vs. Storleksalternativ: S-storlek: 48 x 30 cm, 312 g, f\u00e4rg antracit. M-storlek: 60 x 40 cm, 510 g, f\u00e4rg [&#8230;]\n","protected":false},"featured_media":274925,"comment_status":"open","ping_status":"closed","template":"","meta":[],"product_brand":[],"product_cat":[2517],"product_tag":[],"class_list":{"0":"post-285622","1":"product","2":"type-product","3":"status-publish","4":"has-post-thumbnail","6":"product_cat-hundpersienner-vastar-och-diverse","8":"first","9":"instock","10":"taxable","11":"shipping-taxable","12":"purchasable","13":"product-type-variable"},"composite_virtual":false,"composite_layout":"","composite_add_to_cart_form_location":"","composite_editable_in_cart":false,"composite_sold_individually_context":"","composite_shop_price_calc":"","composite_components":[],"composite_scenarios":[],"group_of_quantity":0,"min_quantity":0,"max_quantity":"","exclude_order_quantity_value_rules":"no","exclude_category_quantity_rules":"no","combine_variations":"no","exclude_global_add_ons":[],"addons":[],"_links":{"self":[{"href":"https:\/\/www.huntersfriend.eu\/sv\/wp-json\/wp\/v2\/product\/285622","targetHints":{"allow":["GET"]}}],"collection":[{"href":"https:\/\/www.huntersfriend.eu\/sv\/wp-json\/wp\/v2\/product"}],"about":[{"href":"https:\/\/www.huntersfriend.eu\/sv\/wp-json\/wp\/v2\/types\/product"}],"replies":[{"embeddable":true,"href":"https:\/\/www.huntersfriend.eu\/sv\/wp-json\/wp\/v2\/comments?post=285622"}],"wp:featuredmedia":[{"embeddable":true,"href":"https:\/\/www.huntersfriend.eu\/sv\/wp-json\/wp\/v2\/media\/274925"}],"wp:attachment":[{"href":"https:\/\/www.huntersfriend.eu\/sv\/wp-json\/wp\/v2\/media?parent=285622"}],"wp:term":[{"taxonomy":"product_brand","embeddable":true,"href":"https:\/\/www.huntersfriend.eu\/sv\/wp-json\/wp\/v2\/product_brand?post=285622"},{"taxonomy":"product_cat","embeddable":true,"href":"https:\/\/www.huntersfriend.eu\/sv\/wp-json\/wp\/v2\/product_cat?post=285622"},{"taxonomy":"product_tag","embeddable":true,"href":"https:\/\/www.huntersfriend.eu\/sv\/wp-json\/wp\/v2\/product_tag?post=285622"}],"curies":[{"name":"wp","href":"https:\/\/api.w.org\/{rel}","templated":true}]}}