{"id":285619,"date":"2025-04-02T15:04:16","date_gmt":"2025-04-02T13:04:16","guid":{"rendered":"https:\/\/www.huntersfriend.eu\/product\/lucky-xhdi-spinnare\/"},"modified":"2025-08-26T10:32:08","modified_gmt":"2025-08-26T08:32:08","slug":"lucky-xhdi-spinnare","status":"publish","type":"product","link":"https:\/\/www.huntersfriend.eu\/sv\/produkt\/lucky-xhdi-spinnare\/","title":{"rendered":"Lucky XHDi-spinnare"},"content":{"rendered":"<p>Lucky Duck\u00ae XHDi l\u00f6ser ett l\u00e5ngvarigt problem f\u00f6r vattenf\u00e5gelj\u00e4gare: Vingarna stannar med den vita sidan ned\u00e5t. Inga fler gl\u00e4nsande vita vingar som skr\u00e4mmer f\u00e5glarna. F\u00f6r b\u00e5de and- och g\u00e5sj\u00e4gare ser vingstoppartekniken, som \u00e4r fj\u00e4rrstyrd, till att din flock ser s\u00e5 naturlig ut som m\u00f6jligt n\u00e4r du beh\u00f6ver spinnare f\u00f6r \u00e4nder, men ger dig ocks\u00e5 m\u00f6jligheten att st\u00e4nga av dem n\u00e4r g\u00e4ss \u00e4r p\u00e5 v\u00e4g in.  <\/p>\n<p>XHDi \u00e4r en helt vattent\u00e4t gr\u00e4sandspinnare som drivs av ett 7,4-volts litiumjonbatteri och anv\u00e4nder v\u00e5rt nya 3-kanals HD Remote Kit 2.0. Men XHDi g\u00e5r l\u00e4ngre \u00e4n ny intern teknik; den har en ny realistisk EVA-snideri och f\u00e4rgs\u00e4ttning. XHDi har ocks\u00e5 en ny, mer realistisk vingform med flockade svarta vingar f\u00f6r minskad bl\u00e4ndning och \u00f6kad kontrast, samtidigt som den anv\u00e4nder samma magnetiska vinganslutningssystem som din Lucky Junior, HD och HDi s\u00e5 att du kan mixa och matcha vingar efter eget tycke. Viss utrustning \u00e4r l\u00e4tt att gl\u00f6mma, men vad du \u00e4n g\u00f6r, gl\u00f6m inte Lucky\u2019s.   <\/p>\n","protected":false},"excerpt":{"rendered":"<p>Lucky Duck\u00ae XHDi l\u00f6ser ett l\u00e5ngvarigt problem f\u00f6r vattenf\u00e5gelj\u00e4gare: Vingarna stannar med den vita sidan ned\u00e5t. Inga fler gl\u00e4nsande vita vingar som skr\u00e4mmer f\u00e5glarna. F\u00f6r b\u00e5de and- och g\u00e5sj\u00e4gare ser vingstoppartekniken, som \u00e4r fj\u00e4rrstyrd, till att din flock ser s\u00e5 naturlig ut som m\u00f6jligt n\u00e4r du beh\u00f6ver spinnare f\u00f6r \u00e4nder, men ger dig ocks\u00e5 m\u00f6jligheten [&#8230;]\n","protected":false},"featured_media":278077,"comment_status":"open","ping_status":"closed","template":"","meta":[],"product_brand":[],"product_cat":[2528],"product_tag":[],"class_list":{"0":"post-285619","1":"product","2":"type-product","3":"status-publish","4":"has-post-thumbnail","6":"product_cat-rorliga-lockfaglar","8":"first","9":"instock","10":"taxable","11":"shipping-taxable","12":"purchasable","13":"product-type-simple"},"composite_virtual":false,"composite_layout":"","composite_add_to_cart_form_location":"","composite_editable_in_cart":false,"composite_sold_individually_context":"","composite_shop_price_calc":"","composite_components":[],"composite_scenarios":[],"group_of_quantity":0,"min_quantity":0,"max_quantity":"","exclude_order_quantity_value_rules":"no","exclude_category_quantity_rules":"no","combine_variations":"no","exclude_global_add_ons":[],"addons":[],"_links":{"self":[{"href":"https:\/\/www.huntersfriend.eu\/sv\/wp-json\/wp\/v2\/product\/285619","targetHints":{"allow":["GET"]}}],"collection":[{"href":"https:\/\/www.huntersfriend.eu\/sv\/wp-json\/wp\/v2\/product"}],"about":[{"href":"https:\/\/www.huntersfriend.eu\/sv\/wp-json\/wp\/v2\/types\/product"}],"replies":[{"embeddable":true,"href":"https:\/\/www.huntersfriend.eu\/sv\/wp-json\/wp\/v2\/comments?post=285619"}],"wp:featuredmedia":[{"embeddable":true,"href":"https:\/\/www.huntersfriend.eu\/sv\/wp-json\/wp\/v2\/media\/278077"}],"wp:attachment":[{"href":"https:\/\/www.huntersfriend.eu\/sv\/wp-json\/wp\/v2\/media?parent=285619"}],"wp:term":[{"taxonomy":"product_brand","embeddable":true,"href":"https:\/\/www.huntersfriend.eu\/sv\/wp-json\/wp\/v2\/product_brand?post=285619"},{"taxonomy":"product_cat","embeddable":true,"href":"https:\/\/www.huntersfriend.eu\/sv\/wp-json\/wp\/v2\/product_cat?post=285619"},{"taxonomy":"product_tag","embeddable":true,"href":"https:\/\/www.huntersfriend.eu\/sv\/wp-json\/wp\/v2\/product_tag?post=285619"}],"curies":[{"name":"wp","href":"https:\/\/api.w.org\/{rel}","templated":true}]}}