{"id":285618,"date":"2025-04-02T14:55:13","date_gmt":"2025-04-02T12:55:13","guid":{"rendered":"https:\/\/www.huntersfriend.eu\/product\/boss-buck-svin-shine-foderljus\/"},"modified":"2025-08-26T10:32:07","modified_gmt":"2025-08-26T08:32:07","slug":"boss-buck-svin-shine-foderljus","status":"publish","type":"product","link":"https:\/\/www.huntersfriend.eu\/sv\/produkt\/boss-buck-svin-shine-foderljus\/","title":{"rendered":"Boss Buck svin shine foderljus"},"content":{"rendered":"<p class=\"\" data-start=\"0\" data-end=\"149\">Boss Buck Swine Shine-foderljuset \u00e4r enkelt att anv\u00e4nda och lyser effektivt upp foderomr\u00e5det. Det \u00e4r idealiskt f\u00f6r j\u00e4gare av tv\u00e4ttbj\u00f6rnar och vildsvin. <\/p>\n<p class=\"\" data-start=\"151\" data-end=\"453\">Boss Buck Swine Shine-foderljuset anv\u00e4nder 36 gr\u00f6na LED-lampor f\u00f6r belysning. Det har en 360-graders PIR-r\u00f6relsesensor, vilket inneb\u00e4r att n\u00e4r enheten uppt\u00e4cker r\u00f6relse t\u00e4nds ljuset och f\u00f6rblir t\u00e4nt i 180 sekunder. Ljusintensiteten kan justeras mellan 100 % (h\u00f6g), 60 % (medium) eller 30 % (l\u00e5g).  <\/p>\n<p class=\"\" data-start=\"455\" data-end=\"699\">Boss Buck Swine Shine-foderljuset fungerar i temperaturer fr\u00e5n -20 till 60 grader Celsius. Den v\u00e4derbest\u00e4ndiga belysningsenheten kan monteras p\u00e5 olika s\u00e4tt n\u00e4ra foderomr\u00e5det. Den drivs med \u00e5tta AA alkaliska batterier (ing\u00e5r ej).  <\/p>\n<p class=\"\" data-start=\"701\" data-end=\"714\"><strong data-start=\"701\" data-end=\"714\">I korthet:<\/strong><\/p>\n<ul data-start=\"715\" data-end=\"993\" data-is-last-node=\"\" data-is-only-node=\"\">\n<li class=\"\" data-start=\"715\" data-end=\"735\">\n<p class=\"\" data-start=\"717\" data-end=\"735\">36 gr\u00f6na LED-enheter<\/p>\n<\/li>\n<li class=\"\" data-start=\"736\" data-end=\"801\">\n<p class=\"\" data-start=\"738\" data-end=\"801\">Ljusintensitetsniv\u00e5er: 100 % (h\u00f6g), 60 % (medium) eller 30 % (l\u00e5g)<\/p>\n<\/li>\n<li class=\"\" data-start=\"802\" data-end=\"859\">\n<p class=\"\" data-start=\"804\" data-end=\"859\">Lyser i 180 sekunder efter att r\u00f6relse har uppt\u00e4ckts<\/p>\n<\/li>\n<li class=\"\" data-start=\"860\" data-end=\"874\">\n<p class=\"\" data-start=\"862\" data-end=\"874\">V\u00e4derbest\u00e4ndig<\/p>\n<\/li>\n<li class=\"\" data-start=\"875\" data-end=\"911\">\n<p class=\"\" data-start=\"877\" data-end=\"911\">Drifttemperatur: -20 till 60 \u00b0C<\/p>\n<\/li>\n<li class=\"\" data-start=\"912\" data-end=\"940\">\n<p class=\"\" data-start=\"914\" data-end=\"940\">Monteringsdetaljer ing\u00e5r<\/p>\n<\/li>\n<li class=\"\" data-start=\"941\" data-end=\"993\">\n<p class=\"\" data-start=\"943\" data-end=\"993\">Drivs med \u00e5tta AA alkaliska batterier (ing\u00e5r ej)<\/p>\n<\/li>\n<\/ul>\n","protected":false},"excerpt":{"rendered":"<p>Boss Buck Swine Shine-foderljuset \u00e4r enkelt att anv\u00e4nda och lyser effektivt upp foderomr\u00e5det. Det \u00e4r idealiskt f\u00f6r j\u00e4gare av tv\u00e4ttbj\u00f6rnar och vildsvin. Boss Buck Swine Shine-foderljuset anv\u00e4nder 36 gr\u00f6na LED-lampor f\u00f6r belysning. Det har en 360-graders PIR-r\u00f6relsesensor, vilket inneb\u00e4r att n\u00e4r enheten uppt\u00e4cker r\u00f6relse t\u00e4nds ljuset och f\u00f6rblir t\u00e4nt i 180 sekunder. Ljusintensiteten kan justeras [&#8230;]\n","protected":false},"featured_media":278003,"comment_status":"open","ping_status":"closed","template":"","meta":[],"product_brand":[],"product_cat":[878],"product_tag":[],"class_list":{"0":"post-285618","1":"product","2":"type-product","3":"status-publish","4":"has-post-thumbnail","6":"product_cat-uncategorized-sv","8":"first","9":"outofstock","10":"taxable","11":"shipping-taxable","12":"purchasable","13":"product-type-simple"},"composite_virtual":false,"composite_layout":"","composite_add_to_cart_form_location":"","composite_editable_in_cart":false,"composite_sold_individually_context":"","composite_shop_price_calc":"","composite_components":[],"composite_scenarios":[],"group_of_quantity":0,"min_quantity":0,"max_quantity":"","exclude_order_quantity_value_rules":"no","exclude_category_quantity_rules":"no","combine_variations":"no","exclude_global_add_ons":[],"addons":[],"_links":{"self":[{"href":"https:\/\/www.huntersfriend.eu\/sv\/wp-json\/wp\/v2\/product\/285618","targetHints":{"allow":["GET"]}}],"collection":[{"href":"https:\/\/www.huntersfriend.eu\/sv\/wp-json\/wp\/v2\/product"}],"about":[{"href":"https:\/\/www.huntersfriend.eu\/sv\/wp-json\/wp\/v2\/types\/product"}],"replies":[{"embeddable":true,"href":"https:\/\/www.huntersfriend.eu\/sv\/wp-json\/wp\/v2\/comments?post=285618"}],"wp:featuredmedia":[{"embeddable":true,"href":"https:\/\/www.huntersfriend.eu\/sv\/wp-json\/wp\/v2\/media\/278003"}],"wp:attachment":[{"href":"https:\/\/www.huntersfriend.eu\/sv\/wp-json\/wp\/v2\/media?parent=285618"}],"wp:term":[{"taxonomy":"product_brand","embeddable":true,"href":"https:\/\/www.huntersfriend.eu\/sv\/wp-json\/wp\/v2\/product_brand?post=285618"},{"taxonomy":"product_cat","embeddable":true,"href":"https:\/\/www.huntersfriend.eu\/sv\/wp-json\/wp\/v2\/product_cat?post=285618"},{"taxonomy":"product_tag","embeddable":true,"href":"https:\/\/www.huntersfriend.eu\/sv\/wp-json\/wp\/v2\/product_tag?post=285618"}],"curies":[{"name":"wp","href":"https:\/\/api.w.org\/{rel}","templated":true}]}}