{"id":285615,"date":"2025-04-02T13:27:31","date_gmt":"2025-04-02T11:27:31","guid":{"rendered":"https:\/\/www.huntersfriend.eu\/product\/ammopal-12-gauge-hagelgevarsdispenser\/"},"modified":"2025-08-26T10:32:04","modified_gmt":"2025-08-26T08:32:04","slug":"ammopal-12-gauge-hagelgevarsdispenser","status":"publish","type":"product","link":"https:\/\/www.huntersfriend.eu\/sv\/produkt\/ammopal-12-gauge-hagelgevarsdispenser\/","title":{"rendered":"AMMOPAL \u2013 12 Gauge hagelgev\u00e4rsdispenser"},"content":{"rendered":"<ul>\n<li>Patents\u00f6kta fj\u00e4drar h\u00e5ller patronerna s\u00e4kra (\u00e4ven upp och ner) och b\u00f6js f\u00f6r att frig\u00f6ra en patron n\u00e4r du beh\u00f6ver det.<\/li>\n<li>Tillverkad av slagt\u00e5lig Geon PVC: UV-best\u00e4ndig, oljebest\u00e4ndig, flamskyddad f\u00f6r att t\u00e5la praktiskt taget allt du uts\u00e4tter den f\u00f6r.<\/li>\n<li>Ambidextri\u00f6s design m\u00f6jligg\u00f6r anv\u00e4ndning med b\u00e5de h\u00f6ger och v\u00e4nster hand.<\/li>\n<li>Stor tumgreppsyta m\u00f6jligg\u00f6r anv\u00e4ndning med handskar.<\/li>\n<li>H\u00e5llbar fj\u00e4der tillverkad av samma material som anv\u00e4nds i USGI-gev\u00e4rsmagasin.<\/li>\n<li>Avtagbar bottenplatta med dr\u00e4neringssp\u00e5r ger enkel \u00e5tkomst till fj\u00e4der och f\u00f6ljare f\u00f6r reng\u00f6ring och underh\u00e5ll.<\/li>\n<li>Exklusivt, justerbart monteringssystem med tv\u00e5 upps\u00e4ttningar dubbla monteringskl\u00e4mmor (1 l\u00e5ng; 1 kort) och kan anv\u00e4ndas tillsammans eller oberoende av varandra. Kl\u00e4mmorna \u00e4r avtagbara och kan justeras i \u00f6ver ett dussin konfigurationer f\u00f6r att monteras n\u00e4stan var som helst <\/li>\n<li>Finns i FDE och svart<\/li>\n<\/ul>\n","protected":false},"excerpt":{"rendered":"<p>Patents\u00f6kta fj\u00e4drar h\u00e5ller patronerna s\u00e4kra (\u00e4ven upp och ner) och b\u00f6js f\u00f6r att frig\u00f6ra en patron n\u00e4r du beh\u00f6ver det. Tillverkad av slagt\u00e5lig Geon PVC: UV-best\u00e4ndig, oljebest\u00e4ndig, flamskyddad f\u00f6r att t\u00e5la praktiskt taget allt du uts\u00e4tter den f\u00f6r. Ambidextri\u00f6s design m\u00f6jligg\u00f6r anv\u00e4ndning med b\u00e5de h\u00f6ger och v\u00e4nster hand. Stor tumgreppsyta m\u00f6jligg\u00f6r anv\u00e4ndning med handskar. H\u00e5llbar [&#8230;]\n","protected":false},"featured_media":277967,"comment_status":"open","ping_status":"closed","template":"","meta":[],"product_brand":[],"product_cat":[2624,2564,2627],"product_tag":[],"class_list":{"0":"post-285615","1":"product","2":"type-product","3":"status-publish","4":"has-post-thumbnail","6":"product_cat-jakt-och-malskyttetillbehor","7":"product_cat-remmar-tillbehor","8":"product_cat-verktygslador","10":"first","11":"instock","12":"taxable","13":"shipping-taxable","14":"purchasable","15":"product-type-variable"},"composite_virtual":false,"composite_layout":"","composite_add_to_cart_form_location":"","composite_editable_in_cart":false,"composite_sold_individually_context":"","composite_shop_price_calc":"","composite_components":[],"composite_scenarios":[],"group_of_quantity":0,"min_quantity":0,"max_quantity":"","exclude_order_quantity_value_rules":"no","exclude_category_quantity_rules":"no","combine_variations":"no","exclude_global_add_ons":[],"addons":[],"_links":{"self":[{"href":"https:\/\/www.huntersfriend.eu\/sv\/wp-json\/wp\/v2\/product\/285615","targetHints":{"allow":["GET"]}}],"collection":[{"href":"https:\/\/www.huntersfriend.eu\/sv\/wp-json\/wp\/v2\/product"}],"about":[{"href":"https:\/\/www.huntersfriend.eu\/sv\/wp-json\/wp\/v2\/types\/product"}],"replies":[{"embeddable":true,"href":"https:\/\/www.huntersfriend.eu\/sv\/wp-json\/wp\/v2\/comments?post=285615"}],"wp:featuredmedia":[{"embeddable":true,"href":"https:\/\/www.huntersfriend.eu\/sv\/wp-json\/wp\/v2\/media\/277967"}],"wp:attachment":[{"href":"https:\/\/www.huntersfriend.eu\/sv\/wp-json\/wp\/v2\/media?parent=285615"}],"wp:term":[{"taxonomy":"product_brand","embeddable":true,"href":"https:\/\/www.huntersfriend.eu\/sv\/wp-json\/wp\/v2\/product_brand?post=285615"},{"taxonomy":"product_cat","embeddable":true,"href":"https:\/\/www.huntersfriend.eu\/sv\/wp-json\/wp\/v2\/product_cat?post=285615"},{"taxonomy":"product_tag","embeddable":true,"href":"https:\/\/www.huntersfriend.eu\/sv\/wp-json\/wp\/v2\/product_tag?post=285615"}],"curies":[{"name":"wp","href":"https:\/\/api.w.org\/{rel}","templated":true}]}}