{"id":285612,"date":"2025-04-02T09:23:10","date_gmt":"2025-04-02T07:23:10","guid":{"rendered":"https:\/\/www.huntersfriend.eu\/product\/nemo-astro-isolerat-liggunderlag\/"},"modified":"2025-08-26T10:32:01","modified_gmt":"2025-08-26T08:32:01","slug":"nemo-astro-isolerat-liggunderlag","status":"publish","type":"product","link":"https:\/\/www.huntersfriend.eu\/sv\/produkt\/nemo-astro-isolerat-liggunderlag\/","title":{"rendered":"NEMO Astro isolerat liggunderlag"},"content":{"rendered":"<p class=\"\" data-start=\"0\" data-end=\"71\"><strong data-start=\"0\" data-end=\"71\">NEMO Astro\u2122 Insulated \u2013 Komfort och v\u00e4rme f\u00f6r camping under tre s\u00e4songer<\/strong><\/p>\n<p class=\"\" data-start=\"73\" data-end=\"320\">NEMO Astro\u2122 Insulated \u00e4r ett uppbl\u00e5sbart liggunderlag som kombinerar l\u00e4ttviktsdesign, utm\u00e4rkt isolering och anv\u00e4ndarkomfort. Dess design tar h\u00e4nsyn till campares behov och ger en p\u00e5litlig plattform f\u00f6r v\u00e5r-, sommar- och h\u00f6stresor. <\/p>\n<p class=\"\" data-start=\"322\" data-end=\"361\"><strong data-start=\"322\" data-end=\"361\">Tekniska specifikationer (Regular):<\/strong><\/p>\n<ul data-start=\"362\" data-end=\"601\">\n<li class=\"\" data-start=\"362\" data-end=\"391\">\n<p class=\"\" data-start=\"364\" data-end=\"391\"><strong data-start=\"364\" data-end=\"379\">M\u00e5tt:<\/strong> 183 x 51 cm<\/p>\n<\/li>\n<li class=\"\" data-start=\"392\" data-end=\"413\">\n<p class=\"\" data-start=\"394\" data-end=\"413\"><strong data-start=\"394\" data-end=\"408\">Tjocklek:<\/strong> 9 cm<\/p>\n<\/li>\n<li class=\"\" data-start=\"414\" data-end=\"433\">\n<p class=\"\" data-start=\"416\" data-end=\"433\"><strong data-start=\"416\" data-end=\"427\">Vikt:<\/strong> 690 g<\/p>\n<\/li>\n<li class=\"\" data-start=\"434\" data-end=\"463\">\n<p class=\"\" data-start=\"436\" data-end=\"463\"><strong data-start=\"436\" data-end=\"452\">Packstorlek:<\/strong> 22 x 11 cm<\/p>\n<\/li>\n<li class=\"\" data-start=\"464\" data-end=\"482\">\n<p class=\"\" data-start=\"466\" data-end=\"482\"><strong data-start=\"466\" data-end=\"478\">R-v\u00e4rde:<\/strong> 2,6<\/p>\n<\/li>\n<li class=\"\" data-start=\"483\" data-end=\"542\">\n<p class=\"\" data-start=\"485\" data-end=\"542\"><strong data-start=\"485\" data-end=\"498\">Material:<\/strong> 75D \u00e5tervunnen polyester, Bluesign\u00ae-certifierad<\/p>\n<\/li>\n<li class=\"\" data-start=\"543\" data-end=\"601\">\n<p class=\"\" data-start=\"545\" data-end=\"601\"><strong data-start=\"545\" data-end=\"560\">Isolering:<\/strong> PrimaLoft\u00ae 100% PCR syntetisk isolering<\/p>\n<\/li>\n<\/ul>\n<p class=\"\" data-start=\"603\" data-end=\"644\"><strong data-start=\"603\" data-end=\"644\">Tekniska specifikationer (Long Wide):<\/strong><\/p>\n<ul data-start=\"645\" data-end=\"929\">\n<li class=\"\" data-start=\"645\" data-end=\"674\">\n<p class=\"\" data-start=\"647\" data-end=\"674\"><strong data-start=\"647\" data-end=\"662\">M\u00e5tt:<\/strong> 193 x 64 cm<\/p>\n<\/li>\n<li class=\"\" data-start=\"675\" data-end=\"696\">\n<p class=\"\" data-start=\"677\" data-end=\"696\"><strong data-start=\"677\" data-end=\"691\">Tjocklek:<\/strong> 9 cm<\/p>\n<\/li>\n<li class=\"\" data-start=\"697\" data-end=\"716\">\n<p class=\"\" data-start=\"699\" data-end=\"716\"><strong data-start=\"699\" data-end=\"710\">Vikt:<\/strong> 850 g<\/p>\n<\/li>\n<li class=\"\" data-start=\"717\" data-end=\"746\">\n<p class=\"\" data-start=\"719\" data-end=\"746\"><strong data-start=\"719\" data-end=\"735\">Packstorlek:<\/strong> 22 x 12 cm<\/p>\n<\/li>\n<li class=\"\" data-start=\"747\" data-end=\"809\">\n<p class=\"\" data-start=\"749\" data-end=\"809\"><strong data-start=\"749\" data-end=\"761\">R-v\u00e4rde:<\/strong> 2,6 (l\u00e4mplig f\u00f6r anv\u00e4ndning under v\u00e5r, sommar och h\u00f6st)<\/p>\n<\/li>\n<li class=\"\" data-start=\"810\" data-end=\"870\">\n<p class=\"\" data-start=\"812\" data-end=\"870\"><strong data-start=\"812\" data-end=\"825\">Material:<\/strong> 75D \u00e5tervunnen polyester (Bluesign\u00ae-certifierad)<\/p>\n<\/li>\n<li class=\"\" data-start=\"871\" data-end=\"929\">\n<p class=\"\" data-start=\"873\" data-end=\"929\"><strong data-start=\"873\" data-end=\"888\">Isolering:<\/strong> PrimaLoft\u00ae 100% PCR syntetisk isolering<\/p>\n<\/li>\n<\/ul>\n<p class=\"\" data-start=\"931\" data-end=\"944\"><strong data-start=\"931\" data-end=\"944\">Funktioner:<\/strong><\/p>\n<ul data-start=\"945\" data-end=\"1629\">\n<li class=\"\" data-start=\"945\" data-end=\"1069\">\n<p class=\"\" data-start=\"947\" data-end=\"1069\"><strong data-start=\"947\" data-end=\"980\">Luftkanaler i tv\u00e4rsnitt:<\/strong> Ger en plan och st\u00f6djande bas, f\u00f6rhindrar att kanterna reser sig och \u00f6kar sovkomforten.<\/p>\n<\/li>\n<li class=\"\" data-start=\"1070\" data-end=\"1221\">\n<p class=\"\" data-start=\"1072\" data-end=\"1221\"><strong data-start=\"1072\" data-end=\"1107\">Pillow Baffle\u2122 \u2013 Pillow Pocket:<\/strong> Den upph\u00f6jda \u00e4nden f\u00f6rhindrar att kudden glider och lyfter huvudet n\u00e5got, vilket \u00f6kar stabiliteten och komforten.<\/p>\n<\/li>\n<li class=\"\" data-start=\"1222\" data-end=\"1375\">\n<p class=\"\" data-start=\"1224\" data-end=\"1375\"><strong data-start=\"1224\" data-end=\"1242\">Laylow\u2122-ventil:<\/strong> En l\u00e5gprofils, multifunktionell och mikrojusterbar ventil m\u00f6jligg\u00f6r exakt reglering av lufttrycket samt snabb uppbl\u00e5sning och t\u00f6mning.<\/p>\n<\/li>\n<li class=\"\" data-start=\"1376\" data-end=\"1497\">\n<p class=\"\" data-start=\"1378\" data-end=\"1497\"><strong data-start=\"1378\" data-end=\"1400\">Vortex\u2122-pumps\u00e4ck:<\/strong> Den medf\u00f6ljande pumps\u00e4cken m\u00f6jligg\u00f6r snabb och enkel uppbl\u00e5sning, vilket minskar fukt som tr\u00e4nger in i underlaget.<\/p>\n<\/li>\n<li class=\"\" data-start=\"1498\" data-end=\"1629\">\n<p class=\"\" data-start=\"1500\" data-end=\"1629\"><strong data-start=\"1500\" data-end=\"1521\">Slitstarkt material:<\/strong> Den 75D \u00e5tervunna polyestern \u00e4r tyst, bekv\u00e4m och erbjuder ett starkt skydd mot punkteringar och revor.<\/p>\n<\/li>\n<\/ul>\n<p class=\"\" data-start=\"1631\" data-end=\"1852\">NEMO Astro\u2122 Insulated liggunderlag \u00e4r designat f\u00f6r att ge komfort och v\u00e4rme f\u00f6r anv\u00e4ndning under tre s\u00e4songer. Dess l\u00e4tta och kompakta struktur g\u00f6r det till ett utm\u00e4rkt val f\u00f6r campare som v\u00e4rdes\u00e4tter b\u00e5de komfort och praktiska egenskaper. <\/p>\n","protected":false},"excerpt":{"rendered":"<p>NEMO Astro\u2122 Insulated \u2013 Komfort och v\u00e4rme f\u00f6r camping under tre s\u00e4songer NEMO Astro\u2122 Insulated \u00e4r ett uppbl\u00e5sbart liggunderlag som kombinerar l\u00e4ttviktsdesign, utm\u00e4rkt isolering och anv\u00e4ndarkomfort. Dess design tar h\u00e4nsyn till campares behov och ger en p\u00e5litlig plattform f\u00f6r v\u00e5r-, sommar- och h\u00f6stresor. Tekniska specifikationer (Regular): M\u00e5tt: 183 x 51 cm Tjocklek: 9 cm Vikt: [&#8230;]\n","protected":false},"featured_media":277824,"comment_status":"open","ping_status":"closed","template":"","meta":[],"product_brand":[],"product_cat":[2572],"product_tag":[],"class_list":{"0":"post-285612","1":"product","2":"type-product","3":"status-publish","4":"has-post-thumbnail","6":"product_cat-faltsangar-och-liggunderlag","8":"first","9":"instock","10":"taxable","11":"shipping-taxable","12":"purchasable","13":"product-type-variable"},"composite_virtual":false,"composite_layout":"","composite_add_to_cart_form_location":"","composite_editable_in_cart":false,"composite_sold_individually_context":"","composite_shop_price_calc":"","composite_components":[],"composite_scenarios":[],"group_of_quantity":0,"min_quantity":0,"max_quantity":"","exclude_order_quantity_value_rules":"no","exclude_category_quantity_rules":"no","combine_variations":"no","exclude_global_add_ons":[],"addons":[],"_links":{"self":[{"href":"https:\/\/www.huntersfriend.eu\/sv\/wp-json\/wp\/v2\/product\/285612","targetHints":{"allow":["GET"]}}],"collection":[{"href":"https:\/\/www.huntersfriend.eu\/sv\/wp-json\/wp\/v2\/product"}],"about":[{"href":"https:\/\/www.huntersfriend.eu\/sv\/wp-json\/wp\/v2\/types\/product"}],"replies":[{"embeddable":true,"href":"https:\/\/www.huntersfriend.eu\/sv\/wp-json\/wp\/v2\/comments?post=285612"}],"wp:featuredmedia":[{"embeddable":true,"href":"https:\/\/www.huntersfriend.eu\/sv\/wp-json\/wp\/v2\/media\/277824"}],"wp:attachment":[{"href":"https:\/\/www.huntersfriend.eu\/sv\/wp-json\/wp\/v2\/media?parent=285612"}],"wp:term":[{"taxonomy":"product_brand","embeddable":true,"href":"https:\/\/www.huntersfriend.eu\/sv\/wp-json\/wp\/v2\/product_brand?post=285612"},{"taxonomy":"product_cat","embeddable":true,"href":"https:\/\/www.huntersfriend.eu\/sv\/wp-json\/wp\/v2\/product_cat?post=285612"},{"taxonomy":"product_tag","embeddable":true,"href":"https:\/\/www.huntersfriend.eu\/sv\/wp-json\/wp\/v2\/product_tag?post=285612"}],"curies":[{"name":"wp","href":"https:\/\/api.w.org\/{rel}","templated":true}]}}