{"id":285611,"date":"2025-03-20T13:13:46","date_gmt":"2025-03-20T11:13:46","guid":{"rendered":"https:\/\/www.huntersfriend.eu\/product\/hunters-specialties-hagelpatronbalte\/"},"modified":"2025-08-26T10:32:00","modified_gmt":"2025-08-26T08:32:00","slug":"hunters-specialties-hagelpatronbalte","status":"publish","type":"product","link":"https:\/\/www.huntersfriend.eu\/sv\/produkt\/hunters-specialties-hagelpatronbalte\/","title":{"rendered":"Hunter&#8217;s specialties hagelpatronb\u00e4lte"},"content":{"rendered":"<p>Detta justerbara midjeb\u00e4lte ger enkel \u00e5tkomst till din ammunition. Det rymmer upp till 25 hagelpatroner. Ett utm\u00e4rkt tillskott till din jaktutrustning.  <\/p>\n","protected":false},"excerpt":{"rendered":"<p>Detta justerbara midjeb\u00e4lte ger enkel \u00e5tkomst till din ammunition. Det rymmer upp till 25 hagelpatroner. Ett utm\u00e4rkt tillskott till din jaktutrustning.<\/p>\n","protected":false},"featured_media":278230,"comment_status":"open","ping_status":"closed","template":"","meta":[],"product_brand":[],"product_cat":[2623,2624,2569,2564],"product_tag":[],"class_list":{"0":"post-285611","1":"product","2":"type-product","3":"status-publish","4":"has-post-thumbnail","6":"product_cat-forvaringstillbehor","7":"product_cat-jakt-och-malskyttetillbehor","8":"product_cat-mjuka-fodral","9":"product_cat-remmar-tillbehor","11":"first","12":"outofstock","13":"taxable","14":"shipping-taxable","15":"purchasable","16":"product-type-simple"},"composite_virtual":false,"composite_layout":"","composite_add_to_cart_form_location":"","composite_editable_in_cart":false,"composite_sold_individually_context":"","composite_shop_price_calc":"","composite_components":[],"composite_scenarios":[],"group_of_quantity":0,"min_quantity":0,"max_quantity":"","exclude_order_quantity_value_rules":"no","exclude_category_quantity_rules":"no","combine_variations":"no","exclude_global_add_ons":[],"addons":[],"_links":{"self":[{"href":"https:\/\/www.huntersfriend.eu\/sv\/wp-json\/wp\/v2\/product\/285611","targetHints":{"allow":["GET"]}}],"collection":[{"href":"https:\/\/www.huntersfriend.eu\/sv\/wp-json\/wp\/v2\/product"}],"about":[{"href":"https:\/\/www.huntersfriend.eu\/sv\/wp-json\/wp\/v2\/types\/product"}],"replies":[{"embeddable":true,"href":"https:\/\/www.huntersfriend.eu\/sv\/wp-json\/wp\/v2\/comments?post=285611"}],"wp:featuredmedia":[{"embeddable":true,"href":"https:\/\/www.huntersfriend.eu\/sv\/wp-json\/wp\/v2\/media\/278230"}],"wp:attachment":[{"href":"https:\/\/www.huntersfriend.eu\/sv\/wp-json\/wp\/v2\/media?parent=285611"}],"wp:term":[{"taxonomy":"product_brand","embeddable":true,"href":"https:\/\/www.huntersfriend.eu\/sv\/wp-json\/wp\/v2\/product_brand?post=285611"},{"taxonomy":"product_cat","embeddable":true,"href":"https:\/\/www.huntersfriend.eu\/sv\/wp-json\/wp\/v2\/product_cat?post=285611"},{"taxonomy":"product_tag","embeddable":true,"href":"https:\/\/www.huntersfriend.eu\/sv\/wp-json\/wp\/v2\/product_tag?post=285611"}],"curies":[{"name":"wp","href":"https:\/\/api.w.org\/{rel}","templated":true}]}}