{"id":285606,"date":"2025-04-02T09:10:16","date_gmt":"2025-04-02T07:10:16","guid":{"rendered":"https:\/\/www.huntersfriend.eu\/product\/nemo-tensor-extremt-underlag-for-somn\/"},"modified":"2025-08-26T10:31:59","modified_gmt":"2025-08-26T08:31:59","slug":"nemo-tensor-extremt-underlag-for-somn","status":"publish","type":"product","link":"https:\/\/www.huntersfriend.eu\/sv\/produkt\/nemo-tensor-extremt-underlag-for-somn\/","title":{"rendered":"NEMO Tensor extremt underlag f\u00f6r s\u00f6mn"},"content":{"rendered":"<p data-start=\"65\" data-end=\"153\"><strong data-start=\"65\" data-end=\"153\">NEMO Tensor\u2122 All-Season \u2013 Ultral\u00e4tt och isolerande liggunderlag f\u00f6r anv\u00e4ndning \u00e5ret runt \u2013 ljus f\u00e4rg<\/strong><\/p>\n<p data-start=\"155\" data-end=\"405\">NEMO Tensor\u2122 All-Season \u00e4r utformad f\u00f6r att ge exceptionell komfort och v\u00e4rme i alla v\u00e4derf\u00f6rh\u00e5llanden. Dess l\u00e4tta och t\u00e5liga design kombinerar avancerade material och tekniker f\u00f6r att s\u00e4kerst\u00e4lla en vilsam natts\u00f6mn p\u00e5 vandringar och campingturer. <\/p>\n<p data-start=\"407\" data-end=\"453\"><strong data-start=\"407\" data-end=\"451\">Tekniska specifikationer (Regular Wide):<\/strong><\/p>\n<ul data-start=\"454\" data-end=\"683\">\n<li data-start=\"454\" data-end=\"481\">\n<p data-start=\"456\" data-end=\"481\">M\u00e5tt: 183 x 64 cm<\/p>\n<\/li>\n<li data-start=\"482\" data-end=\"501\">\n<p data-start=\"484\" data-end=\"501\">Tjocklek: 9 cm<\/p>\n<\/li>\n<li data-start=\"502\" data-end=\"519\">\n<p data-start=\"504\" data-end=\"519\">Vikt: 580 g<\/p>\n<\/li>\n<li data-start=\"520\" data-end=\"547\">\n<p data-start=\"522\" data-end=\"547\">Packstorlek: 11 x 27 cm<\/p>\n<\/li>\n<li data-start=\"548\" data-end=\"594\">\n<p data-start=\"550\" data-end=\"594\">R-v\u00e4rde: 5,4 (l\u00e4mplig f\u00f6r anv\u00e4ndning \u00e5ret runt)<\/p>\n<\/li>\n<li data-start=\"595\" data-end=\"653\">\n<p data-start=\"597\" data-end=\"653\">Material: 20D \u00e5tervunnen nylon (ovansida), 40D nylon (undersida)<\/p>\n<\/li>\n<li data-start=\"654\" data-end=\"683\">\n<p data-start=\"656\" data-end=\"683\">F\u00e4rg: Blade\/kryddig orange<\/p>\n<\/li>\n<\/ul>\n<p data-start=\"685\" data-end=\"728\"><strong data-start=\"685\" data-end=\"726\">Tekniska specifikationer (Long Wide):<\/strong><\/p>\n<ul data-start=\"729\" data-end=\"958\">\n<li data-start=\"729\" data-end=\"756\">\n<p data-start=\"731\" data-end=\"756\">M\u00e5tt: 193 x 64 cm<\/p>\n<\/li>\n<li data-start=\"757\" data-end=\"776\">\n<p data-start=\"759\" data-end=\"776\">Tjocklek: 9 cm<\/p>\n<\/li>\n<li data-start=\"777\" data-end=\"794\">\n<p data-start=\"779\" data-end=\"794\">Vikt: 705 g<\/p>\n<\/li>\n<li data-start=\"795\" data-end=\"822\">\n<p data-start=\"797\" data-end=\"822\">Packstorlek: 11 x 28 cm<\/p>\n<\/li>\n<li data-start=\"823\" data-end=\"869\">\n<p data-start=\"825\" data-end=\"869\">R-v\u00e4rde: 5,4 (l\u00e4mplig f\u00f6r anv\u00e4ndning \u00e5ret runt)<\/p>\n<\/li>\n<li data-start=\"870\" data-end=\"928\">\n<p data-start=\"872\" data-end=\"928\">Material: 20D \u00e5tervunnen nylon (ovansida), 40D nylon (undersida)<\/p>\n<\/li>\n<li data-start=\"929\" data-end=\"958\">\n<p data-start=\"931\" data-end=\"958\">F\u00e4rg: Blade\/kryddig orange<\/p>\n<\/li>\n<\/ul>\n<p data-start=\"960\" data-end=\"975\"><strong data-start=\"960\" data-end=\"973\">Funktioner:<\/strong><\/p>\n<ul data-start=\"976\" data-end=\"1822\">\n<li data-start=\"976\" data-end=\"1116\">\n<p data-start=\"978\" data-end=\"1116\"><strong data-start=\"978\" data-end=\"1009\">Thermal Mirror\u2122-teknik:<\/strong> Dubbla lager metalliserad film reflekterar kroppsv\u00e4rmen tillbaka och ger utm\u00e4rkt isolering utan extra vikt.<\/p>\n<\/li>\n<li data-start=\"1117\" data-end=\"1262\">\n<p data-start=\"1119\" data-end=\"1262\"><strong data-start=\"1119\" data-end=\"1148\">Spaceframe\u2122-konstruktion:<\/strong> St\u00f6dstrukturer med l\u00e5g stretch och m\u00f6nster s\u00e4kerst\u00e4ller en stabil och j\u00e4mn sovyta utan en \u201cstudsig\u201d k\u00e4nsla.<\/p>\n<\/li>\n<li data-start=\"1263\" data-end=\"1403\">\n<p data-start=\"1265\" data-end=\"1403\"><strong data-start=\"1265\" data-end=\"1279\">Tyst anv\u00e4ndning:<\/strong> Innovativ isoleringsstruktur minskar det prasslande ljudet som \u00e4r vanligt i traditionella uppbl\u00e5sbara underlag, vilket s\u00e4kerst\u00e4ller en lugn s\u00f6mn.<\/p>\n<\/li>\n<li data-start=\"1404\" data-end=\"1546\">\n<p data-start=\"1406\" data-end=\"1546\"><strong data-start=\"1406\" data-end=\"1428\">Slitstarka material:<\/strong> Ovansida tillverkad av 20D \u00e5tervunnen nylon och undersida av 40D nylon, vilket ger ett starkt skydd mot punkteringar och revor.<\/p>\n<\/li>\n<li data-start=\"1547\" data-end=\"1691\">\n<p data-start=\"1549\" data-end=\"1691\"><strong data-start=\"1549\" data-end=\"1567\">Laylow\u2122-ventil:<\/strong> L\u00e5gprofils, mikrojusterbar ventil m\u00f6jligg\u00f6r exakt kontroll av lufttrycket, samt snabb uppbl\u00e5sning och t\u00f6mning.<\/p>\n<\/li>\n<li data-start=\"1692\" data-end=\"1822\">\n<p data-start=\"1694\" data-end=\"1822\"><strong data-start=\"1694\" data-end=\"1716\">Vortex\u2122-pumps\u00e4ck:<\/strong> Medf\u00f6ljande pumps\u00e4ck m\u00f6jligg\u00f6r snabb och enkel uppbl\u00e5sning, samtidigt som den minskar fukt som tr\u00e4nger in i underlaget.<\/p>\n<\/li>\n<\/ul>\n<p data-start=\"1824\" data-end=\"2038\">NEMO Tensor\u2122 All-Season liggunderlag kombinerar l\u00e5g vikt, komfort och utm\u00e4rkt isolering, vilket g\u00f6r det till ett idealiskt val f\u00f6r backpackers och vandrare som s\u00f6ker en p\u00e5litlig sovyta f\u00f6r \u00e4ventyr \u00e5ret runt.<\/p>\n<p data-start=\"0\" data-end=\"90\">\n<p class=\"\" data-start=\"0\" data-end=\"90\"><strong data-start=\"0\" data-end=\"90\">NEMO Tensor\u2122 Extreme Conditions \u2013 H\u00f6gpresterande liggunderlag f\u00f6r extrema f\u00f6rh\u00e5llanden \u2013 m\u00f6rk f\u00e4rg<\/strong><\/p>\n<p class=\"\" data-start=\"92\" data-end=\"370\">NEMO Tensor\u2122 Extreme Conditions \u00e4r ett ultral\u00e4tt och mycket isolerande liggunderlag som \u00e4r utformat f\u00f6r att ge maximal v\u00e4rme och komfort i de tuffaste milj\u00f6erna. Dess innovativa konstruktion och f\u00f6rstklassiga material g\u00f6r det till ett utm\u00e4rkt val f\u00f6r camping och vandring \u00e5ret runt. <\/p>\n<p class=\"\" data-start=\"372\" data-end=\"417\"><strong data-start=\"372\" data-end=\"401\">Tekniska specifikationer:<\/strong> <strong data-start=\"402\" data-end=\"417\">m\u00e5tt:<\/strong><\/p>\n<ul data-start=\"418\" data-end=\"470\">\n<li class=\"\" data-start=\"418\" data-end=\"445\">\n<p class=\"\" data-start=\"420\" data-end=\"445\">Regular Wide: 183 x 64 cm<\/p>\n<\/li>\n<li class=\"\" data-start=\"446\" data-end=\"470\">\n<p class=\"\" data-start=\"448\" data-end=\"470\">Long Wide: 193 x 64 cm<\/p>\n<\/li>\n<\/ul>\n<p class=\"\" data-start=\"472\" data-end=\"493\"><strong data-start=\"472\" data-end=\"486\">Tjocklek:<\/strong> 8,9 cm<\/p>\n<p class=\"\" data-start=\"495\" data-end=\"506\"><strong data-start=\"495\" data-end=\"506\">Vikt:<\/strong><\/p>\n<ul data-start=\"507\" data-end=\"547\">\n<li class=\"\" data-start=\"507\" data-end=\"528\">\n<p class=\"\" data-start=\"509\" data-end=\"528\">Regular Wide: 625 g<\/p>\n<\/li>\n<li class=\"\" data-start=\"529\" data-end=\"547\">\n<p class=\"\" data-start=\"531\" data-end=\"547\">Long Wide: 662 g<\/p>\n<\/li>\n<\/ul>\n<p class=\"\" data-start=\"549\" data-end=\"565\"><strong data-start=\"549\" data-end=\"565\">Packstorlek:<\/strong><\/p>\n<ul data-start=\"566\" data-end=\"616\">\n<li class=\"\" data-start=\"566\" data-end=\"592\">\n<p class=\"\" data-start=\"568\" data-end=\"592\">Regular Wide: 27 x 11 cm<\/p>\n<\/li>\n<li class=\"\" data-start=\"593\" data-end=\"616\">\n<p class=\"\" data-start=\"595\" data-end=\"616\">Long Wide: 27 x 12 cm<\/p>\n<\/li>\n<\/ul>\n<p class=\"\" data-start=\"618\" data-end=\"673\"><strong data-start=\"618\" data-end=\"630\">R-v\u00e4rde:<\/strong> 8,5 (l\u00e4mplig f\u00f6r extremt kalla f\u00f6rh\u00e5llanden)<\/p>\n<p class=\"\" data-start=\"675\" data-end=\"769\"><strong data-start=\"675\" data-end=\"688\">Material:<\/strong> 20D Bluesign\u00ae-certifierad \u00e5tervunnen nylon (\u00f6vre yta), 40D nylon (undre yta)<\/p>\n<p class=\"\" data-start=\"771\" data-end=\"831\"><strong data-start=\"771\" data-end=\"786\">Isolering:<\/strong> Fyra lager Thermal Mirror\u2122 aluminiumfilm<\/p>\n<p class=\"\" data-start=\"833\" data-end=\"846\"><strong data-start=\"833\" data-end=\"846\">Funktioner:<\/strong><\/p>\n<ul data-start=\"847\" data-end=\"1718\">\n<li class=\"\" data-start=\"847\" data-end=\"1035\">\n<p class=\"\" data-start=\"849\" data-end=\"1035\"><strong data-start=\"849\" data-end=\"872\">Apex\u2122-konstruktion:<\/strong> Den innovativa baffelstrukturen m\u00f6jligg\u00f6r j\u00e4mn placering av fyra lager Thermal Mirror\u2122-isolering, vilket maximerar v\u00e4rmebeh\u00e5llningen utan att l\u00e4gga till extra vikt.<\/p>\n<\/li>\n<li class=\"\" data-start=\"1036\" data-end=\"1143\">\n<p class=\"\" data-start=\"1038\" data-end=\"1143\"><strong data-start=\"1038\" data-end=\"1065\">Extremt h\u00f6gt R-v\u00e4rde:<\/strong> R-v\u00e4rdet p\u00e5 8,5 s\u00e4kerst\u00e4ller utm\u00e4rkt isolering \u00e4ven i extremt kalla f\u00f6rh\u00e5llanden.<\/p>\n<\/li>\n<li class=\"\" data-start=\"1144\" data-end=\"1276\">\n<p class=\"\" data-start=\"1146\" data-end=\"1276\"><strong data-start=\"1146\" data-end=\"1172\">Tyst och bekv\u00e4m:<\/strong> Designen minskar st\u00f6rande prassel och erbjuder en tyst sovupplevelse utan on\u00f6digt buller.<\/p>\n<\/li>\n<li class=\"\" data-start=\"1277\" data-end=\"1396\">\n<p class=\"\" data-start=\"1279\" data-end=\"1396\"><strong data-start=\"1279\" data-end=\"1307\">Slitstarkt bottenmaterial:<\/strong> 40D nylonbotten \u00f6kar punkteringsmotst\u00e5ndet och h\u00e5llbarheten p\u00e5 kr\u00e4vande ytor.<\/p>\n<\/li>\n<li class=\"\" data-start=\"1397\" data-end=\"1588\">\n<p class=\"\" data-start=\"1399\" data-end=\"1588\"><strong data-start=\"1399\" data-end=\"1417\">Laylow\u2122-ventil:<\/strong> Den mikrojusterbara ventilen m\u00f6jligg\u00f6r exakt lufttrycksreglering, tillsammans med snabb uppbl\u00e5sning och t\u00f6mning, och fungerar tillf\u00f6rlitligt \u00e4ven i extremt kalla temperaturer.<\/p>\n<\/li>\n<li class=\"\" data-start=\"1589\" data-end=\"1718\">\n<p class=\"\" data-start=\"1591\" data-end=\"1718\"><strong data-start=\"1591\" data-end=\"1613\">Vortex\u2122-pumps\u00e4ck:<\/strong> Den medf\u00f6ljande pumps\u00e4cken m\u00f6jligg\u00f6r snabb och enkel uppbl\u00e5sning och f\u00f6rhindrar att fukt tr\u00e4nger in i underlaget.<\/p>\n<\/li>\n<\/ul>\n<p class=\"\" data-start=\"1720\" data-end=\"1995\">NEMO Tensor\u2122 Extreme Conditions liggunderlag \u00e4r utformat f\u00f6r att leverera extrem v\u00e4rme, komfort och h\u00e5llbarhet f\u00f6r de mest kr\u00e4vande \u00e4ventyrare. Dess l\u00e4tta konstruktion och h\u00f6ga isolering g\u00f6r det till ett utm\u00e4rkt val f\u00f6r anv\u00e4ndning \u00e5ret runt, s\u00e4rskilt i kalla f\u00f6rh\u00e5llanden. <\/p>\n","protected":false},"excerpt":{"rendered":"<p>NEMO Tensor\u2122 All-Season \u2013 Ultral\u00e4tt och isolerande liggunderlag f\u00f6r anv\u00e4ndning \u00e5ret runt \u2013 ljus f\u00e4rg NEMO Tensor\u2122 All-Season \u00e4r utformad f\u00f6r att ge exceptionell komfort och v\u00e4rme i alla v\u00e4derf\u00f6rh\u00e5llanden. Dess l\u00e4tta och t\u00e5liga design kombinerar avancerade material och tekniker f\u00f6r att s\u00e4kerst\u00e4lla en vilsam natts\u00f6mn p\u00e5 vandringar och campingturer. Tekniska specifikationer (Regular Wide): M\u00e5tt: [&#8230;]\n","protected":false},"featured_media":277807,"comment_status":"open","ping_status":"closed","template":"","meta":[],"product_brand":[],"product_cat":[2572],"product_tag":[],"class_list":{"0":"post-285606","1":"product","2":"type-product","3":"status-publish","4":"has-post-thumbnail","6":"product_cat-faltsangar-och-liggunderlag","8":"first","9":"instock","10":"taxable","11":"shipping-taxable","12":"purchasable","13":"product-type-variable"},"composite_virtual":false,"composite_layout":"","composite_add_to_cart_form_location":"","composite_editable_in_cart":false,"composite_sold_individually_context":"","composite_shop_price_calc":"","composite_components":[],"composite_scenarios":[],"group_of_quantity":0,"min_quantity":0,"max_quantity":"","exclude_order_quantity_value_rules":"no","exclude_category_quantity_rules":"no","combine_variations":"no","exclude_global_add_ons":[],"addons":[],"_links":{"self":[{"href":"https:\/\/www.huntersfriend.eu\/sv\/wp-json\/wp\/v2\/product\/285606","targetHints":{"allow":["GET"]}}],"collection":[{"href":"https:\/\/www.huntersfriend.eu\/sv\/wp-json\/wp\/v2\/product"}],"about":[{"href":"https:\/\/www.huntersfriend.eu\/sv\/wp-json\/wp\/v2\/types\/product"}],"replies":[{"embeddable":true,"href":"https:\/\/www.huntersfriend.eu\/sv\/wp-json\/wp\/v2\/comments?post=285606"}],"wp:featuredmedia":[{"embeddable":true,"href":"https:\/\/www.huntersfriend.eu\/sv\/wp-json\/wp\/v2\/media\/277807"}],"wp:attachment":[{"href":"https:\/\/www.huntersfriend.eu\/sv\/wp-json\/wp\/v2\/media?parent=285606"}],"wp:term":[{"taxonomy":"product_brand","embeddable":true,"href":"https:\/\/www.huntersfriend.eu\/sv\/wp-json\/wp\/v2\/product_brand?post=285606"},{"taxonomy":"product_cat","embeddable":true,"href":"https:\/\/www.huntersfriend.eu\/sv\/wp-json\/wp\/v2\/product_cat?post=285606"},{"taxonomy":"product_tag","embeddable":true,"href":"https:\/\/www.huntersfriend.eu\/sv\/wp-json\/wp\/v2\/product_tag?post=285606"}],"curies":[{"name":"wp","href":"https:\/\/api.w.org\/{rel}","templated":true}]}}