{"id":285605,"date":"2025-03-20T12:52:00","date_gmt":"2025-03-20T10:52:00","guid":{"rendered":"https:\/\/www.huntersfriend.eu\/product\/hs-gambrel-600\/"},"modified":"2025-08-26T10:31:59","modified_gmt":"2025-08-26T08:31:59","slug":"hs-gambrel-600","status":"publish","type":"product","link":"https:\/\/www.huntersfriend.eu\/sv\/produkt\/hs-gambrel-600\/","title":{"rendered":"HS gambrel 600"},"content":{"rendered":"<p>Denna gambrel helt i st\u00e5l har en kapacitet p\u00e5 600 pound (272 kg) och har en 20-tums bred spridarst\u00e5ng som \u00e4r b\u00e5de l\u00e4tt och enkel att anv\u00e4nda. Detta jaktillbeh\u00f6r \u00e4r perfekt f\u00f6r vilt av hjort- och antilopstorlek. <\/p>\n","protected":false},"excerpt":{"rendered":"<p>Denna gambrel helt i st\u00e5l har en kapacitet p\u00e5 600 pound (272 kg) och har en 20-tums bred spridarst\u00e5ng som \u00e4r b\u00e5de l\u00e4tt och enkel att anv\u00e4nda. Detta jaktillbeh\u00f6r \u00e4r perfekt f\u00f6r vilt av hjort- och antilopstorlek.<\/p>\n","protected":false},"featured_media":278007,"comment_status":"open","ping_status":"closed","template":"","meta":[],"product_brand":[],"product_cat":[2613,2620],"product_tag":[],"class_list":{"0":"post-285605","1":"product","2":"type-product","3":"status-publish","4":"has-post-thumbnail","6":"product_cat-barselar-vaskor-och-hissar-for-vilt","7":"product_cat-viltbearbetning","9":"first","10":"instock","11":"taxable","12":"shipping-taxable","13":"purchasable","14":"product-type-simple"},"composite_virtual":false,"composite_layout":"","composite_add_to_cart_form_location":"","composite_editable_in_cart":false,"composite_sold_individually_context":"","composite_shop_price_calc":"","composite_components":[],"composite_scenarios":[],"group_of_quantity":0,"min_quantity":0,"max_quantity":"","exclude_order_quantity_value_rules":"no","exclude_category_quantity_rules":"no","combine_variations":"no","exclude_global_add_ons":[],"addons":[],"_links":{"self":[{"href":"https:\/\/www.huntersfriend.eu\/sv\/wp-json\/wp\/v2\/product\/285605","targetHints":{"allow":["GET"]}}],"collection":[{"href":"https:\/\/www.huntersfriend.eu\/sv\/wp-json\/wp\/v2\/product"}],"about":[{"href":"https:\/\/www.huntersfriend.eu\/sv\/wp-json\/wp\/v2\/types\/product"}],"replies":[{"embeddable":true,"href":"https:\/\/www.huntersfriend.eu\/sv\/wp-json\/wp\/v2\/comments?post=285605"}],"wp:featuredmedia":[{"embeddable":true,"href":"https:\/\/www.huntersfriend.eu\/sv\/wp-json\/wp\/v2\/media\/278007"}],"wp:attachment":[{"href":"https:\/\/www.huntersfriend.eu\/sv\/wp-json\/wp\/v2\/media?parent=285605"}],"wp:term":[{"taxonomy":"product_brand","embeddable":true,"href":"https:\/\/www.huntersfriend.eu\/sv\/wp-json\/wp\/v2\/product_brand?post=285605"},{"taxonomy":"product_cat","embeddable":true,"href":"https:\/\/www.huntersfriend.eu\/sv\/wp-json\/wp\/v2\/product_cat?post=285605"},{"taxonomy":"product_tag","embeddable":true,"href":"https:\/\/www.huntersfriend.eu\/sv\/wp-json\/wp\/v2\/product_tag?post=285605"}],"curies":[{"name":"wp","href":"https:\/\/api.w.org\/{rel}","templated":true}]}}