{"id":285604,"date":"2025-04-01T16:06:12","date_gmt":"2025-04-01T14:06:12","guid":{"rendered":"https:\/\/www.huntersfriend.eu\/product\/pard-mt3-snabbfaste\/"},"modified":"2026-03-18T22:24:50","modified_gmt":"2026-03-18T20:24:50","slug":"pard-mt3-snabbfaste","status":"publish","type":"product","link":"https:\/\/www.huntersfriend.eu\/sv\/produkt\/pard-mt3-snabbfaste\/","title":{"rendered":"Pard MT3 snabbf\u00e4ste"},"content":{"rendered":"<p>MT3 \u00e4r ett Pard <strong>universellt snabbf\u00e4ste<\/strong> som passar f\u00f6r olika digitala m\u00f6rkerseendeenheter inklusive men inte begr\u00e4nsat till PARDs NV008S, NV008SP och v\u00e4rmekameror som SA32. Det erbjuder stabilitet, h\u00e5llbarhet och f\u00f6rdelar som snabb installation, demontering och enkel anv\u00e4ndning. <\/p>\n","protected":false},"excerpt":{"rendered":"<p>MT3 \u00e4r ett Pard universellt snabbf\u00e4ste som passar f\u00f6r olika digitala m\u00f6rkerseendeenheter inklusive men inte begr\u00e4nsat till PARDs NV008S, NV008SP och v\u00e4rmekameror som SA32. Det erbjuder stabilitet, h\u00e5llbarhet och f\u00f6rdelar som snabb installation, demontering och enkel anv\u00e4ndning.<\/p>\n","protected":false},"featured_media":278048,"comment_status":"open","ping_status":"closed","template":"","meta":[],"product_brand":[],"product_cat":[878],"product_tag":[],"class_list":{"0":"post-285604","1":"product","2":"type-product","3":"status-publish","4":"has-post-thumbnail","6":"product_cat-uncategorized-sv","8":"first","9":"outofstock","10":"taxable","11":"shipping-taxable","12":"purchasable","13":"product-type-simple"},"composite_virtual":false,"composite_layout":"","composite_add_to_cart_form_location":"","composite_editable_in_cart":false,"composite_sold_individually_context":"","composite_shop_price_calc":"","composite_components":[],"composite_scenarios":[],"group_of_quantity":0,"min_quantity":0,"max_quantity":"","exclude_order_quantity_value_rules":"no","exclude_category_quantity_rules":"no","combine_variations":"no","exclude_global_add_ons":[],"addons":[],"_links":{"self":[{"href":"https:\/\/www.huntersfriend.eu\/sv\/wp-json\/wp\/v2\/product\/285604","targetHints":{"allow":["GET"]}}],"collection":[{"href":"https:\/\/www.huntersfriend.eu\/sv\/wp-json\/wp\/v2\/product"}],"about":[{"href":"https:\/\/www.huntersfriend.eu\/sv\/wp-json\/wp\/v2\/types\/product"}],"replies":[{"embeddable":true,"href":"https:\/\/www.huntersfriend.eu\/sv\/wp-json\/wp\/v2\/comments?post=285604"}],"wp:featuredmedia":[{"embeddable":true,"href":"https:\/\/www.huntersfriend.eu\/sv\/wp-json\/wp\/v2\/media\/278048"}],"wp:attachment":[{"href":"https:\/\/www.huntersfriend.eu\/sv\/wp-json\/wp\/v2\/media?parent=285604"}],"wp:term":[{"taxonomy":"product_brand","embeddable":true,"href":"https:\/\/www.huntersfriend.eu\/sv\/wp-json\/wp\/v2\/product_brand?post=285604"},{"taxonomy":"product_cat","embeddable":true,"href":"https:\/\/www.huntersfriend.eu\/sv\/wp-json\/wp\/v2\/product_cat?post=285604"},{"taxonomy":"product_tag","embeddable":true,"href":"https:\/\/www.huntersfriend.eu\/sv\/wp-json\/wp\/v2\/product_tag?post=285604"}],"curies":[{"name":"wp","href":"https:\/\/api.w.org\/{rel}","templated":true}]}}