{"id":285603,"date":"2025-03-20T12:51:56","date_gmt":"2025-03-20T10:51:56","guid":{"rendered":"https:\/\/www.huntersfriend.eu\/product\/truglo-glo-dot-universellt-pro-sikte-med-dubbla-fiberoptiska-tradar\/"},"modified":"2025-08-26T10:31:58","modified_gmt":"2025-08-26T08:31:58","slug":"truglo-glo-dot-universellt-pro-sikte-med-dubbla-fiberoptiska-tradar","status":"publish","type":"product","link":"https:\/\/www.huntersfriend.eu\/sv\/produkt\/truglo-glo-dot-universellt-pro-sikte-med-dubbla-fiberoptiska-tradar\/","title":{"rendered":"Truglo GLO DOT universellt pro-sikte med dubbla fiberoptiska tr\u00e5dar"},"content":{"rendered":"<p>Skyddat fiberoptiskt frontsikte<\/p>\n<div data-content-type=\"row\" data-appearance=\"contained\" data-element=\"main\">\n<div data-enable-parallax=\"0\" data-parallax-speed=\"0.5\" data-background-images=\"{}\" data-element=\"inner\">\n<div data-content-type=\"text\" data-appearance=\"default\" data-element=\"main\">\n<ul>\n<li>Hj\u00e4lper till att eliminera problem med \u00f6gondominans<\/li>\n<li>Fr\u00e4mjar skytte med b\u00e5da \u00f6gonen \u00f6ppna<\/li>\n<li>Fr\u00e4mjar korrekt montering\/axling av vapnet<\/li>\n<li>Extremt l\u00e5g profil<\/li>\n<li>Godk\u00e4nd av Ducks Unlimited<\/li>\n<li>Enkel installation<\/li>\n<li>Snabb m\u00e5lf\u00e5ngst<\/li>\n<li>Enkelf\u00e4rgad fiberdiameter \u00e4r 0,078&#8243;<\/li>\n<li>DUBBELF\u00c4RGAD fiberdiameter \u00e4r 0,120&#8243;<\/li>\n<\/ul>\n<\/div>\n<\/div>\n<\/div>\n","protected":false},"excerpt":{"rendered":"<p>Skyddat fiberoptiskt frontsikte Hj\u00e4lper till att eliminera problem med \u00f6gondominans Fr\u00e4mjar skytte med b\u00e5da \u00f6gonen \u00f6ppna Fr\u00e4mjar korrekt montering\/axling av vapnet Extremt l\u00e5g profil Godk\u00e4nd av Ducks Unlimited Enkel installation Snabb m\u00e5lf\u00e5ngst Enkelf\u00e4rgad fiberdiameter \u00e4r 0,078&#8243; DUBBELF\u00c4RGAD fiberdiameter \u00e4r 0,120&#8243;<\/p>\n","protected":false},"featured_media":278263,"comment_status":"open","ping_status":"closed","template":"","meta":[],"product_brand":[],"product_cat":[2526],"product_tag":[],"class_list":{"0":"post-285603","1":"product","2":"type-product","3":"status-publish","4":"has-post-thumbnail","6":"product_cat-kikarsikten-och-optik","8":"first","9":"instock","10":"taxable","11":"shipping-taxable","12":"purchasable","13":"product-type-simple"},"composite_virtual":false,"composite_layout":"","composite_add_to_cart_form_location":"","composite_editable_in_cart":false,"composite_sold_individually_context":"","composite_shop_price_calc":"","composite_components":[],"composite_scenarios":[],"group_of_quantity":0,"min_quantity":0,"max_quantity":"","exclude_order_quantity_value_rules":"no","exclude_category_quantity_rules":"no","combine_variations":"no","exclude_global_add_ons":[],"addons":[],"_links":{"self":[{"href":"https:\/\/www.huntersfriend.eu\/sv\/wp-json\/wp\/v2\/product\/285603","targetHints":{"allow":["GET"]}}],"collection":[{"href":"https:\/\/www.huntersfriend.eu\/sv\/wp-json\/wp\/v2\/product"}],"about":[{"href":"https:\/\/www.huntersfriend.eu\/sv\/wp-json\/wp\/v2\/types\/product"}],"replies":[{"embeddable":true,"href":"https:\/\/www.huntersfriend.eu\/sv\/wp-json\/wp\/v2\/comments?post=285603"}],"wp:featuredmedia":[{"embeddable":true,"href":"https:\/\/www.huntersfriend.eu\/sv\/wp-json\/wp\/v2\/media\/278263"}],"wp:attachment":[{"href":"https:\/\/www.huntersfriend.eu\/sv\/wp-json\/wp\/v2\/media?parent=285603"}],"wp:term":[{"taxonomy":"product_brand","embeddable":true,"href":"https:\/\/www.huntersfriend.eu\/sv\/wp-json\/wp\/v2\/product_brand?post=285603"},{"taxonomy":"product_cat","embeddable":true,"href":"https:\/\/www.huntersfriend.eu\/sv\/wp-json\/wp\/v2\/product_cat?post=285603"},{"taxonomy":"product_tag","embeddable":true,"href":"https:\/\/www.huntersfriend.eu\/sv\/wp-json\/wp\/v2\/product_tag?post=285603"}],"curies":[{"name":"wp","href":"https:\/\/api.w.org\/{rel}","templated":true}]}}