{"id":285600,"date":"2025-03-20T10:22:14","date_gmt":"2025-03-20T08:22:14","guid":{"rendered":"https:\/\/www.huntersfriend.eu\/product\/eze-scorer-termiska-mal-for-inskjutning\/"},"modified":"2025-08-26T10:31:57","modified_gmt":"2025-08-26T08:31:57","slug":"eze-scorer-termiska-mal-for-inskjutning","status":"publish","type":"product","link":"https:\/\/www.huntersfriend.eu\/sv\/produkt\/eze-scorer-termiska-mal-for-inskjutning\/","title":{"rendered":"EZE-SCORER termiska m\u00e5l f\u00f6r inskjutning"},"content":{"rendered":"<p>EZE-Scorer termiska m\u00e5l f\u00f6r inskjutning \u00e4r utformat f\u00f6r att detektera v\u00e4rmesignaturer och kan anv\u00e4ndas med alla pappersm\u00e5l. Det inkluderar fyra 3-tums termiska signaturer och fyra 12 x 12-tums m\u00e5l f\u00f6r inskjutning, vilket g\u00f6r det idealiskt f\u00f6r precisionsskytte och m\u00e5l\u00f6vning. <\/p>\n<hr>\n<ul>\n<li>Tillverkarens artikelnummer: BC-37216T<\/li>\n<li>Modell: eze-scorer<\/li>\n<li>Underkategori: pappersm\u00e5l<\/li>\n<li>Typ: M\u00e5l<\/li>\n<li>Enheter per l\u00e5da: 4<\/li>\n<\/ul>\n","protected":false},"excerpt":{"rendered":"<p>EZE-Scorer termiska m\u00e5l f\u00f6r inskjutning \u00e4r utformat f\u00f6r att detektera v\u00e4rmesignaturer och kan anv\u00e4ndas med alla pappersm\u00e5l. Det inkluderar fyra 3-tums termiska signaturer och fyra 12 x 12-tums m\u00e5l f\u00f6r inskjutning, vilket g\u00f6r det idealiskt f\u00f6r precisionsskytte och m\u00e5l\u00f6vning. Tillverkarens artikelnummer: BC-37216T Modell: eze-scorer Underkategori: pappersm\u00e5l Typ: M\u00e5l Enheter per l\u00e5da: 4<\/p>\n","protected":false},"featured_media":278267,"comment_status":"open","ping_status":"closed","template":"","meta":[],"product_brand":[],"product_cat":[2559],"product_tag":[],"class_list":{"0":"post-285600","1":"product","2":"type-product","3":"status-publish","4":"has-post-thumbnail","6":"product_cat-maltavlor","8":"first","9":"instock","10":"taxable","11":"shipping-taxable","12":"purchasable","13":"product-type-simple"},"composite_virtual":false,"composite_layout":"","composite_add_to_cart_form_location":"","composite_editable_in_cart":false,"composite_sold_individually_context":"","composite_shop_price_calc":"","composite_components":[],"composite_scenarios":[],"group_of_quantity":0,"min_quantity":0,"max_quantity":"","exclude_order_quantity_value_rules":"no","exclude_category_quantity_rules":"no","combine_variations":"no","exclude_global_add_ons":[],"addons":[],"_links":{"self":[{"href":"https:\/\/www.huntersfriend.eu\/sv\/wp-json\/wp\/v2\/product\/285600","targetHints":{"allow":["GET"]}}],"collection":[{"href":"https:\/\/www.huntersfriend.eu\/sv\/wp-json\/wp\/v2\/product"}],"about":[{"href":"https:\/\/www.huntersfriend.eu\/sv\/wp-json\/wp\/v2\/types\/product"}],"replies":[{"embeddable":true,"href":"https:\/\/www.huntersfriend.eu\/sv\/wp-json\/wp\/v2\/comments?post=285600"}],"wp:featuredmedia":[{"embeddable":true,"href":"https:\/\/www.huntersfriend.eu\/sv\/wp-json\/wp\/v2\/media\/278267"}],"wp:attachment":[{"href":"https:\/\/www.huntersfriend.eu\/sv\/wp-json\/wp\/v2\/media?parent=285600"}],"wp:term":[{"taxonomy":"product_brand","embeddable":true,"href":"https:\/\/www.huntersfriend.eu\/sv\/wp-json\/wp\/v2\/product_brand?post=285600"},{"taxonomy":"product_cat","embeddable":true,"href":"https:\/\/www.huntersfriend.eu\/sv\/wp-json\/wp\/v2\/product_cat?post=285600"},{"taxonomy":"product_tag","embeddable":true,"href":"https:\/\/www.huntersfriend.eu\/sv\/wp-json\/wp\/v2\/product_tag?post=285600"}],"curies":[{"name":"wp","href":"https:\/\/api.w.org\/{rel}","templated":true}]}}