{"id":285595,"date":"2025-03-31T14:14:04","date_gmt":"2025-03-31T12:14:04","guid":{"rendered":"https:\/\/www.huntersfriend.eu\/product\/zeiss-flip-cover-linsskydd\/"},"modified":"2025-11-25T17:08:16","modified_gmt":"2025-11-25T15:08:16","slug":"zeiss-flip-cover-linsskydd","status":"publish","type":"product","link":"https:\/\/www.huntersfriend.eu\/sv\/produkt\/zeiss-flip-cover-linsskydd\/","title":{"rendered":"ZEISS flip cover linsskydd"},"content":{"rendered":"<div class=\"headline section grid-container grid-container-padded\">\n<header class=\"grid-x grid-padding-x spacing-element small-spacing-none\">\n<div class=\"cell small-12\">\n<h2 class=\"h2\">ZEISS flip-up och fold-flat linsskydd<\/h2>\n<\/div>\n<\/header>\n<\/div>\n<div class=\"section text grid-container grid-container-padded\">\n<div class=\"text-wrap grid-x grid-padding-x spacing-element small-spacing-none\">\n<div class=\"cell small-12 text-rte \">\n<p>ZEISS kikarsikten erbjuder j\u00e4gare och skyttar fantastiskt glas. Fantastiskt glas representerar en smart investering. Sk\u00f6rda dina investeringsutdelningar genom att anv\u00e4nda ZEISS helt nya &#8217;Flip-up and Fold-Flat Pro Lens Covers&#8217; p\u00e5 ditt kikarsikte.  <\/p>\n<\/div>\n<\/div>\n<\/div>\n<div class=\"section text grid-container grid-container-padded\">\n<div class=\"text-wrap grid-x grid-padding-x spacing-element small-spacing-none\">\n<div class=\"cell small-12 text-rte \">\n<p>N\u00e4r du anv\u00e4nder dessa linsskydd kommer regn, sn\u00f6, smuts, damm och lera inte att hitta n\u00e5gon viloplats p\u00e5 dina ZEISS-linser. Njut av f\u00f6rdelarna med rostfria st\u00e5lbeslag, robust nylonkonstruktion, utm\u00e4rkt OEM-passform och stark s\u00e4ker installation som sitter kvar \u00e4ven n\u00e4r temperaturen skiftar fr\u00e5n extrem v\u00e4rme till extrem kyla. Smartare funktioner, som \u201cL\u201d-nyckeln och reservbatterih\u00e5llarsystemen och dubbla fastsp\u00e4nningsarmar, ger dig en starkare k\u00e4nsla av trygghet.  <\/p>\n<p><strong>Slutligen, flip-up och fold-flat designen g\u00f6r att du alltid \u00e4r redo f\u00f6r n\u00e4sta skott. F\u00f6r mer framg\u00e5ng i f\u00e4lt, insistera p\u00e5 ZEISS \u201cFlip-Up and Fold-Flat Pro Lens Covers\u201d. <\/strong><\/p>\n<p>Ett h\u00f6gkvalitativt och extremt h\u00e5llbart fr\u00e4mre linsskydd skruvas fast p\u00e5 filterg\u00e4ngan och ger fullst\u00e4ndigt skydd i alla v\u00e4derf\u00f6rh\u00e5llanden. Skyddet kan f\u00e4stas i valfri position och \u00e4r l\u00e4mpligt f\u00f6r b\u00e5de h\u00f6ger- och v\u00e4nsterh\u00e4nta skyttar. Synf\u00e4ltet \u00e4ventyras inte och skyddet \u00e4r mycket l\u00e4tt att anv\u00e4nda under jakt. Finns f\u00f6r 24 mm, 50 mm och 56 mm objektivdiametrar.   <\/p>\n<\/div>\n<\/div>\n<\/div>\n","protected":false},"excerpt":{"rendered":"<p>ZEISS flip-up och fold-flat linsskydd ZEISS kikarsikten erbjuder j\u00e4gare och skyttar fantastiskt glas. Fantastiskt glas representerar en smart investering. Sk\u00f6rda dina investeringsutdelningar genom att anv\u00e4nda ZEISS helt nya &#8217;Flip-up and Fold-Flat Pro Lens Covers&#8217; p\u00e5 ditt kikarsikte. N\u00e4r du anv\u00e4nder dessa linsskydd kommer regn, sn\u00f6, smuts, damm och lera inte att hitta n\u00e5gon viloplats p\u00e5 [&#8230;]\n","protected":false},"featured_media":278475,"comment_status":"open","ping_status":"closed","template":"","meta":[],"product_brand":[],"product_cat":[2524],"product_tag":[],"class_list":{"0":"post-285595","1":"product","2":"type-product","3":"status-publish","4":"has-post-thumbnail","6":"product_cat-optiktillbehor","8":"first","9":"instock","10":"taxable","11":"shipping-taxable","12":"purchasable","13":"product-type-variable"},"composite_virtual":false,"composite_layout":"","composite_add_to_cart_form_location":"","composite_editable_in_cart":false,"composite_sold_individually_context":"","composite_shop_price_calc":"","composite_components":[],"composite_scenarios":[],"group_of_quantity":0,"min_quantity":0,"max_quantity":"","exclude_order_quantity_value_rules":"no","exclude_category_quantity_rules":"no","combine_variations":"no","exclude_global_add_ons":[],"addons":[],"_links":{"self":[{"href":"https:\/\/www.huntersfriend.eu\/sv\/wp-json\/wp\/v2\/product\/285595","targetHints":{"allow":["GET"]}}],"collection":[{"href":"https:\/\/www.huntersfriend.eu\/sv\/wp-json\/wp\/v2\/product"}],"about":[{"href":"https:\/\/www.huntersfriend.eu\/sv\/wp-json\/wp\/v2\/types\/product"}],"replies":[{"embeddable":true,"href":"https:\/\/www.huntersfriend.eu\/sv\/wp-json\/wp\/v2\/comments?post=285595"}],"wp:featuredmedia":[{"embeddable":true,"href":"https:\/\/www.huntersfriend.eu\/sv\/wp-json\/wp\/v2\/media\/278475"}],"wp:attachment":[{"href":"https:\/\/www.huntersfriend.eu\/sv\/wp-json\/wp\/v2\/media?parent=285595"}],"wp:term":[{"taxonomy":"product_brand","embeddable":true,"href":"https:\/\/www.huntersfriend.eu\/sv\/wp-json\/wp\/v2\/product_brand?post=285595"},{"taxonomy":"product_cat","embeddable":true,"href":"https:\/\/www.huntersfriend.eu\/sv\/wp-json\/wp\/v2\/product_cat?post=285595"},{"taxonomy":"product_tag","embeddable":true,"href":"https:\/\/www.huntersfriend.eu\/sv\/wp-json\/wp\/v2\/product_tag?post=285595"}],"curies":[{"name":"wp","href":"https:\/\/api.w.org\/{rel}","templated":true}]}}