{"id":285594,"date":"2025-03-20T10:22:13","date_gmt":"2025-03-20T08:22:13","guid":{"rendered":"https:\/\/www.huntersfriend.eu\/product\/birchwood-casey-echo-skjutstod\/"},"modified":"2025-08-26T10:31:56","modified_gmt":"2025-08-26T08:31:56","slug":"birchwood-casey-echo-skjutstod","status":"publish","type":"product","link":"https:\/\/www.huntersfriend.eu\/sv\/produkt\/birchwood-casey-echo-skjutstod\/","title":{"rendered":"Birchwood Casey Echo skjutst\u00f6d"},"content":{"rendered":"<p class=\"O0\">Birchwood Casey Echo\u2122 skjutst\u00f6d \u00e4r slitstarkt och justerbart, och har en robust st\u00e5lram som passar gev\u00e4r med pipor s\u00e5 korta som 7,5 tum. Dessutom s\u00e4kerst\u00e4ller det halkfria gummikolvst\u00f6det och de justerbara nivelleringsf\u00f6tterna en stabil uppst\u00e4llning f\u00f6r konsekventa skott g\u00e5ng efter g\u00e5ng \u2013 r\u00e4kna med det. Det fr\u00e4mre siktet ger 3 tums h\u00f6jdjustering, medan det bakre siktet erbjuder 2 tum.  <\/p>\n<ul>\n<li>St\u00e5lramsdesign<\/li>\n<li>Halkfritt gummikolvst\u00f6d<\/li>\n<li>Fr\u00e4mre sikte:<\/li>\n<li>3 tums h\u00f6jdjustering<\/li>\n<li>Bakre sikte:<\/li>\n<li>2 tums h\u00f6jdjustering<\/li>\n<li>Justerbara nivelleringsf\u00f6tter<\/li>\n<li>Passar gev\u00e4r med pipor s\u00e5 korta som 7,5 tum<\/li>\n<\/ul>\n","protected":false},"excerpt":{"rendered":"<p>Birchwood Casey Echo\u2122 skjutst\u00f6d \u00e4r slitstarkt och justerbart, och har en robust st\u00e5lram som passar gev\u00e4r med pipor s\u00e5 korta som 7,5 tum. Dessutom s\u00e4kerst\u00e4ller det halkfria gummikolvst\u00f6det och de justerbara nivelleringsf\u00f6tterna en stabil uppst\u00e4llning f\u00f6r konsekventa skott g\u00e5ng efter g\u00e5ng \u2013 r\u00e4kna med det. Det fr\u00e4mre siktet ger 3 tums h\u00f6jdjustering, medan det bakre [&#8230;]\n","protected":false},"featured_media":278250,"comment_status":"open","ping_status":"closed","template":"","meta":[],"product_brand":[],"product_cat":[2570],"product_tag":[],"class_list":{"0":"post-285594","1":"product","2":"type-product","3":"status-publish","4":"has-post-thumbnail","6":"product_cat-stodpinnar-och-skjutstod","7":"product_shipping_class-medium-sv","9":"first","10":"outofstock","11":"taxable","12":"shipping-taxable","13":"purchasable","14":"product-type-simple"},"composite_virtual":false,"composite_layout":"","composite_add_to_cart_form_location":"","composite_editable_in_cart":false,"composite_sold_individually_context":"","composite_shop_price_calc":"","composite_components":[],"composite_scenarios":[],"group_of_quantity":0,"min_quantity":0,"max_quantity":"","exclude_order_quantity_value_rules":"no","exclude_category_quantity_rules":"no","combine_variations":"no","exclude_global_add_ons":[],"addons":[],"_links":{"self":[{"href":"https:\/\/www.huntersfriend.eu\/sv\/wp-json\/wp\/v2\/product\/285594","targetHints":{"allow":["GET"]}}],"collection":[{"href":"https:\/\/www.huntersfriend.eu\/sv\/wp-json\/wp\/v2\/product"}],"about":[{"href":"https:\/\/www.huntersfriend.eu\/sv\/wp-json\/wp\/v2\/types\/product"}],"replies":[{"embeddable":true,"href":"https:\/\/www.huntersfriend.eu\/sv\/wp-json\/wp\/v2\/comments?post=285594"}],"wp:featuredmedia":[{"embeddable":true,"href":"https:\/\/www.huntersfriend.eu\/sv\/wp-json\/wp\/v2\/media\/278250"}],"wp:attachment":[{"href":"https:\/\/www.huntersfriend.eu\/sv\/wp-json\/wp\/v2\/media?parent=285594"}],"wp:term":[{"taxonomy":"product_brand","embeddable":true,"href":"https:\/\/www.huntersfriend.eu\/sv\/wp-json\/wp\/v2\/product_brand?post=285594"},{"taxonomy":"product_cat","embeddable":true,"href":"https:\/\/www.huntersfriend.eu\/sv\/wp-json\/wp\/v2\/product_cat?post=285594"},{"taxonomy":"product_tag","embeddable":true,"href":"https:\/\/www.huntersfriend.eu\/sv\/wp-json\/wp\/v2\/product_tag?post=285594"}],"curies":[{"name":"wp","href":"https:\/\/api.w.org\/{rel}","templated":true}]}}