{"id":285593,"date":"2025-06-19T00:40:01","date_gmt":"2025-06-18T22:40:01","guid":{"rendered":"https:\/\/www.huntersfriend.eu\/product\/armytek-crystal-wrb-usb-c-bla\/"},"modified":"2025-08-26T10:31:46","modified_gmt":"2025-08-26T08:31:46","slug":"armytek-crystal-wrb-usb-c-bla","status":"publish","type":"product","link":"https:\/\/www.huntersfriend.eu\/sv\/produkt\/armytek-crystal-wrb-usb-c-bla\/","title":{"rendered":"Armytek Crystal WRB USB-c bl\u00e5"},"content":{"rendered":"<p data-start=\"96\" data-end=\"160\"><strong data-start=\"96\" data-end=\"160\">Armytek Crystal WRB bl\u00e5 USB-c \u2013 liten lampa, stor synlighet<\/strong><\/p>\n<p data-start=\"162\" data-end=\"437\">F\u00f6rest\u00e4ll dig att du \u00e4r ute och springer en kv\u00e4ll p\u00e5 en stig utan gatubelysning. Eller cyklar hem efter ett sent arbetspass n\u00e4r skymningen \u00f6verg\u00e5r i m\u00f6rker. Eller kanske \u00e4r du p\u00e5 en campingplats, d\u00e4r en enda fungerande ljusk\u00e4lla kan g\u00f6ra skillnaden mellan att hitta din utrustning \u2013 eller till och med hitta tillbaka.  <\/p>\n<p data-start=\"439\" data-end=\"774\"><strong data-start=\"443\" data-end=\"477\">Armytek Crystal WRB Blue USB-C<\/strong> \u00e4r inte bara en ficklampa \u2013 det \u00e4r en multifunktionell s\u00e4kerhetsanordning som passar p\u00e5 din nyckelring, glider ner i din skjortficka, f\u00e4sts p\u00e5 cykelstyret och till och med fungerar som en pannlampa. Inuti dess kompakta kropp finns ett intelligent belysningssystem som hj\u00e4lper dig att <strong data-start=\"738\" data-end=\"757\">se och synas<\/strong> vart du \u00e4n g\u00e5r. <\/p>\n<p data-start=\"776\" data-end=\"920\">Den h\u00e4r lampan \u00e4r gjord f\u00f6r aktiva m\u00e4nniskor \u2013 cyklister, l\u00f6pare, vandrare, bilresen\u00e4rer \u2013 alla som v\u00e4rdes\u00e4tter <strong data-start=\"875\" data-end=\"919\">p\u00e5litlighet, synlighet och anv\u00e4ndarv\u00e4nlighet<\/strong>.<\/p>\n<hr data-start=\"922\" data-end=\"925\">\n<h3 data-start=\"927\" data-end=\"985\"><strong data-start=\"931\" data-end=\"985\">Sex sk\u00e4l att v\u00e4lja Armytek Crystal WRB bl\u00e5<\/strong><\/h3>\n<ul data-start=\"987\" data-end=\"1617\">\n<li data-start=\"987\" data-end=\"1130\">\n<p data-start=\"989\" data-end=\"1130\"><strong data-start=\"989\" data-end=\"1022\">Starkt vidvinkelvitt ljus<\/strong> lyser effektivt upp din omedelbara omgivning \u2013 perfekt f\u00f6r att l\u00e4sa, g\u00e5 eller arbeta med utrustning.<\/p>\n<\/li>\n<li data-start=\"1131\" data-end=\"1241\">\n<p data-start=\"1133\" data-end=\"1241\"><strong data-start=\"1133\" data-end=\"1146\">R\u00f6tt ljus<\/strong> bevarar m\u00f6rkerseendet och fungerar som ett diskret ljus p\u00e5 n\u00e4ra h\u00e5ll f\u00f6r camping eller stj\u00e4rnsk\u00e5dning.<\/p>\n<\/li>\n<li data-start=\"1242\" data-end=\"1339\">\n<p data-start=\"1244\" data-end=\"1339\"><strong data-start=\"1244\" data-end=\"1278\">R\u00f6d-bl\u00e5tt n\u00f6dljusl\u00e4ge<\/strong> g\u00f6r dig synlig p\u00e5 v\u00e4gar, i trafiken eller i n\u00f6dsituationer.<\/p>\n<\/li>\n<li data-start=\"1340\" data-end=\"1427\">\n<p data-start=\"1342\" data-end=\"1427\"><strong data-start=\"1342\" data-end=\"1378\">6 ljusl\u00e4gen med en knapp<\/strong> \u2013 snabba, enkla justeringar f\u00f6r alla situationer.<\/p>\n<\/li>\n<li data-start=\"1428\" data-end=\"1510\">\n<p data-start=\"1430\" data-end=\"1510\"><strong data-start=\"1430\" data-end=\"1448\">USB-C-laddning<\/strong> \u2013 inga specialkablar beh\u00f6vs, ladda med din telefonladdare.<\/p>\n<\/li>\n<li data-start=\"1511\" data-end=\"1617\">\n<p data-start=\"1513\" data-end=\"1617\"><strong data-start=\"1513\" data-end=\"1540\">H\u00e5llbar och l\u00e4ttviktig<\/strong> \u2013 flygplansklassad aluminiumkropp t\u00e5l st\u00f6tar men v\u00e4ger bara 34 gram.<\/p>\n<\/li>\n<\/ul>\n<hr data-start=\"1619\" data-end=\"1622\">\n<h3 data-start=\"1624\" data-end=\"1646\"><strong data-start=\"1628\" data-end=\"1646\">Specifikationer<\/strong><\/h3>\n<div class=\"_tableContainer_16hzy_1\">\n<div class=\"_tableWrapper_16hzy_14 group flex w-fit flex-col-reverse\" tabindex=\"-1\">\n<table class=\"w-fit min-w-(--thread-content-width)\" data-start=\"1648\" data-end=\"2486\">\n<thead data-start=\"1648\" data-end=\"1681\">\n<tr data-start=\"1648\" data-end=\"1681\">\n<th data-start=\"1648\" data-end=\"1670\" data-col-size=\"sm\">Funktion<\/th>\n<th data-start=\"1670\" data-end=\"1681\" data-col-size=\"md\">detaljer<\/th>\n<\/tr>\n<\/thead>\n<tbody data-start=\"1716\" data-end=\"2486\">\n<tr data-start=\"1716\" data-end=\"1789\">\n<td data-start=\"1716\" data-end=\"1739\" data-col-size=\"sm\"><strong data-start=\"1718\" data-end=\"1732\">Ljusstyrka<\/strong><\/td>\n<td data-start=\"1739\" data-end=\"1789\" data-col-size=\"md\">150 lm (vit), 12 lm (r\u00f6d), 30\/17 lm (beacon)<\/td>\n<\/tr>\n<tr data-start=\"1790\" data-end=\"1852\">\n<td data-start=\"1790\" data-end=\"1813\" data-col-size=\"sm\"><strong data-start=\"1792\" data-end=\"1806\">Spridningsvinkel<\/strong><\/td>\n<td data-start=\"1813\" data-end=\"1852\" data-col-size=\"md\">140\u00b0 (vidvinkel, ljus p\u00e5 n\u00e4ra h\u00e5ll)<\/td>\n<\/tr>\n<tr data-start=\"1853\" data-end=\"1903\">\n<td data-start=\"1853\" data-end=\"1876\" data-col-size=\"sm\"><strong data-start=\"1855\" data-end=\"1871\">Batterityp<\/strong><\/td>\n<td data-start=\"1876\" data-end=\"1903\" data-col-size=\"md\">Inbyggt Li-Pol 600 mAh<\/td>\n<\/tr>\n<tr data-start=\"1904\" data-end=\"1965\">\n<td data-start=\"1904\" data-end=\"1927\" data-col-size=\"sm\"><strong data-start=\"1906\" data-end=\"1918\">Laddning<\/strong><\/td>\n<td data-start=\"1927\" data-end=\"1965\" data-col-size=\"md\">USB-C, med LED-laddningsindikator<\/td>\n<\/tr>\n<tr data-start=\"1966\" data-end=\"2060\">\n<td data-start=\"1966\" data-end=\"1989\" data-col-size=\"sm\"><strong data-start=\"1968\" data-end=\"1979\">Drifttid<\/strong><\/td>\n<td data-start=\"1989\" data-end=\"2060\" data-col-size=\"md\">Upp till 2 tim 15 min (vit), upp till 50 dagar (eco-l\u00e4ge), 3 tim 25 min (beacon)<\/td>\n<\/tr>\n<tr data-start=\"2061\" data-end=\"2159\">\n<td data-start=\"2061\" data-end=\"2084\" data-col-size=\"sm\"><strong data-start=\"2063\" data-end=\"2081\">Ljusl\u00e4gen<\/strong><\/td>\n<td data-start=\"2084\" data-end=\"2159\" data-col-size=\"md\">Vit (h\u00f6g\/l\u00e5g), r\u00f6d, r\u00f6d-bl\u00e5 beacon, vit strobe, kombinationsl\u00e4gen<\/td>\n<\/tr>\n<tr data-start=\"2160\" data-end=\"2224\">\n<td data-start=\"2160\" data-end=\"2183\" data-col-size=\"sm\"><strong data-start=\"2162\" data-end=\"2179\">Storlek &amp; Vikt<\/strong><\/td>\n<td data-start=\"2183\" data-end=\"2224\" data-col-size=\"md\">63 \u00d7 43 \u00d7 15 mm \/ 34 g (med batteri)<\/td>\n<\/tr>\n<tr data-start=\"2225\" data-end=\"2294\">\n<td data-start=\"2225\" data-end=\"2248\" data-col-size=\"sm\"><strong data-start=\"2227\" data-end=\"2243\">Konstruktion<\/strong><\/td>\n<td data-col-size=\"md\" data-start=\"2248\" data-end=\"2294\">Flygplansaluminium + h\u00e5rdanodiserad bel\u00e4ggning<\/td>\n<\/tr>\n<tr data-start=\"2295\" data-end=\"2372\">\n<td data-start=\"2295\" data-end=\"2318\" data-col-size=\"sm\"><strong data-start=\"2297\" data-end=\"2311\">H\u00e5llbarhet<\/strong><\/td>\n<td data-col-size=\"md\" data-start=\"2318\" data-end=\"2372\">IP67 vattent\u00e4t (upp till 1 m), st\u00f6tt\u00e5lig (upp till 10 m)<\/td>\n<\/tr>\n<tr data-start=\"2373\" data-end=\"2421\">\n<td data-start=\"2373\" data-end=\"2401\" data-col-size=\"sm\"><strong data-start=\"2375\" data-end=\"2400\">Drifttemperatur<\/strong><\/td>\n<td data-col-size=\"md\" data-start=\"2401\" data-end=\"2421\">\u201310 \u00b0C till +40 \u00b0C<\/td>\n<\/tr>\n<tr data-start=\"2422\" data-end=\"2486\">\n<td data-start=\"2422\" data-end=\"2445\" data-col-size=\"sm\"><strong data-start=\"2424\" data-end=\"2436\">Garanti<\/strong><\/td>\n<td data-col-size=\"md\" data-start=\"2445\" data-end=\"2486\">5 \u00e5rs kvalitetsgaranti fr\u00e5n tillverkaren<\/td>\n<\/tr>\n<\/tbody>\n<\/table>\n<div class=\"sticky end-(--thread-content-margin) h-0 self-end select-none\">\n<div class=\"absolute end-0 flex items-end\"><\/div>\n<\/div>\n<\/div>\n<\/div>\n<hr data-start=\"2488\" data-end=\"2491\">\n<h3 data-start=\"2493\" data-end=\"2530\"><strong data-start=\"2497\" data-end=\"2530\">Anv\u00e4nd den hur och var du vill<\/strong><\/h3>\n<ul data-start=\"2532\" data-end=\"2796\">\n<li data-start=\"2532\" data-end=\"2586\">\n<p data-start=\"2534\" data-end=\"2586\"><strong data-start=\"2534\" data-end=\"2551\">Som pannlampa<\/strong> \u2013 inkluderar ett flexibelt huvudband<\/p>\n<\/li>\n<li data-start=\"2587\" data-end=\"2652\">\n<p data-start=\"2589\" data-end=\"2652\"><strong data-start=\"2589\" data-end=\"2608\">Som cykellampa<\/strong> \u2013 silikonf\u00e4sten g\u00f6r den enkel att installera<\/p>\n<\/li>\n<li data-start=\"2653\" data-end=\"2709\">\n<p data-start=\"2655\" data-end=\"2709\"><strong data-start=\"2655\" data-end=\"2689\">Som nyckelring eller ryggs\u00e4ckskl\u00e4mma<\/strong> \u2013 alltid med dig<\/p>\n<\/li>\n<li data-start=\"2710\" data-end=\"2796\">\n<p data-start=\"2712\" data-end=\"2796\"><strong data-start=\"2712\" data-end=\"2737\">Som n\u00f6dljus<\/strong> i din bil eller p\u00e5 v\u00e4gen \u2013 beacon-l\u00e4get \u00e4r mycket synligt<\/p>\n<\/li>\n<\/ul>\n<hr data-start=\"2798\" data-end=\"2801\">\n<p data-start=\"2803\" data-end=\"2986\"><strong data-start=\"2807\" data-end=\"2841\">Armytek Crystal WRB Blue USB-C<\/strong> \u00e4r mer \u00e4n bara en lampa \u2013 det \u00e4r en kompakt s\u00e4kerhetsanordning som hj\u00e4lper dig att se, synas och vara s\u00e4ker, oavsett om det \u00e4r i vardagen eller p\u00e5 utomhus\u00e4ventyr.<\/p>\n","protected":false},"excerpt":{"rendered":"<p>Armytek Crystal WRB bl\u00e5 USB-c \u2013 liten lampa, stor synlighet F\u00f6rest\u00e4ll dig att du \u00e4r ute och springer en kv\u00e4ll p\u00e5 en stig utan gatubelysning. Eller cyklar hem efter ett sent arbetspass n\u00e4r skymningen \u00f6verg\u00e5r i m\u00f6rker. Eller kanske \u00e4r du p\u00e5 en campingplats, d\u00e4r en enda fungerande ljusk\u00e4lla kan g\u00f6ra skillnaden mellan att hitta [&#8230;]\n","protected":false},"featured_media":283512,"comment_status":"open","ping_status":"closed","template":"","meta":[],"product_brand":[],"product_cat":[2525],"product_tag":[],"class_list":{"0":"post-285593","1":"product","2":"type-product","3":"status-publish","4":"has-post-thumbnail","6":"product_cat-jaktlampor","8":"first","9":"instock","10":"taxable","11":"shipping-taxable","12":"purchasable","13":"product-type-simple"},"composite_virtual":false,"composite_layout":"","composite_add_to_cart_form_location":"","composite_editable_in_cart":false,"composite_sold_individually_context":"","composite_shop_price_calc":"","composite_components":[],"composite_scenarios":[],"group_of_quantity":0,"min_quantity":0,"max_quantity":"","exclude_order_quantity_value_rules":"no","exclude_category_quantity_rules":"no","combine_variations":"no","exclude_global_add_ons":[],"addons":[],"_links":{"self":[{"href":"https:\/\/www.huntersfriend.eu\/sv\/wp-json\/wp\/v2\/product\/285593","targetHints":{"allow":["GET"]}}],"collection":[{"href":"https:\/\/www.huntersfriend.eu\/sv\/wp-json\/wp\/v2\/product"}],"about":[{"href":"https:\/\/www.huntersfriend.eu\/sv\/wp-json\/wp\/v2\/types\/product"}],"replies":[{"embeddable":true,"href":"https:\/\/www.huntersfriend.eu\/sv\/wp-json\/wp\/v2\/comments?post=285593"}],"wp:featuredmedia":[{"embeddable":true,"href":"https:\/\/www.huntersfriend.eu\/sv\/wp-json\/wp\/v2\/media\/283512"}],"wp:attachment":[{"href":"https:\/\/www.huntersfriend.eu\/sv\/wp-json\/wp\/v2\/media?parent=285593"}],"wp:term":[{"taxonomy":"product_brand","embeddable":true,"href":"https:\/\/www.huntersfriend.eu\/sv\/wp-json\/wp\/v2\/product_brand?post=285593"},{"taxonomy":"product_cat","embeddable":true,"href":"https:\/\/www.huntersfriend.eu\/sv\/wp-json\/wp\/v2\/product_cat?post=285593"},{"taxonomy":"product_tag","embeddable":true,"href":"https:\/\/www.huntersfriend.eu\/sv\/wp-json\/wp\/v2\/product_tag?post=285593"}],"curies":[{"name":"wp","href":"https:\/\/api.w.org\/{rel}","templated":true}]}}