{"id":285592,"date":"2025-06-19T00:40:01","date_gmt":"2025-06-18T22:40:01","guid":{"rendered":"https:\/\/www.huntersfriend.eu\/product\/armytek-crystal-pro-gra\/"},"modified":"2025-08-26T10:31:40","modified_gmt":"2025-08-26T08:31:40","slug":"armytek-crystal-pro-gra","status":"publish","type":"product","link":"https:\/\/www.huntersfriend.eu\/sv\/produkt\/armytek-crystal-pro-gra\/","title":{"rendered":"Armytek Crystal pro Gr\u00e5"},"content":{"rendered":"<p data-start=\"0\" data-end=\"57\"><strong data-start=\"0\" data-end=\"57\">Armytek Crystal pro Gr\u00e5 \u2013 en m\u00e5ngsidig vardagslampa<\/strong><\/p>\n<p data-start=\"59\" data-end=\"364\">F\u00f6rest\u00e4ll dig f\u00f6ljande: du cyklar hem l\u00e4ngs en m\u00f6rk skogsstig. H\u00e4ngande fr\u00e5n din nyckelring finns en liten ficklampa som inte bara lyser upp din smutsiga uppfart utan ocks\u00e5 kan varna bilar bakom dig med en r\u00f6d blinkande bromssignal. Detta \u00e4r inte bara en gimmick \u2013 detta \u00e4r <strong data-start=\"335\" data-end=\"363\">Armytek Crystal Pro Gr\u00e5<\/strong>.  <\/p>\n<p data-start=\"366\" data-end=\"704\"><strong data-start=\"370\" data-end=\"385\">Crystal Pro<\/strong> \u00e4r mer \u00e4n bara en ficklampa \u2013 det \u00e4r en kompakt <strong data-start=\"434\" data-end=\"457\">7-i-1-ljusk\u00e4lla<\/strong>: t\u00e5lig, ljusstark och smart. Dess genomskinliga polykarbonatkropp sprider ljuset brett och erbjuder unik, effektiv belysning p\u00e5 n\u00e4ra h\u00e5ll. Med ett enkelt tryck, ett dubbelklick eller en n\u00f6dblinkning \u00e4r den alltid redo n\u00e4r och d\u00e4r du beh\u00f6ver den.  <\/p>\n<hr data-start=\"706\" data-end=\"709\">\n<h3 data-start=\"711\" data-end=\"771\"><strong data-start=\"715\" data-end=\"771\">5 anledningar till varf\u00f6r Crystal pro borde vara din favoritlampa<\/strong><\/h3>\n<ul data-start=\"773\" data-end=\"1527\">\n<li data-start=\"773\" data-end=\"896\">\n<p data-start=\"775\" data-end=\"896\"><strong data-start=\"775\" data-end=\"807\">Starkt vitt ljus (220\u202flm):<\/strong> Belysning p\u00e5 n\u00e4ra h\u00e5ll med brett omr\u00e5de, perfekt f\u00f6r stigar, arbete i m\u00f6rker eller nattvandringar.<\/p>\n<\/li>\n<li data-start=\"897\" data-end=\"1099\">\n<p data-start=\"899\" data-end=\"1099\"><strong data-start=\"899\" data-end=\"943\">R\u00f6tt ljus + bromsblink (30\u202flm \/ 43\u202flm):<\/strong> Fungerar som nattlampa och n\u00f6dsignal. Tack vare den inbyggda <strong data-start=\"1011\" data-end=\"1037\">3D-accelerationssensorn<\/strong> blinkar den automatiskt vid inbromsning (t.ex. p\u00e5 en cykel). <\/p>\n<\/li>\n<li data-start=\"1100\" data-end=\"1227\">\n<p data-start=\"1102\" data-end=\"1227\"><strong data-start=\"1102\" data-end=\"1123\">7 ljusl\u00e4gen:<\/strong> Fem vita och sju r\u00f6da inst\u00e4llningar \u2013 inklusive blinkande ljus och Firefly-l\u00e4ge f\u00f6r ultral\u00e5ng drifttid.<\/p>\n<\/li>\n<li data-start=\"1228\" data-end=\"1407\">\n<p data-start=\"1230\" data-end=\"1407\"><strong data-start=\"1230\" data-end=\"1270\">USB-uppladdningsbart &amp; p\u00e5litligt batteri:<\/strong> Inbyggt 600\u202fmAh Li-Pol-batteri laddas via Micro-USB. Fullt batteri varar upp till <strong data-start=\"1351\" data-end=\"1363\">2 tim 20 min<\/strong>, och Firefly-l\u00e4get varar upp till <strong data-start=\"1393\" data-end=\"1404\">50 dagar<\/strong>. <\/p>\n<\/li>\n<li data-start=\"1408\" data-end=\"1527\">\n<p data-start=\"1410\" data-end=\"1527\"><strong data-start=\"1410\" data-end=\"1433\">T\u00e5lig &amp; b\u00e4rbar:<\/strong> V\u00e4ger endast 34 g. Kompakt (63 \u00d7 43 \u00d7 15\u202fmm), <strong data-start=\"1478\" data-end=\"1497\">IP67 vattent\u00e4t<\/strong>, st\u00f6tt\u00e5lig fr\u00e5n fall p\u00e5 10 m. <\/p>\n<\/li>\n<\/ul>\n<hr data-start=\"1529\" data-end=\"1532\">\n<h3 data-start=\"1534\" data-end=\"1557\"><strong data-start=\"1538\" data-end=\"1557\">Tekniska specifikationer<\/strong><\/h3>\n<div class=\"_tableContainer_80l1q_1\">\n<div class=\"_tableWrapper_80l1q_14 group flex w-fit flex-col-reverse\" tabindex=\"-1\">\n<table class=\"w-fit min-w-(--thread-content-width)\" data-start=\"1559\" data-end=\"2265\">\n<thead data-start=\"1559\" data-end=\"1591\">\n<tr data-start=\"1559\" data-end=\"1591\">\n<th data-start=\"1559\" data-end=\"1580\" data-col-size=\"sm\">Funktion<\/th>\n<th data-start=\"1580\" data-end=\"1591\" data-col-size=\"md\">detaljer<\/th>\n<\/tr>\n<\/thead>\n<tbody data-start=\"1625\" data-end=\"2265\">\n<tr data-start=\"1625\" data-end=\"1711\">\n<td data-start=\"1625\" data-end=\"1646\" data-col-size=\"sm\"><strong data-start=\"1627\" data-end=\"1642\">Vitt ljus<\/strong><\/td>\n<td data-col-size=\"md\" data-start=\"1646\" data-end=\"1711\">220\u202flm, 14\u202fm r\u00e4ckvidd, 70\u00b0 centralt + 140\u00b0 spridning (fr\u00e5n armytek.fi)<\/td>\n<\/tr>\n<tr data-start=\"1712\" data-end=\"1771\">\n<td data-start=\"1712\" data-end=\"1733\" data-col-size=\"sm\"><strong data-start=\"1714\" data-end=\"1727\">R\u00f6tt ljus<\/strong><\/td>\n<td data-col-size=\"md\" data-start=\"1733\" data-end=\"1771\">30\u202flm, 5\u202fm r\u00e4ckvidd; Bromsblink 43\u202flm<\/td>\n<\/tr>\n<tr data-start=\"1772\" data-end=\"1820\">\n<td data-start=\"1772\" data-end=\"1793\" data-col-size=\"sm\"><strong data-start=\"1774\" data-end=\"1785\">Batteri<\/strong><\/td>\n<td data-col-size=\"md\" data-start=\"1793\" data-end=\"1820\">Inbyggt 600\u202fmAh Li-Pol<\/td>\n<\/tr>\n<tr data-start=\"1821\" data-end=\"1878\">\n<td data-start=\"1821\" data-end=\"1842\" data-col-size=\"sm\"><strong data-start=\"1823\" data-end=\"1835\">Laddning<\/strong><\/td>\n<td data-col-size=\"md\" data-start=\"1842\" data-end=\"1878\">Micro-USB, f\u00e4rgad LED-indikator<\/td>\n<\/tr>\n<tr data-start=\"1879\" data-end=\"1996\">\n<td data-start=\"1879\" data-end=\"1900\" data-col-size=\"sm\"><strong data-start=\"1881\" data-end=\"1892\">Drifttid<\/strong><\/td>\n<td data-col-size=\"md\" data-start=\"1900\" data-end=\"1996\">Vitt max: 2 tim 20 min (180\u202flm efter 4 min), R\u00f6tt max: 3 tim, Firefly: upp till 50 dagar (r\u00f6tt: 30 dagar)<\/td>\n<\/tr>\n<tr data-start=\"1997\" data-end=\"2075\">\n<td data-start=\"1997\" data-end=\"2018\" data-col-size=\"sm\"><strong data-start=\"1999\" data-end=\"2014\">Ljusl\u00e4gen<\/strong><\/td>\n<td data-col-size=\"md\" data-start=\"2018\" data-end=\"2075\">6 vita + 7 r\u00f6da, inklusive Blink, Firefly och Strobe<\/td>\n<\/tr>\n<tr data-start=\"2076\" data-end=\"2123\">\n<td data-start=\"2076\" data-end=\"2097\" data-col-size=\"sm\"><strong data-start=\"2078\" data-end=\"2093\">Storlek\/vikt<\/strong><\/td>\n<td data-col-size=\"md\" data-start=\"2097\" data-end=\"2123\">63 \u00d7 43 \u00d7 15\u202fmm \/ 34\u202fg<\/td>\n<\/tr>\n<tr data-start=\"2124\" data-end=\"2232\">\n<td data-start=\"2124\" data-end=\"2148\" data-col-size=\"sm\"><strong data-start=\"2126\" data-end=\"2147\">Konstruktion &amp; IP-klassning<\/strong><\/td>\n<td data-col-size=\"md\" data-start=\"2148\" data-end=\"2232\">Polykarbonat + anodiserad aluminium, <strong data-start=\"2185\" data-end=\"2193\">IP67<\/strong> (1m \/ 30 min), fallt\u00e5lig till 10m<\/td>\n<\/tr>\n<tr data-start=\"2233\" data-end=\"2265\">\n<td data-start=\"2233\" data-end=\"2254\" data-col-size=\"sm\"><strong data-start=\"2235\" data-end=\"2247\">Garanti<\/strong><\/td>\n<td data-col-size=\"md\" data-start=\"2254\" data-end=\"2265\">5 \u00e5r<\/td>\n<\/tr>\n<\/tbody>\n<\/table>\n<div class=\"sticky end-(--thread-content-margin) h-0 self-end select-none\">\n<div class=\"absolute end-0 flex items-end\"><\/div>\n<\/div>\n<\/div>\n<\/div>\n<hr data-start=\"2267\" data-end=\"2270\">\n<h3 data-start=\"2272\" data-end=\"2299\"><strong data-start=\"2276\" data-end=\"2299\">Verkligen m\u00e5ngsidig<\/strong><\/h3>\n<ul data-start=\"2301\" data-end=\"2571\">\n<li data-start=\"2301\" data-end=\"2351\">\n<p data-start=\"2303\" data-end=\"2351\"><strong data-start=\"2303\" data-end=\"2321\">Som pannlampa:<\/strong> Inkluderar elastiskt huvudband<\/p>\n<\/li>\n<li data-start=\"2352\" data-end=\"2416\">\n<p data-start=\"2354\" data-end=\"2416\"><strong data-start=\"2354\" data-end=\"2383\">Som cykelbromsljus:<\/strong> Inbyggd sensor och cykelf\u00e4ste<\/p>\n<\/li>\n<li data-start=\"2417\" data-end=\"2486\">\n<p data-start=\"2419\" data-end=\"2486\"><strong data-start=\"2419\" data-end=\"2448\">F\u00f6r nyckelringar eller fickor:<\/strong> Kraftigt clip och nano-f\u00e4ste<\/p>\n<\/li>\n<li data-start=\"2487\" data-end=\"2571\">\n<p data-start=\"2489\" data-end=\"2571\"><strong data-start=\"2489\" data-end=\"2520\">F\u00f6r n\u00f6dsituationer &amp; signalanv\u00e4ndning:<\/strong> Blinkande och Firefly-l\u00e4gen \u00e4r synliga p\u00e5 avst\u00e5nd<\/p>\n<\/li>\n<\/ul>\n<hr data-start=\"2573\" data-end=\"2576\">\n<h3 data-start=\"2578\" data-end=\"2618\"><strong data-start=\"2582\" data-end=\"2618\">Varf\u00f6r v\u00e4lja Crystal pro Gr\u00e5?<\/strong><\/h3>\n<p data-start=\"2620\" data-end=\"2905\" data-is-last-node=\"\" data-is-only-node=\"\">Den h\u00e4r lampan kombinerar <strong data-start=\"2640\" data-end=\"2677\">smidighet, intelligens och s\u00e4kerhet<\/strong>. Den \u201c\u00e4r kompakt, kraftfull nog f\u00f6r vardagsbruk och hj\u00e4lper till och med att g\u00f6ra din n\u00e4rvaro k\u00e4nd i trafiken. Med <strong data-start=\"2789\" data-end=\"2828\">Armyteks<\/strong> legendariska 5-\u00e5rsgaranti \u00e4r den byggd f\u00f6r att vara din vardagsbelysningsl\u00f6sning \u2013 vart livet \u00e4n tar dig.\u201d  <\/p>\n","protected":false},"excerpt":{"rendered":"<p>Armytek Crystal pro Gr\u00e5 \u2013 en m\u00e5ngsidig vardagslampa F\u00f6rest\u00e4ll dig f\u00f6ljande: du cyklar hem l\u00e4ngs en m\u00f6rk skogsstig. H\u00e4ngande fr\u00e5n din nyckelring finns en liten ficklampa som inte bara lyser upp din smutsiga uppfart utan ocks\u00e5 kan varna bilar bakom dig med en r\u00f6d blinkande bromssignal. Detta \u00e4r inte bara en gimmick \u2013 detta \u00e4r [&#8230;]\n","protected":false},"featured_media":282946,"comment_status":"open","ping_status":"closed","template":"","meta":[],"product_brand":[],"product_cat":[2567,2525],"product_tag":[],"class_list":{"0":"post-285592","1":"product","2":"type-product","3":"status-publish","4":"has-post-thumbnail","6":"product_cat-campingtillbehor","7":"product_cat-jaktlampor","9":"first","10":"instock","11":"taxable","12":"shipping-taxable","13":"purchasable","14":"product-type-simple"},"composite_virtual":false,"composite_layout":"","composite_add_to_cart_form_location":"","composite_editable_in_cart":false,"composite_sold_individually_context":"","composite_shop_price_calc":"","composite_components":[],"composite_scenarios":[],"group_of_quantity":0,"min_quantity":0,"max_quantity":"","exclude_order_quantity_value_rules":"no","exclude_category_quantity_rules":"no","combine_variations":"no","exclude_global_add_ons":[],"addons":[],"_links":{"self":[{"href":"https:\/\/www.huntersfriend.eu\/sv\/wp-json\/wp\/v2\/product\/285592","targetHints":{"allow":["GET"]}}],"collection":[{"href":"https:\/\/www.huntersfriend.eu\/sv\/wp-json\/wp\/v2\/product"}],"about":[{"href":"https:\/\/www.huntersfriend.eu\/sv\/wp-json\/wp\/v2\/types\/product"}],"replies":[{"embeddable":true,"href":"https:\/\/www.huntersfriend.eu\/sv\/wp-json\/wp\/v2\/comments?post=285592"}],"wp:featuredmedia":[{"embeddable":true,"href":"https:\/\/www.huntersfriend.eu\/sv\/wp-json\/wp\/v2\/media\/282946"}],"wp:attachment":[{"href":"https:\/\/www.huntersfriend.eu\/sv\/wp-json\/wp\/v2\/media?parent=285592"}],"wp:term":[{"taxonomy":"product_brand","embeddable":true,"href":"https:\/\/www.huntersfriend.eu\/sv\/wp-json\/wp\/v2\/product_brand?post=285592"},{"taxonomy":"product_cat","embeddable":true,"href":"https:\/\/www.huntersfriend.eu\/sv\/wp-json\/wp\/v2\/product_cat?post=285592"},{"taxonomy":"product_tag","embeddable":true,"href":"https:\/\/www.huntersfriend.eu\/sv\/wp-json\/wp\/v2\/product_tag?post=285592"}],"curies":[{"name":"wp","href":"https:\/\/api.w.org\/{rel}","templated":true}]}}