{"id":285591,"date":"2025-06-19T00:39:57","date_gmt":"2025-06-18T22:39:57","guid":{"rendered":"https:\/\/www.huntersfriend.eu\/product\/alps-faltsang-xl\/"},"modified":"2025-08-26T10:31:40","modified_gmt":"2025-08-26T08:31:40","slug":"alps-faltsang-xl","status":"publish","type":"product","link":"https:\/\/www.huntersfriend.eu\/sv\/produkt\/alps-faltsang-xl\/","title":{"rendered":"Alps f\u00e4lts\u00e4ng XL"},"content":{"rendered":"<div class=\"product data items cs-container__inner\" role=\"tablist\">\n<div id=\"tab-label-reviews\" class=\"data item title\" tabindex=\"0\" role=\"tab\" data-role=\"collapsible\" data-collapsible=\"true\" aria-controls=\"reviews\" aria-selected=\"false\" aria-expanded=\"false\"><span style=\"color: #555555;\">N\u00e4r du \u00e4r borta fr\u00e5n din s\u00e4ng, se till att du fortfarande f\u00e5r en god natts s\u00f6mn. Med en ALPS Camp Cot kan du vara s\u00e4ker p\u00e5 att f\u00e5 just det. S\u00e4ngen har robusta st\u00e5lkopplingar kombinerat med 600D polyestertyg f\u00f6r att g\u00f6ra din s\u00e4ng-borta-fr\u00e5n-hemmet s\u00e5 bekv\u00e4m som m\u00f6jligt. Den f\u00e4lls enkelt ihop och passar i en b\u00e4rv\u00e4ska, s\u00e5 den \u00e4r l\u00e4tt att transportera och f\u00f6rvara n\u00e4r den inte anv\u00e4nds.   <\/span><\/div>\n<div tabindex=\"0\" role=\"tab\" data-role=\"collapsible\" data-collapsible=\"true\" aria-controls=\"reviews\" aria-selected=\"false\" aria-expanded=\"false\">\n<div class=\"product info detailed cs-container\">\n<div class=\"product tabs cs-container__inner mage-tabs-disabled\">\n<div id=\"feats\" class=\"data item content\" role=\"tabpanel\" aria-labelledby=\"tab-label-feats\" data-role=\"content\" aria-hidden=\"false\">\n<div class=\"product attribute features\">\n<div class=\"value\">\n<ul>\n<li>600D polyestertyg<\/li>\n<li>Robusta st\u00e5lkopplingar<\/li>\n<li>Pulverlackerad aluminiumram<\/li>\n<li>Organisationsficka<\/li>\n<\/ul>\n<\/div>\n<\/div>\n<\/div>\n<\/div>\n<\/div>\n<div class=\"widget block block-static-block\">\n<div data-content-type=\"row\" data-appearance=\"contained\" data-element=\"main\">\n<div data-enable-parallax=\"0\" data-parallax-speed=\"0.5\" data-background-images=\"{}\" data-background-type=\"image\" data-video-loop=\"true\" data-video-play-only-visible=\"true\" data-video-lazy-load=\"true\" data-video-fallback-src=\"\" data-element=\"inner\" data-pb-style=\"KQQ2T9G\">\n<div data-content-type=\"html\" data-appearance=\"default\" data-element=\"main\" data-pb-style=\"YLUFBL1\" data-decoded=\"true\">\n<div class=\"prop-wrapper\" data-block=\"dropdown\">\n<table>\n<tbody>\n<tr>\n<th scope=\"row\">M\u00e5tt<\/th>\n<td>190 x 81 x 46 cm<\/td>\n<\/tr>\n<tr>\n<th scope=\"row\">Packad storlek<\/th>\n<td>97 x 25 x 20 cm<\/td>\n<\/tr>\n<tr>\n<th scope=\"row\">Vikt<\/th>\n<td>19 lbs.\/8.6kg<\/td>\n<\/tr>\n<tr>\n<th scope=\"row\">Viktkapacitet<\/th>\n<td>325 lbs. \/147kg<\/td>\n<\/tr>\n<\/tbody>\n<\/table>\n<\/div>\n<\/div>\n<\/div>\n<\/div>\n<\/div>\n<\/div>\n<\/div>\n","protected":false},"excerpt":{"rendered":"<p>N\u00e4r du \u00e4r borta fr\u00e5n din s\u00e4ng, se till att du fortfarande f\u00e5r en god natts s\u00f6mn. Med en ALPS Camp Cot kan du vara s\u00e4ker p\u00e5 att f\u00e5 just det. S\u00e4ngen har robusta st\u00e5lkopplingar kombinerat med 600D polyestertyg f\u00f6r att g\u00f6ra din s\u00e4ng-borta-fr\u00e5n-hemmet s\u00e5 bekv\u00e4m som m\u00f6jligt. Den f\u00e4lls enkelt ihop och passar i [&#8230;]\n","protected":false},"featured_media":283184,"comment_status":"open","ping_status":"closed","template":"","meta":[],"product_brand":[],"product_cat":[2572],"product_tag":[],"class_list":{"0":"post-285591","1":"product","2":"type-product","3":"status-publish","4":"has-post-thumbnail","6":"product_cat-faltsangar-och-liggunderlag","8":"first","9":"outofstock","10":"taxable","11":"shipping-taxable","12":"purchasable","13":"product-type-simple"},"composite_virtual":false,"composite_layout":"","composite_add_to_cart_form_location":"","composite_editable_in_cart":false,"composite_sold_individually_context":"","composite_shop_price_calc":"","composite_components":[],"composite_scenarios":[],"group_of_quantity":0,"min_quantity":0,"max_quantity":"","exclude_order_quantity_value_rules":"no","exclude_category_quantity_rules":"no","combine_variations":"no","exclude_global_add_ons":[],"addons":[],"_links":{"self":[{"href":"https:\/\/www.huntersfriend.eu\/sv\/wp-json\/wp\/v2\/product\/285591","targetHints":{"allow":["GET"]}}],"collection":[{"href":"https:\/\/www.huntersfriend.eu\/sv\/wp-json\/wp\/v2\/product"}],"about":[{"href":"https:\/\/www.huntersfriend.eu\/sv\/wp-json\/wp\/v2\/types\/product"}],"replies":[{"embeddable":true,"href":"https:\/\/www.huntersfriend.eu\/sv\/wp-json\/wp\/v2\/comments?post=285591"}],"wp:featuredmedia":[{"embeddable":true,"href":"https:\/\/www.huntersfriend.eu\/sv\/wp-json\/wp\/v2\/media\/283184"}],"wp:attachment":[{"href":"https:\/\/www.huntersfriend.eu\/sv\/wp-json\/wp\/v2\/media?parent=285591"}],"wp:term":[{"taxonomy":"product_brand","embeddable":true,"href":"https:\/\/www.huntersfriend.eu\/sv\/wp-json\/wp\/v2\/product_brand?post=285591"},{"taxonomy":"product_cat","embeddable":true,"href":"https:\/\/www.huntersfriend.eu\/sv\/wp-json\/wp\/v2\/product_cat?post=285591"},{"taxonomy":"product_tag","embeddable":true,"href":"https:\/\/www.huntersfriend.eu\/sv\/wp-json\/wp\/v2\/product_tag?post=285591"}],"curies":[{"name":"wp","href":"https:\/\/api.w.org\/{rel}","templated":true}]}}