{"id":285590,"date":"2025-06-19T00:39:57","date_gmt":"2025-06-18T22:39:57","guid":{"rendered":"https:\/\/www.huntersfriend.eu\/product\/alperna-bergsklattring-stealth-1-talt\/"},"modified":"2025-08-26T10:31:39","modified_gmt":"2025-08-26T08:31:39","slug":"alperna-bergsklattring-stealth-1-talt","status":"publish","type":"product","link":"https:\/\/www.huntersfriend.eu\/sv\/produkt\/alperna-bergsklattring-stealth-1-talt\/","title":{"rendered":"Alperna bergskl\u00e4ttring stealth 1 t\u00e4lt"},"content":{"rendered":"<p>Stealth 1 \u00e4r ett l\u00e4ttviktsalternativ f\u00f6r backcountry-upplevelsen. Detta skydd \u00e4r tillverkat av slitstarka material, men l\u00e5ter dig \u00e4nd\u00e5 packa l\u00e4ttare och resa l\u00e4ngre, samtidigt som det erbjuder en bugg- och regnfri upplevelse. Denna \u00f6verklippta \u00f6ppningsdesign g\u00f6r att du kan sparka av dig st\u00f6vlarna och kliva in i bivackens kraftiga golv utan att beh\u00f6va krypa in och ut som m\u00e5nga liknande skydd. V\u00e5ra enkla att s\u00e4tta upp och innovativa st\u00f6d i ett stycke h\u00e5ller bivacken sp\u00e4nd och l\u00e5ter luft str\u00f6mma fr\u00e5n de t\u00e4ckta, no-see-um-n\u00e4tventilerna vid huvud och fot. Kombinera detta med v\u00e5r ultral\u00e4tta tarp som en ut\u00f6kad t\u00e4ckning och du kommer att ha mer \u00e4n tillr\u00e4ckligt med utrymme p\u00e5 ditt n\u00e4sta \u00e4ventyr utanf\u00f6r stigen.    <\/p>\n<ul>\n<li>Riklig ventilation f\u00f6r mindre kondens och en bekv\u00e4mare s\u00f6mn<\/li>\n<li>Stor \u00f6ppning som man kan kliva in i g\u00f6r det enkelt att g\u00e5 in och ut utan att krypa<\/li>\n<li>Slitstarkt, vattent\u00e4tt och ventilerande tyg \u00e4r helt s\u00f6mtejpat<\/li>\n<li>75D 185T Polyester yttert\u00e4lt med 1500 mm bel\u00e4ggning<\/li>\n<li>150D Polyester Oxford golv med 2000 mm bel\u00e4ggning<\/li>\n<li>No-see-um-n\u00e4t \u00f6ver huvud- och fotventilerna h\u00e5ller insekterna ute<\/li>\n<li>Tv\u00e5 innovativa glasfiberst\u00e4nger i ett stycke m\u00f6jligg\u00f6r snabb uppst\u00e4llning och nedmontering<\/li>\n<li>6 aluminium tri-pinnar, 4 pinn\u00f6glor; 2 f\u00f6rknutna f\u00e4stpunkter<\/li>\n<\/ul>\n<table>\n<tbody>\n<tr>\n<th scope=\"row\">Basstorlek<\/th>\n<td>6&#8217;10&#8221; L x 2&#8217;9&#8243; &#8211; 1&#8217;9&#8243; B<\/td>\n<\/tr>\n<tr>\n<th scope=\"row\">Fotboxstorlek<\/th>\n<td>20 \u201cB x 15\u201d H<\/td>\n<\/tr>\n<tr>\n<th scope=\"row\">Mittenh\u00f6jd<\/th>\n<td>1&#8217;9&#8243;<\/td>\n<\/tr>\n<tr>\n<th scope=\"row\">T\u00e4ltomr\u00e5de<\/th>\n<td>15.5 ft\u00b2<\/td>\n<\/tr>\n<tr>\n<th scope=\"row\">Minsta vikt<\/th>\n<td>1 lb. 12 oz. <\/td>\n<\/tr>\n<tr>\n<th scope=\"row\">Total vikt<\/th>\n<td>2 lbs.<\/td>\n<\/tr>\n<tr>\n<th scope=\"row\">Packad storlek<\/th>\n<td>1&#8242; L x 11&#8243; B x 3&#8243; H<\/td>\n<\/tr>\n<tr>\n<th scope=\"row\">St\u00e5ngdiameter<\/th>\n<td>2.5mm FG<\/td>\n<\/tr>\n<\/tbody>\n<\/table>\n","protected":false},"excerpt":{"rendered":"<p>Stealth 1 \u00e4r ett l\u00e4ttviktsalternativ f\u00f6r backcountry-upplevelsen. Detta skydd \u00e4r tillverkat av slitstarka material, men l\u00e5ter dig \u00e4nd\u00e5 packa l\u00e4ttare och resa l\u00e4ngre, samtidigt som det erbjuder en bugg- och regnfri upplevelse. Denna \u00f6verklippta \u00f6ppningsdesign g\u00f6r att du kan sparka av dig st\u00f6vlarna och kliva in i bivackens kraftiga golv utan att beh\u00f6va krypa in [&#8230;]\n","protected":false},"featured_media":283863,"comment_status":"open","ping_status":"closed","template":"","meta":[],"product_brand":[],"product_cat":[2615],"product_tag":[],"class_list":{"0":"post-285590","1":"product","2":"type-product","3":"status-publish","4":"has-post-thumbnail","6":"product_cat-talt","8":"first","9":"instock","10":"taxable","11":"shipping-taxable","12":"purchasable","13":"product-type-simple"},"composite_virtual":false,"composite_layout":"","composite_add_to_cart_form_location":"","composite_editable_in_cart":false,"composite_sold_individually_context":"","composite_shop_price_calc":"","composite_components":[],"composite_scenarios":[],"group_of_quantity":0,"min_quantity":0,"max_quantity":"","exclude_order_quantity_value_rules":"no","exclude_category_quantity_rules":"no","combine_variations":"no","exclude_global_add_ons":[],"addons":[],"_links":{"self":[{"href":"https:\/\/www.huntersfriend.eu\/sv\/wp-json\/wp\/v2\/product\/285590","targetHints":{"allow":["GET"]}}],"collection":[{"href":"https:\/\/www.huntersfriend.eu\/sv\/wp-json\/wp\/v2\/product"}],"about":[{"href":"https:\/\/www.huntersfriend.eu\/sv\/wp-json\/wp\/v2\/types\/product"}],"replies":[{"embeddable":true,"href":"https:\/\/www.huntersfriend.eu\/sv\/wp-json\/wp\/v2\/comments?post=285590"}],"wp:featuredmedia":[{"embeddable":true,"href":"https:\/\/www.huntersfriend.eu\/sv\/wp-json\/wp\/v2\/media\/283863"}],"wp:attachment":[{"href":"https:\/\/www.huntersfriend.eu\/sv\/wp-json\/wp\/v2\/media?parent=285590"}],"wp:term":[{"taxonomy":"product_brand","embeddable":true,"href":"https:\/\/www.huntersfriend.eu\/sv\/wp-json\/wp\/v2\/product_brand?post=285590"},{"taxonomy":"product_cat","embeddable":true,"href":"https:\/\/www.huntersfriend.eu\/sv\/wp-json\/wp\/v2\/product_cat?post=285590"},{"taxonomy":"product_tag","embeddable":true,"href":"https:\/\/www.huntersfriend.eu\/sv\/wp-json\/wp\/v2\/product_tag?post=285590"}],"curies":[{"name":"wp","href":"https:\/\/api.w.org\/{rel}","templated":true}]}}