{"id":285589,"date":"2025-06-19T00:40:00","date_gmt":"2025-06-18T22:40:00","guid":{"rendered":"https:\/\/www.huntersfriend.eu\/product\/armytek-wizard-v4-c2-pro-usb-sand\/"},"modified":"2026-03-18T22:00:30","modified_gmt":"2026-03-18T20:00:30","slug":"armytek-wizard-v4-c2-pro-usb-sand","status":"publish","type":"product","link":"https:\/\/www.huntersfriend.eu\/sv\/produkt\/armytek-wizard-v4-c2-pro-usb-sand\/","title":{"rendered":"Armytek Wizard v4 C2 pro USB, sand"},"content":{"rendered":"<h3 data-start=\"106\" data-end=\"194\"><strong data-start=\"110\" data-end=\"194\">Armytek Wizard C2 pro magnet USB \u2013 Flerfunktionsficklampa f\u00f6r professionellt bruk<\/strong><\/h3>\n<p data-start=\"196\" data-end=\"487\"><strong data-start=\"200\" data-end=\"236\">Armytek Wizard C2 Pro Magnet USB<\/strong> \u00e4r en <strong data-start=\"242\" data-end=\"263\">toppresterande pannlampa<\/strong> som kombinerar <strong data-start=\"278\" data-end=\"307\">klassledande prestanda<\/strong>, <strong data-start=\"309\" data-end=\"324\">m\u00e5ngsidighet<\/strong> och <strong data-start=\"330\" data-end=\"351\">robust h\u00e5llbarhet<\/strong>. Det \u00e4r det perfekta valet f\u00f6r b\u00e5de proffs och kr\u00e4vande hobbyanv\u00e4ndare som beh\u00f6ver en <strong data-start=\"435\" data-end=\"460\">p\u00e5litlig ljusk\u00e4lla<\/strong> under utmanande f\u00f6rh\u00e5llanden. <\/p>\n<hr data-start=\"489\" data-end=\"492\">\n<h3 data-start=\"494\" data-end=\"521\"><strong data-start=\"498\" data-end=\"521\">Tekniska funktioner:<\/strong><\/h3>\n<ul data-start=\"523\" data-end=\"1485\">\n<li data-start=\"523\" data-end=\"658\">\n<p data-start=\"525\" data-end=\"658\"><strong data-start=\"525\" data-end=\"558\">Ljusstyrka upp till 2 500 lumen<\/strong> \u2013 Utrustad med den senaste <strong data-start=\"586\" data-end=\"606\">Cree XHP50.2 LED<\/strong>, vilket ger en <strong data-start=\"621\" data-end=\"655\">extremt ljus och j\u00e4mn ljusk\u00e4gla<\/strong>.<\/p>\n<\/li>\n<li data-start=\"659\" data-end=\"814\">\n<p data-start=\"661\" data-end=\"814\"><strong data-start=\"661\" data-end=\"702\">Drifttid upp till 200 dagar (Firefly-l\u00e4ge)<\/strong> \u2013 L\u00e5ngvarig prestanda p\u00e5 alla ljusstyrkeniv\u00e5er. Levereras med ett kraftfullt <strong data-start=\"778\" data-end=\"811\">3500 mAh 18650 Li-Ion-batteri<\/strong>. <\/p>\n<\/li>\n<li data-start=\"815\" data-end=\"939\">\n<p data-start=\"817\" data-end=\"939\"><strong data-start=\"817\" data-end=\"842\">Magnetisk USB-laddning<\/strong> \u2013 Snabb och enkel laddning utan en separat laddare. Full laddning p\u00e5 cirka <strong data-start=\"925\" data-end=\"936\">3 timmar<\/strong>. <\/p>\n<\/li>\n<li data-start=\"940\" data-end=\"1056\">\n<p data-start=\"942\" data-end=\"1056\"><strong data-start=\"942\" data-end=\"983\">11 ljusstyrkeniv\u00e5er + 3 stroboskopl\u00e4gen<\/strong> \u2013 Fullst\u00e4ndig kontroll \u00f6ver ljusfl\u00f6det f\u00f6r olika uppgifter och milj\u00f6er.<\/p>\n<\/li>\n<li data-start=\"1057\" data-end=\"1212\">\n<p data-start=\"1059\" data-end=\"1212\"><strong data-start=\"1059\" data-end=\"1090\">Multifunktionellt monteringssystem<\/strong> \u2013 Anv\u00e4nd den som en <strong data-start=\"1105\" data-end=\"1117\">pannlampa<\/strong>, <strong data-start=\"1119\" data-end=\"1140\">ficklampa<\/strong>, eller f\u00e4st den p\u00e5 metallytor med den <strong data-start=\"1182\" data-end=\"1209\">starka magnetiska bakstycket<\/strong>.<\/p>\n<\/li>\n<li data-start=\"1213\" data-end=\"1369\">\n<p data-start=\"1215\" data-end=\"1369\"><strong data-start=\"1215\" data-end=\"1250\">Vattent\u00e4t och slagt\u00e5lig<\/strong> \u2013 Klassad <strong data-start=\"1259\" data-end=\"1267\">IP68<\/strong> (kan s\u00e4nkas ned till 10 meter), <strong data-start=\"1299\" data-end=\"1329\">falls\u00e4ker upp till 10 meter<\/strong>, helt f\u00f6rseglad mot damm och vatten.<\/p>\n<\/li>\n<li data-start=\"1370\" data-end=\"1485\">\n<p data-start=\"1372\" data-end=\"1485\"><strong data-start=\"1372\" data-end=\"1400\">Handskv\u00e4nlig anv\u00e4ndning<\/strong> \u2013 Knappen \u00e4r <strong data-start=\"1413\" data-end=\"1433\">optimalt placerad<\/strong> f\u00f6r snabb och s\u00e4ker \u00e5tkomst, \u00e4ven med handskar p\u00e5.<\/p>\n<\/li>\n<\/ul>\n<hr data-start=\"1487\" data-end=\"1490\">\n<h3 data-start=\"1492\" data-end=\"1510\"><strong data-start=\"1496\" data-end=\"1510\">Anv\u00e4ndningsomr\u00e5den:<\/strong><\/h3>\n<ul data-start=\"1512\" data-end=\"1709\">\n<li data-start=\"1512\" data-end=\"1558\">\n<p data-start=\"1514\" data-end=\"1558\"><strong data-start=\"1514\" data-end=\"1556\">Industriellt arbete och byggarbetsplatser<\/strong><\/p>\n<\/li>\n<li data-start=\"1559\" data-end=\"1600\">\n<p data-start=\"1561\" data-end=\"1600\"><strong data-start=\"1561\" data-end=\"1598\">Underh\u00e5lls- och r\u00e4ddningsinsatser<\/strong><\/p>\n<\/li>\n<li data-start=\"1601\" data-end=\"1628\">\n<p data-start=\"1603\" data-end=\"1628\"><strong data-start=\"1603\" data-end=\"1626\">Jakt och fiske<\/strong><\/p>\n<\/li>\n<li data-start=\"1629\" data-end=\"1676\">\n<p data-start=\"1631\" data-end=\"1676\"><strong data-start=\"1631\" data-end=\"1674\">Camping, vandring och utomhus\u00e4ventyr<\/strong><\/p>\n<\/li>\n<li data-start=\"1677\" data-end=\"1709\">\n<p data-start=\"1679\" data-end=\"1709\"><strong data-start=\"1679\" data-end=\"1709\">El- och reparationsarbeten<\/strong><\/p>\n<\/li>\n<\/ul>\n<hr data-start=\"1711\" data-end=\"1714\">\n<h3 data-start=\"1716\" data-end=\"1757\"><strong data-start=\"1720\" data-end=\"1757\">Varf\u00f6r v\u00e4lja Armytek Wizard C2 Pro?<\/strong><\/h3>\n<p data-start=\"1759\" data-end=\"1970\">F\u00f6r att du beh\u00f6ver en ficklampa du kan <strong data-start=\"1797\" data-end=\"1823\">lita p\u00e5 i alla situationer<\/strong>. Oavsett om det \u00e4r p\u00e5 en arbetsplats, i vildmarken eller under en n\u00f6dsituation, levererar <strong data-start=\"1895\" data-end=\"1912\">Wizard C2 Pro<\/strong> <strong data-start=\"1922\" data-end=\"1955\">ljus, kraft och flexibilitet<\/strong> som ingen annan. <\/p>\n<hr data-start=\"1972\" data-end=\"1975\">\n<h3 data-start=\"1977\" data-end=\"2009\"><strong data-start=\"1981\" data-end=\"2009\">Ing\u00e5r i paketet:<\/strong><\/h3>\n<ul data-start=\"2011\" data-end=\"2195\">\n<li data-start=\"2011\" data-end=\"2051\">\n<p data-start=\"2013\" data-end=\"2051\"><strong data-start=\"2013\" data-end=\"2049\">Armytek Wizard C2 Pro ficklampa<\/strong><\/p>\n<\/li>\n<li data-start=\"2052\" data-end=\"2091\">\n<p data-start=\"2054\" data-end=\"2091\"><strong data-start=\"2054\" data-end=\"2089\">18650 Li-Ion-batteri (3500 mAh)<\/strong><\/p>\n<\/li>\n<li data-start=\"2092\" data-end=\"2127\">\n<p data-start=\"2094\" data-end=\"2127\"><strong data-start=\"2094\" data-end=\"2125\">Magnetisk USB-laddningskabel<\/strong><\/p>\n<\/li>\n<li data-start=\"2128\" data-end=\"2155\">\n<p data-start=\"2130\" data-end=\"2155\"><strong data-start=\"2130\" data-end=\"2153\">Huvudband och kl\u00e4mma<\/strong><\/p>\n<\/li>\n<li data-start=\"2156\" data-end=\"2177\">\n<p data-start=\"2158\" data-end=\"2177\"><strong data-start=\"2158\" data-end=\"2175\">Extra O-ringar<\/strong><\/p>\n<\/li>\n<li data-start=\"2178\" data-end=\"2195\">\n<p data-start=\"2180\" data-end=\"2195\"><strong data-start=\"2180\" data-end=\"2195\">Anv\u00e4ndarmanual<\/strong><\/p>\n<\/li>\n<\/ul>\n","protected":false},"excerpt":{"rendered":"<p>Armytek Wizard C2 pro magnet USB \u2013 Flerfunktionsficklampa f\u00f6r professionellt bruk Armytek Wizard C2 Pro Magnet USB \u00e4r en toppresterande pannlampa som kombinerar klassledande prestanda, m\u00e5ngsidighet och robust h\u00e5llbarhet. Det \u00e4r det perfekta valet f\u00f6r b\u00e5de proffs och kr\u00e4vande hobbyanv\u00e4ndare som beh\u00f6ver en p\u00e5litlig ljusk\u00e4lla under utmanande f\u00f6rh\u00e5llanden. Tekniska funktioner: Ljusstyrka upp till 2 500 [&#8230;]\n","protected":false},"featured_media":283639,"comment_status":"open","ping_status":"closed","template":"","meta":[],"product_brand":[],"product_cat":[2525],"product_tag":[],"class_list":{"0":"post-285589","1":"product","2":"type-product","3":"status-publish","4":"has-post-thumbnail","6":"product_cat-jaktlampor","8":"first","9":"instock","10":"taxable","11":"shipping-taxable","12":"purchasable","13":"product-type-simple"},"composite_virtual":false,"composite_layout":"","composite_add_to_cart_form_location":"","composite_editable_in_cart":false,"composite_sold_individually_context":"","composite_shop_price_calc":"","composite_components":[],"composite_scenarios":[],"group_of_quantity":0,"min_quantity":0,"max_quantity":"","exclude_order_quantity_value_rules":"no","exclude_category_quantity_rules":"no","combine_variations":"no","exclude_global_add_ons":[],"addons":[],"_links":{"self":[{"href":"https:\/\/www.huntersfriend.eu\/sv\/wp-json\/wp\/v2\/product\/285589","targetHints":{"allow":["GET"]}}],"collection":[{"href":"https:\/\/www.huntersfriend.eu\/sv\/wp-json\/wp\/v2\/product"}],"about":[{"href":"https:\/\/www.huntersfriend.eu\/sv\/wp-json\/wp\/v2\/types\/product"}],"replies":[{"embeddable":true,"href":"https:\/\/www.huntersfriend.eu\/sv\/wp-json\/wp\/v2\/comments?post=285589"}],"wp:featuredmedia":[{"embeddable":true,"href":"https:\/\/www.huntersfriend.eu\/sv\/wp-json\/wp\/v2\/media\/283639"}],"wp:attachment":[{"href":"https:\/\/www.huntersfriend.eu\/sv\/wp-json\/wp\/v2\/media?parent=285589"}],"wp:term":[{"taxonomy":"product_brand","embeddable":true,"href":"https:\/\/www.huntersfriend.eu\/sv\/wp-json\/wp\/v2\/product_brand?post=285589"},{"taxonomy":"product_cat","embeddable":true,"href":"https:\/\/www.huntersfriend.eu\/sv\/wp-json\/wp\/v2\/product_cat?post=285589"},{"taxonomy":"product_tag","embeddable":true,"href":"https:\/\/www.huntersfriend.eu\/sv\/wp-json\/wp\/v2\/product_tag?post=285589"}],"curies":[{"name":"wp","href":"https:\/\/api.w.org\/{rel}","templated":true}]}}