{"id":285588,"date":"2025-06-19T00:39:57","date_gmt":"2025-06-18T22:39:57","guid":{"rendered":"https:\/\/www.huntersfriend.eu\/product\/alperna-bergsklattring-akropolis-3-mannatalt\/"},"modified":"2025-08-26T10:31:37","modified_gmt":"2025-08-26T08:31:37","slug":"alperna-bergsklattring-akropolis-3-mannatalt","status":"publish","type":"product","link":"https:\/\/www.huntersfriend.eu\/sv\/produkt\/alperna-bergsklattring-akropolis-3-mannatalt\/","title":{"rendered":"Alperna bergskl\u00e4ttring akropolis 3-mannat\u00e4lt"},"content":{"rendered":"<p>Den nya Acropolis-serien av l\u00e4ttviktiga campingt\u00e4lt \u00e4r designade f\u00f6r att bekv\u00e4mt rymma familjer och flera campare p\u00e5 platser med ett begr\u00e4nsat l\u00e4gerfotavtryck. Acropolis \u00e4r dimensionerad f\u00f6r tre vuxna och anv\u00e4nder ett frist\u00e5ende, f\u00f6rb\u00f6jt st\u00e5ngsystem med en \u00f6vre tv\u00e4rst\u00e5ng som skapar ett mer expansivt inre utrymme \u00e4n konventionella kupolt\u00e4lt. Ytterligare bidrag till camparens komfort \u00e4r dubbla d\u00f6rrar med rymliga vestibuler f\u00f6r att skydda utrustning samtidigt som det s\u00e4kerst\u00e4lls gott om plats f\u00f6r passagerare.  <\/p>\n<p>Acropolis \u00e4r ett tres\u00e4songst\u00e4lt. Gener\u00f6sa n\u00e4tv\u00e4ggar ger sovkomfort och ventilation i varmt v\u00e4der, medan en robust 75D 185T polyesterduk med full t\u00e4ckning och 1500 mm bel\u00e4ggning snabbt kan s\u00e4ttas upp f\u00f6r svala n\u00e4tter eller d\u00e5ligt v\u00e4der. Ytterligare funktioner inkluderar en l\u00e4ttanv\u00e4nd st\u00e5ngkl\u00e4mma, fabrikst\u00e4tade duk- och golvs\u00f6mmar, f\u00f6rvaringsficka i mesh och ett redskapsloft.  <\/p>\n<div class=\"list-heading\">T\u00e4ltfunktioner<\/div>\n<ul>\n<li>Frist\u00e5ende 3-st\u00e5ngsram med 7000-serie aluminiumst\u00e4nger<\/li>\n<li>\u00d6vre tv\u00e4rst\u00e5ng och f\u00f6rb\u00f6jda st\u00e4nger ger mer takh\u00f6jd och inre utrymme<\/li>\n<li>Bra ventilation med mestadels n\u00e4tv\u00e4ggar<\/li>\n<li>Enkel montering med st\u00e5ngkl\u00e4mmor som snabbt sn\u00e4pps fast \u00f6ver t\u00e4ltst\u00e4ngerna<\/li>\n<li>75D 185T polyesterduk med 1500 mm bel\u00e4ggning motst\u00e5r UV-skador och h\u00e5ller sig sp\u00e4nd<\/li>\n<li>75D 185T polytaffetagolv med 3000 mm bel\u00e4ggning<\/li>\n<li>Fabriksf\u00f6rseglade t\u00e4ltduks- och golvs\u00f6mmar ger b\u00e4sta m\u00f6jliga v\u00e4derskydd<\/li>\n<li>#8-dragkedjor p\u00e5 d\u00f6rrar och absider<\/li>\n<li>Duk med full t\u00e4ckning ger maximalt skydd<\/li>\n<li>Extra staglinor p\u00e5 duken f\u00f6r att stabilisera t\u00e4ltet i d\u00e5ligt v\u00e4der<\/li>\n<li>Tv\u00e5 absider f\u00f6r f\u00f6rvaring av utrustning och extra v\u00e4derskydd<\/li>\n<li>V\u00e4dert\u00e5liga sp\u00e4nnen f\u00f6r maximal justerbarhet och skydd<\/li>\n<li>N\u00e4ttak \u00f6kar ventilationen och f\u00f6rb\u00e4ttrar stj\u00e4rnsk\u00e5dningen<\/li>\n<li>F\u00f6rvaringsficka i mesh, redskapsloft, 7075 aluminiumpinnar och staglinor ing\u00e5r<\/li>\n<li>Enkel ing\u00e5ng med tv\u00e5 d\u00f6rrar<\/li>\n<\/ul>\n<table>\n<tbody>\n<tr>\n<th colspan=\"2\" scope=\"col\">Acropolis 3-t\u00e4lt<\/th>\n<\/tr>\n<tr>\n<th scope=\"row\">Basstorlek<\/th>\n<td>7&#8217;4 \u201cL x 6&#8217;9\u201d B<\/td>\n<\/tr>\n<tr>\n<th scope=\"row\">Centerh\u00f6jd<\/th>\n<td>4&#8217;3&#8243;<\/td>\n<\/tr>\n<tr>\n<th scope=\"row\">Vestibul djup<\/th>\n<td>3&#8242;<\/td>\n<\/tr>\n<tr>\n<th scope=\"row\">T\u00e4ltomr\u00e5de<\/th>\n<td>49.5 ft\u00b2<\/td>\n<\/tr>\n<tr>\n<th scope=\"row\">Vestibulomr\u00e5de<\/th>\n<td>22 ft\u00b2<\/td>\n<\/tr>\n<tr>\n<th scope=\"row\">Minsta vikt<\/th>\n<td>6 lbs. 11 oz. <\/td>\n<\/tr>\n<tr>\n<th scope=\"row\">Total vikt<\/th>\n<td>7 lbs. 10 oz. <\/td>\n<\/tr>\n<tr>\n<th scope=\"row\">Packad storlek<\/th>\n<td>1&#8217;10 \u201cL x 6\u201d D<\/td>\n<\/tr>\n<tr>\n<th scope=\"row\">St\u00e5ngdiameter<\/th>\n<td>9.5mm AL och 11mm AL<\/td>\n<\/tr>\n<\/tbody>\n<\/table>\n","protected":false},"excerpt":{"rendered":"<p>Den nya Acropolis-serien av l\u00e4ttviktiga campingt\u00e4lt \u00e4r designade f\u00f6r att bekv\u00e4mt rymma familjer och flera campare p\u00e5 platser med ett begr\u00e4nsat l\u00e4gerfotavtryck. Acropolis \u00e4r dimensionerad f\u00f6r tre vuxna och anv\u00e4nder ett frist\u00e5ende, f\u00f6rb\u00f6jt st\u00e5ngsystem med en \u00f6vre tv\u00e4rst\u00e5ng som skapar ett mer expansivt inre utrymme \u00e4n konventionella kupolt\u00e4lt. Ytterligare bidrag till camparens komfort \u00e4r dubbla [&#8230;]\n","protected":false},"featured_media":283841,"comment_status":"open","ping_status":"closed","template":"","meta":[],"product_brand":[],"product_cat":[2615],"product_tag":[],"class_list":{"0":"post-285588","1":"product","2":"type-product","3":"status-publish","4":"has-post-thumbnail","6":"product_cat-talt","8":"first","9":"instock","10":"taxable","11":"shipping-taxable","12":"purchasable","13":"product-type-simple"},"composite_virtual":false,"composite_layout":"","composite_add_to_cart_form_location":"","composite_editable_in_cart":false,"composite_sold_individually_context":"","composite_shop_price_calc":"","composite_components":[],"composite_scenarios":[],"group_of_quantity":0,"min_quantity":0,"max_quantity":"","exclude_order_quantity_value_rules":"no","exclude_category_quantity_rules":"no","combine_variations":"no","exclude_global_add_ons":[],"addons":[],"_links":{"self":[{"href":"https:\/\/www.huntersfriend.eu\/sv\/wp-json\/wp\/v2\/product\/285588","targetHints":{"allow":["GET"]}}],"collection":[{"href":"https:\/\/www.huntersfriend.eu\/sv\/wp-json\/wp\/v2\/product"}],"about":[{"href":"https:\/\/www.huntersfriend.eu\/sv\/wp-json\/wp\/v2\/types\/product"}],"replies":[{"embeddable":true,"href":"https:\/\/www.huntersfriend.eu\/sv\/wp-json\/wp\/v2\/comments?post=285588"}],"wp:featuredmedia":[{"embeddable":true,"href":"https:\/\/www.huntersfriend.eu\/sv\/wp-json\/wp\/v2\/media\/283841"}],"wp:attachment":[{"href":"https:\/\/www.huntersfriend.eu\/sv\/wp-json\/wp\/v2\/media?parent=285588"}],"wp:term":[{"taxonomy":"product_brand","embeddable":true,"href":"https:\/\/www.huntersfriend.eu\/sv\/wp-json\/wp\/v2\/product_brand?post=285588"},{"taxonomy":"product_cat","embeddable":true,"href":"https:\/\/www.huntersfriend.eu\/sv\/wp-json\/wp\/v2\/product_cat?post=285588"},{"taxonomy":"product_tag","embeddable":true,"href":"https:\/\/www.huntersfriend.eu\/sv\/wp-json\/wp\/v2\/product_tag?post=285588"}],"curies":[{"name":"wp","href":"https:\/\/api.w.org\/{rel}","templated":true}]}}