{"id":285587,"date":"2025-06-19T00:40:00","date_gmt":"2025-06-18T22:40:00","guid":{"rendered":"https:\/\/www.huntersfriend.eu\/product\/armytek-armytek-elf-c1-usb-c-vit\/"},"modified":"2025-08-26T10:31:37","modified_gmt":"2025-08-26T08:31:37","slug":"armytek-armytek-elf-c1-usb-c-vit","status":"publish","type":"product","link":"https:\/\/www.huntersfriend.eu\/sv\/produkt\/armytek-armytek-elf-c1-usb-c-vit\/","title":{"rendered":"Armytek armytek elf C1 USB-c Vit"},"content":{"rendered":"<h3 data-start=\"99\" data-end=\"195\"><strong data-start=\"103\" data-end=\"195\">Armytek elf C1 magnet USB \u2013 kompakt och kraftfull multifunktionell lampa f\u00f6r vardagsbruk<\/strong><\/h3>\n<p data-start=\"197\" data-end=\"546\"><strong data-start=\"201\" data-end=\"219\">Armytek Elf C1<\/strong> \u00e4r en l\u00e4tt men h\u00f6gpresterande USB-uppladdningsbar pannlampa och multifunktionell ficklampa. Den erbjuder <strong data-start=\"324\" data-end=\"349\">p\u00e5litlig belysning<\/strong> f\u00f6r b\u00e5de vardagliga uppgifter och utmanande f\u00f6rh\u00e5llanden. Trots sin ringa storlek levererar den <strong data-start=\"438\" data-end=\"460\">upp till 1 100 lumen<\/strong> maximal effekt och har flera ljusl\u00e4gen samt utm\u00e4rkt batteritid.  <\/p>\n<hr data-start=\"548\" data-end=\"551\">\n<h3 data-start=\"553\" data-end=\"580\"><strong data-start=\"557\" data-end=\"580\">Tekniska funktioner:<\/strong><\/h3>\n<ul data-start=\"582\" data-end=\"1475\">\n<li data-start=\"582\" data-end=\"736\">\n<p data-start=\"584\" data-end=\"736\"><strong data-start=\"584\" data-end=\"620\">Upp till 1 100 lumen ljusstyrka<\/strong> \u2013 H\u00f6gkvalitativ <strong data-start=\"636\" data-end=\"658\">Samsung LH351D LED<\/strong> levererar en bred, naturlig ljusbild som \u00e4r idealisk f\u00f6r arbete och r\u00f6relse p\u00e5 n\u00e4ra h\u00e5ll.<\/p>\n<\/li>\n<li data-start=\"737\" data-end=\"885\">\n<p data-start=\"739\" data-end=\"885\"><strong data-start=\"739\" data-end=\"782\">Upp till 60 dagars drifttid (Firefly-l\u00e4ge)<\/strong> \u2013 Inkluderar ett <strong data-start=\"796\" data-end=\"828\">900 mAh 18350 Li-Ion-batteri<\/strong>, vilket ger imponerande prestanda i ett kompakt format.<\/p>\n<\/li>\n<li data-start=\"886\" data-end=\"990\">\n<p data-start=\"888\" data-end=\"990\"><strong data-start=\"888\" data-end=\"913\">Magnetisk USB-laddning<\/strong> \u2013 Ladda enkelt utan att ta bort batteriet. <strong data-start=\"960\" data-end=\"987\">Magnetisk kabel medf\u00f6ljer<\/strong>.<\/p>\n<\/li>\n<li data-start=\"991\" data-end=\"1156\">\n<p data-start=\"993\" data-end=\"1156\"><strong data-start=\"993\" data-end=\"1043\">Magnetisk bakstycke + avtagbart clip + huvudband<\/strong> \u2013 Anv\u00e4nd den som en <strong data-start=\"1058\" data-end=\"1070\">pannlampa<\/strong>, <strong data-start=\"1072\" data-end=\"1088\">ficklampa<\/strong>, eller f\u00e4st den p\u00e5 vilken metallyta som helst \u2013 perfekt f\u00f6r m\u00e5ngsidig anv\u00e4ndning.<\/p>\n<\/li>\n<li data-start=\"1157\" data-end=\"1269\">\n<p data-start=\"1159\" data-end=\"1269\"><strong data-start=\"1159\" data-end=\"1174\">IP68-klassning<\/strong> \u2013 Helt dammt\u00e4t och vattent\u00e4t ner till <strong data-start=\"1211\" data-end=\"1224\">10 meter<\/strong>, slagt\u00e5lig fr\u00e5n upp till <strong data-start=\"1254\" data-end=\"1266\">2 meter<\/strong>.<\/p>\n<\/li>\n<li data-start=\"1270\" data-end=\"1367\">\n<p data-start=\"1272\" data-end=\"1367\"><strong data-start=\"1272\" data-end=\"1312\">6 ljusstyrkeniv\u00e5er + 3 stroboskopl\u00e4gen<\/strong> \u2013 Snabb och enkel l\u00e4gesv\u00e4xling via en enda knapp.<\/p>\n<\/li>\n<li data-start=\"1368\" data-end=\"1475\">\n<p data-start=\"1370\" data-end=\"1475\"><strong data-start=\"1370\" data-end=\"1422\">Kompakt och l\u00e4tt (endast 56 g med batteri)<\/strong> \u2013 L\u00e4tt att b\u00e4ra obem\u00e4rkt, men \u00e4nd\u00e5 kraftfull n\u00e4r det beh\u00f6vs.<\/p>\n<\/li>\n<\/ul>\n<hr data-start=\"1477\" data-end=\"1480\">\n<h3 data-start=\"1482\" data-end=\"1500\"><strong data-start=\"1486\" data-end=\"1500\">Anv\u00e4ndningsomr\u00e5den:<\/strong><\/h3>\n<ul data-start=\"1502\" data-end=\"1762\">\n<li data-start=\"1502\" data-end=\"1554\">\n<p data-start=\"1504\" data-end=\"1554\">Utomhusaktiviteter, <strong data-start=\"1524\" data-end=\"1535\">camping<\/strong> och <strong data-start=\"1541\" data-end=\"1552\">cykling<\/strong><\/p>\n<\/li>\n<li data-start=\"1555\" data-end=\"1619\">\n<p data-start=\"1557\" data-end=\"1619\">I din <strong data-start=\"1565\" data-end=\"1576\">verktygsl\u00e5da<\/strong>, runt <strong data-start=\"1589\" data-end=\"1597\">hemmet<\/strong> eller som en <strong data-start=\"1607\" data-end=\"1617\">backup<\/strong><\/p>\n<\/li>\n<li data-start=\"1620\" data-end=\"1661\">\n<p data-start=\"1622\" data-end=\"1661\">F\u00f6r <strong data-start=\"1626\" data-end=\"1643\">sm\u00e5 reparationer<\/strong> och inspektioner<\/p>\n<\/li>\n<li data-start=\"1662\" data-end=\"1706\">\n<p data-start=\"1664\" data-end=\"1706\">Vardaglig <strong data-start=\"1673\" data-end=\"1698\">EDC-lampa (Every Day Carry)<\/strong><\/p>\n<\/li>\n<li data-start=\"1707\" data-end=\"1762\">\n<p data-start=\"1709\" data-end=\"1762\">Som en <strong data-start=\"1714\" data-end=\"1729\">reservlampa<\/strong> f\u00f6r din <strong data-start=\"1739\" data-end=\"1746\">bil<\/strong> eller <strong data-start=\"1750\" data-end=\"1762\">ryggs\u00e4ck<\/strong><\/p>\n<\/li>\n<\/ul>\n<hr data-start=\"1764\" data-end=\"1767\">\n<h3 data-start=\"1769\" data-end=\"1803\"><strong data-start=\"1773\" data-end=\"1803\">Varf\u00f6r v\u00e4lja armytek elf C1?<\/strong><\/h3>\n<p data-start=\"1805\" data-end=\"1996\">Eftersom du beh\u00f6ver en lampa som <strong data-start=\"1837\" data-end=\"1875\">alltid \u00e4r med dig \u2013 och alltid redo<\/strong>. <strong data-start=\"1881\" data-end=\"1899\">Armytek Elf C1<\/strong> kombinerar kompakt storlek, stark prestanda och f\u00f6rstklassig h\u00e5llbarhet p\u00e5 ett s\u00e4tt som f\u00e5 lampor kan matcha. <\/p>\n<hr data-start=\"1998\" data-end=\"2001\">\n<h3 data-start=\"2003\" data-end=\"2035\"><strong data-start=\"2007\" data-end=\"2035\">Ing\u00e5r i paketet:<\/strong><\/h3>\n<ul data-start=\"2037\" data-end=\"2209\">\n<li data-start=\"2037\" data-end=\"2066\">\n<p data-start=\"2039\" data-end=\"2066\">Armytek Elf C1 ficklampa<\/p>\n<\/li>\n<li data-start=\"2067\" data-end=\"2105\">\n<p data-start=\"2069\" data-end=\"2105\"><strong data-start=\"2069\" data-end=\"2103\">18350 Li-Ion-batteri (900 mAh)<\/strong><\/p>\n<\/li>\n<li data-start=\"2106\" data-end=\"2141\">\n<p data-start=\"2108\" data-end=\"2141\"><strong data-start=\"2108\" data-end=\"2139\">Magnetisk USB-laddningskabel<\/strong><\/p>\n<\/li>\n<li data-start=\"2142\" data-end=\"2169\">\n<p data-start=\"2144\" data-end=\"2169\"><strong data-start=\"2144\" data-end=\"2167\">Huvudband och kl\u00e4mma<\/strong><\/p>\n<\/li>\n<li data-start=\"2170\" data-end=\"2191\">\n<p data-start=\"2172\" data-end=\"2191\"><strong data-start=\"2172\" data-end=\"2189\">Extra O-ringar<\/strong><\/p>\n<\/li>\n<li data-start=\"2192\" data-end=\"2209\">\n<p data-start=\"2194\" data-end=\"2209\"><strong data-start=\"2194\" data-end=\"2209\">Anv\u00e4ndarmanual<\/strong><\/p>\n<\/li>\n<\/ul>\n","protected":false},"excerpt":{"rendered":"<p>Armytek elf C1 magnet USB \u2013 kompakt och kraftfull multifunktionell lampa f\u00f6r vardagsbruk Armytek Elf C1 \u00e4r en l\u00e4tt men h\u00f6gpresterande USB-uppladdningsbar pannlampa och multifunktionell ficklampa. Den erbjuder p\u00e5litlig belysning f\u00f6r b\u00e5de vardagliga uppgifter och utmanande f\u00f6rh\u00e5llanden. Trots sin ringa storlek levererar den upp till 1 100 lumen maximal effekt och har flera ljusl\u00e4gen samt [&#8230;]\n","protected":false},"featured_media":283583,"comment_status":"open","ping_status":"closed","template":"","meta":[],"product_brand":[],"product_cat":[2525],"product_tag":[],"class_list":{"0":"post-285587","1":"product","2":"type-product","3":"status-publish","4":"has-post-thumbnail","6":"product_cat-jaktlampor","8":"first","9":"instock","10":"taxable","11":"shipping-taxable","12":"purchasable","13":"product-type-simple"},"composite_virtual":false,"composite_layout":"","composite_add_to_cart_form_location":"","composite_editable_in_cart":false,"composite_sold_individually_context":"","composite_shop_price_calc":"","composite_components":[],"composite_scenarios":[],"group_of_quantity":0,"min_quantity":0,"max_quantity":"","exclude_order_quantity_value_rules":"no","exclude_category_quantity_rules":"no","combine_variations":"no","exclude_global_add_ons":[],"addons":[],"_links":{"self":[{"href":"https:\/\/www.huntersfriend.eu\/sv\/wp-json\/wp\/v2\/product\/285587","targetHints":{"allow":["GET"]}}],"collection":[{"href":"https:\/\/www.huntersfriend.eu\/sv\/wp-json\/wp\/v2\/product"}],"about":[{"href":"https:\/\/www.huntersfriend.eu\/sv\/wp-json\/wp\/v2\/types\/product"}],"replies":[{"embeddable":true,"href":"https:\/\/www.huntersfriend.eu\/sv\/wp-json\/wp\/v2\/comments?post=285587"}],"wp:featuredmedia":[{"embeddable":true,"href":"https:\/\/www.huntersfriend.eu\/sv\/wp-json\/wp\/v2\/media\/283583"}],"wp:attachment":[{"href":"https:\/\/www.huntersfriend.eu\/sv\/wp-json\/wp\/v2\/media?parent=285587"}],"wp:term":[{"taxonomy":"product_brand","embeddable":true,"href":"https:\/\/www.huntersfriend.eu\/sv\/wp-json\/wp\/v2\/product_brand?post=285587"},{"taxonomy":"product_cat","embeddable":true,"href":"https:\/\/www.huntersfriend.eu\/sv\/wp-json\/wp\/v2\/product_cat?post=285587"},{"taxonomy":"product_tag","embeddable":true,"href":"https:\/\/www.huntersfriend.eu\/sv\/wp-json\/wp\/v2\/product_tag?post=285587"}],"curies":[{"name":"wp","href":"https:\/\/api.w.org\/{rel}","templated":true}]}}