{"id":285586,"date":"2025-06-19T00:39:59","date_gmt":"2025-06-18T22:39:59","guid":{"rendered":"https:\/\/www.huntersfriend.eu\/product\/alps-mountaineering-taurus-2-talt\/"},"modified":"2025-08-26T10:31:36","modified_gmt":"2025-08-26T08:31:36","slug":"alps-mountaineering-taurus-2-talt","status":"publish","type":"product","link":"https:\/\/www.huntersfriend.eu\/sv\/produkt\/alps-mountaineering-taurus-2-talt\/","title":{"rendered":"Alps mountaineering Taurus 2-t\u00e4lt"},"content":{"rendered":"<p>Om du \u00e4r tr\u00f6tt p\u00e5 att bli genombl\u00f6t under dina campingturer eller alltid har problem med dragkedjorna p\u00e5 ditt t\u00e4lt, byt till ett ALPS Mountaineering-t\u00e4lt som du kan lita p\u00e5. Taurus \u00e4r ett enkelt, frist\u00e5ende kupolt\u00e4lt med 2 st\u00e4nger som \u00e4r f\u00f6rb\u00e4ttrat med 2 d\u00f6rrar och 2 absider (en \u00f6ver varje d\u00f6rr) med #8-dragkedjor f\u00f6r att g\u00f6ra det problemfritt att g\u00e5 in och ut ur t\u00e4ltet. De tv\u00e5 d\u00f6rrarna har vardera ett n\u00e4tf\u00f6nster, vilket \u00e4r perfekt f\u00f6r ventilation&#8230; och n\u00e4r det \u00e4r dags att s\u00e4tta p\u00e5 t\u00e4ltduken beh\u00f6ver du inte oroa dig f\u00f6r att f\u00f6rlora din friska luft. T\u00e4ltduken har ytterligare ventiler f\u00f6r fortsatt ventilation. ALPS-t\u00e4lt har alla fabriksf\u00f6rseglade t\u00e4ltduks- och golvs\u00f6mmar f\u00f6r att ge dig b\u00e4sta m\u00f6jliga v\u00e4derskydd och h\u00e5lla dig torr. Om du \u00e4r intresserad av ett \u00e4nnu kraftigare oxfordgolv och #10-dragkedjor kan du alltid kolla in v\u00e5r <a href=\"https:\/\/alpsmountaineering.com\/tents\/outfitter.html\">Taurus Outfitter Series<\/a> som ett annat alternativ.     <\/p>\n<div class=\"list-heading\">T\u00e4ltfunktioner<\/div>\n<ul>\n<li>Frist\u00e5ende design med tv\u00e5 st\u00e4nger och glasfiberst\u00e4nger<\/li>\n<li>Enkel montering med st\u00e5ngkl\u00e4mmor<\/li>\n<li>75D 185T polyestert\u00e4ltduk med 1500 mm bel\u00e4ggning motst\u00e5r UV-skador och h\u00e5ller sig sp\u00e4nd<\/li>\n<li>Fabriksf\u00f6rseglade t\u00e4ltduks- och golvs\u00f6mmar ger b\u00e4sta m\u00f6jliga v\u00e4derskydd<\/li>\n<li>75D 185T poly taffeta-golv med 2000 mm bel\u00e4ggning<\/li>\n<li>#8-dragkedjor p\u00e5 d\u00f6rrar och absider<\/li>\n<li>Enkel ing\u00e5ng och bra ventilation med tv\u00e5 d\u00f6rrar (b\u00e5da med n\u00e4tf\u00f6nster med dragkedja)<\/li>\n<li>Tv\u00e5 absider f\u00f6r f\u00f6rvaring av utrustning och extra v\u00e4derskydd<\/li>\n<li>V\u00e4dert\u00e5liga sp\u00e4nnen f\u00f6r maximal justerbarhet och skydd<\/li>\n<li>N\u00e4tpaneler och popup-ventiler ger ventilation<\/li>\n<li>N\u00e4tf\u00f6rvaringsfickor, redskapsloft, 7075 aluminiumpinnar och staglinor ing\u00e5r<\/li>\n<\/ul>\n<table>\n<tbody>\n<tr>\n<th colspan=\"2\" scope=\"col\">Taurus 2-t\u00e4lt<\/th>\n<\/tr>\n<tr>\n<th scope=\"row\">Basstorlek<\/th>\n<td>7&#8217;6&#8243; L x 5&#8242; W<\/td>\n<\/tr>\n<tr>\n<th scope=\"row\">Mittenh\u00f6jd<\/th>\n<td>3&#8217;10&#8221;<\/td>\n<\/tr>\n<tr>\n<th scope=\"row\">Absiddjup<\/th>\n<td>2&#8217;8&#8243;<\/td>\n<\/tr>\n<tr>\n<th scope=\"row\">T\u00e4ltomr\u00e5de<\/th>\n<td>37 ft\u00b2<\/td>\n<\/tr>\n<tr>\n<th scope=\"row\">Absidomr\u00e5de<\/th>\n<td>20 ft\u00b2<\/td>\n<\/tr>\n<tr>\n<th scope=\"row\">Totalvikt<\/th>\n<td>7 lbs.<\/td>\n<\/tr>\n<tr>\n<th scope=\"row\">Packad storlek<\/th>\n<td>1&#8217;8 \u201cL x 6\u201d D<\/td>\n<\/tr>\n<tr>\n<th scope=\"row\">St\u00e5ngdiameter<\/th>\n<td>8.5mm FG<\/td>\n<\/tr>\n<\/tbody>\n<\/table>\n","protected":false},"excerpt":{"rendered":"<p>Om du \u00e4r tr\u00f6tt p\u00e5 att bli genombl\u00f6t under dina campingturer eller alltid har problem med dragkedjorna p\u00e5 ditt t\u00e4lt, byt till ett ALPS Mountaineering-t\u00e4lt som du kan lita p\u00e5. Taurus \u00e4r ett enkelt, frist\u00e5ende kupolt\u00e4lt med 2 st\u00e4nger som \u00e4r f\u00f6rb\u00e4ttrat med 2 d\u00f6rrar och 2 absider (en \u00f6ver varje d\u00f6rr) med #8-dragkedjor f\u00f6r [&#8230;]\n","protected":false},"featured_media":283677,"comment_status":"open","ping_status":"closed","template":"","meta":[],"product_brand":[],"product_cat":[2615],"product_tag":[],"class_list":{"0":"post-285586","1":"product","2":"type-product","3":"status-publish","4":"has-post-thumbnail","6":"product_cat-talt","8":"first","9":"instock","10":"taxable","11":"shipping-taxable","12":"purchasable","13":"product-type-simple"},"composite_virtual":false,"composite_layout":"","composite_add_to_cart_form_location":"","composite_editable_in_cart":false,"composite_sold_individually_context":"","composite_shop_price_calc":"","composite_components":[],"composite_scenarios":[],"group_of_quantity":0,"min_quantity":0,"max_quantity":"","exclude_order_quantity_value_rules":"no","exclude_category_quantity_rules":"no","combine_variations":"no","exclude_global_add_ons":[],"addons":[],"_links":{"self":[{"href":"https:\/\/www.huntersfriend.eu\/sv\/wp-json\/wp\/v2\/product\/285586","targetHints":{"allow":["GET"]}}],"collection":[{"href":"https:\/\/www.huntersfriend.eu\/sv\/wp-json\/wp\/v2\/product"}],"about":[{"href":"https:\/\/www.huntersfriend.eu\/sv\/wp-json\/wp\/v2\/types\/product"}],"replies":[{"embeddable":true,"href":"https:\/\/www.huntersfriend.eu\/sv\/wp-json\/wp\/v2\/comments?post=285586"}],"wp:featuredmedia":[{"embeddable":true,"href":"https:\/\/www.huntersfriend.eu\/sv\/wp-json\/wp\/v2\/media\/283677"}],"wp:attachment":[{"href":"https:\/\/www.huntersfriend.eu\/sv\/wp-json\/wp\/v2\/media?parent=285586"}],"wp:term":[{"taxonomy":"product_brand","embeddable":true,"href":"https:\/\/www.huntersfriend.eu\/sv\/wp-json\/wp\/v2\/product_brand?post=285586"},{"taxonomy":"product_cat","embeddable":true,"href":"https:\/\/www.huntersfriend.eu\/sv\/wp-json\/wp\/v2\/product_cat?post=285586"},{"taxonomy":"product_tag","embeddable":true,"href":"https:\/\/www.huntersfriend.eu\/sv\/wp-json\/wp\/v2\/product_tag?post=285586"}],"curies":[{"name":"wp","href":"https:\/\/api.w.org\/{rel}","templated":true}]}}