{"id":285585,"date":"2025-06-19T00:39:56","date_gmt":"2025-06-18T22:39:56","guid":{"rendered":"https:\/\/www.huntersfriend.eu\/product\/alperna-mountaineering-weekender\/"},"modified":"2025-08-26T10:31:35","modified_gmt":"2025-08-26T08:31:35","slug":"alperna-mountaineering-weekender","status":"publish","type":"product","link":"https:\/\/www.huntersfriend.eu\/sv\/produkt\/alperna-mountaineering-weekender\/","title":{"rendered":"Alperna mountaineering weekender"},"content":{"rendered":"<p>\u00c4r du tr\u00f6tt p\u00e5 att sitta p\u00e5 sportevenemang p\u00e5 kalla l\u00e4ktare med ont i ryggen f\u00f6r att du inte kan luta dig tillbaka? Weekender \u00e4r en bra l\u00f6sning p\u00e5 detta problem, och med en vikt p\u00e5 endast 595 gram kan den tas med n\u00e4stan var som helst. Den 0,5&#8243; slutna cellskummet ger skydd fr\u00e5n de kalla h\u00e5rda l\u00e4ktarna och de nedre bandremmarna \u00e4r utformade f\u00f6r att lindas runt l\u00e4ktare eller kanots\u00e4ten f\u00f6r att h\u00e5lla dig p\u00e5 plats. Weekender fungerar ocks\u00e5 utm\u00e4rkt om marken \u00e4r det enda alternativet, s\u00e5 att du slipper sitta direkt i smutsen. Skummet ger extra komfort och det finns en stor meshficka p\u00e5 baksidan av s\u00e4tet f\u00f6r att f\u00f6rvara snacks, kameror och andra sm\u00e5 prylar du vill ha med dig n\u00e4r du \u00e4r ute och r\u00f6r p\u00e5 dig.    <\/p>\n<ul>\n<li>Bandremmar justerar din sittposition<\/li>\n<li>L\u00e4tt och packbar<\/li>\n<li>Bandhandtag f\u00f6r enkel transport<\/li>\n<li>Nedre bandremmar f\u00e4ster s\u00e4tet p\u00e5 l\u00e4ktare och kanoter<\/li>\n<li>Bakre meshficka fungerar utm\u00e4rkt f\u00f6r tidningar och snacks<\/li>\n<\/ul>\n<table border=\"3\">\n<tbody>\n<tr>\n<th scope=\"row\">Sittbredd<\/th>\n<td>17&#8243;<\/td>\n<\/tr>\n<tr>\n<th scope=\"row\">Sittdjup<\/th>\n<td>16.5&#8243;<\/td>\n<\/tr>\n<tr>\n<th scope=\"row\">H\u00f6jd ryggst\u00f6d<\/th>\n<td>16.5&#8243;<\/td>\n<\/tr>\n<tr>\n<th scope=\"row\">Hopf\u00e4lld storlek<\/th>\n<td>17&#8243; L x 16.5&#8243; B x 1&#8243; H<\/td>\n<\/tr>\n<tr>\n<th scope=\"row\">Vikt<\/th>\n<td>595 g <\/td>\n<\/tr>\n<\/tbody>\n<\/table>\n","protected":false},"excerpt":{"rendered":"<p>\u00c4r du tr\u00f6tt p\u00e5 att sitta p\u00e5 sportevenemang p\u00e5 kalla l\u00e4ktare med ont i ryggen f\u00f6r att du inte kan luta dig tillbaka? Weekender \u00e4r en bra l\u00f6sning p\u00e5 detta problem, och med en vikt p\u00e5 endast 595 gram kan den tas med n\u00e4stan var som helst. Den 0,5&#8243; slutna cellskummet ger skydd fr\u00e5n de [&#8230;]\n","protected":false},"featured_media":283875,"comment_status":"open","ping_status":"closed","template":"","meta":[],"product_brand":[],"product_cat":[2567,2615],"product_tag":[],"class_list":{"0":"post-285585","1":"product","2":"type-product","3":"status-publish","4":"has-post-thumbnail","6":"product_cat-campingtillbehor","7":"product_cat-talt","9":"first","10":"instock","11":"sale","12":"taxable","13":"shipping-taxable","14":"purchasable","15":"product-type-simple"},"composite_virtual":false,"composite_layout":"","composite_add_to_cart_form_location":"","composite_editable_in_cart":false,"composite_sold_individually_context":"","composite_shop_price_calc":"","composite_components":[],"composite_scenarios":[],"group_of_quantity":0,"min_quantity":0,"max_quantity":"","exclude_order_quantity_value_rules":"no","exclude_category_quantity_rules":"no","combine_variations":"no","exclude_global_add_ons":[],"addons":[],"_links":{"self":[{"href":"https:\/\/www.huntersfriend.eu\/sv\/wp-json\/wp\/v2\/product\/285585","targetHints":{"allow":["GET"]}}],"collection":[{"href":"https:\/\/www.huntersfriend.eu\/sv\/wp-json\/wp\/v2\/product"}],"about":[{"href":"https:\/\/www.huntersfriend.eu\/sv\/wp-json\/wp\/v2\/types\/product"}],"replies":[{"embeddable":true,"href":"https:\/\/www.huntersfriend.eu\/sv\/wp-json\/wp\/v2\/comments?post=285585"}],"wp:featuredmedia":[{"embeddable":true,"href":"https:\/\/www.huntersfriend.eu\/sv\/wp-json\/wp\/v2\/media\/283875"}],"wp:attachment":[{"href":"https:\/\/www.huntersfriend.eu\/sv\/wp-json\/wp\/v2\/media?parent=285585"}],"wp:term":[{"taxonomy":"product_brand","embeddable":true,"href":"https:\/\/www.huntersfriend.eu\/sv\/wp-json\/wp\/v2\/product_brand?post=285585"},{"taxonomy":"product_cat","embeddable":true,"href":"https:\/\/www.huntersfriend.eu\/sv\/wp-json\/wp\/v2\/product_cat?post=285585"},{"taxonomy":"product_tag","embeddable":true,"href":"https:\/\/www.huntersfriend.eu\/sv\/wp-json\/wp\/v2\/product_tag?post=285585"}],"curies":[{"name":"wp","href":"https:\/\/api.w.org\/{rel}","templated":true}]}}