{"id":285584,"date":"2025-06-19T00:39:56","date_gmt":"2025-06-18T22:39:56","guid":{"rendered":"https:\/\/www.huntersfriend.eu\/product\/alperna-bergsklattring-trost-pall\/"},"modified":"2025-08-26T10:31:34","modified_gmt":"2025-08-26T08:31:34","slug":"alperna-bergsklattring-trost-pall","status":"publish","type":"product","link":"https:\/\/www.huntersfriend.eu\/sv\/produkt\/alperna-bergsklattring-trost-pall\/","title":{"rendered":"Alperna bergskl\u00e4ttring tr\u00f6st pall"},"content":{"rendered":"<p>Solace-pallen erbjuder komfort n\u00e4r du \u00e4r ute p\u00e5 vandringen. Den kompakta, l\u00e4tta designen g\u00f6r den idealisk f\u00f6r f\u00f6rvaring i ryggs\u00e4cken. Om packutrymmet \u00e4r ett problem kan du enkelt f\u00e4sta den p\u00e5 ryggs\u00e4cken med den enkla b\u00e4rv\u00e4skan. Aluminiumramen kombineras med 600D ripstop-tyget och ger tillr\u00e4ckligt med styrka f\u00f6r att st\u00f6dja 125 kg samtidigt som den l\u00e4gger till mindre \u00e4n ett kilo till din packvikt. Ta med Solace p\u00e5 ditt n\u00e4sta \u00e4ventyr och koppla av runt l\u00e4gerelden eller i g\u00f6mslet.    <\/p>\n<ul>\n<li>Kompakt, hopf\u00e4llbar design<\/li>\n<li>Aluminiumram<\/li>\n<li>420D polyester honeycomb ripstop-tyg<\/li>\n<li>Praktisk b\u00e4rv\u00e4ska med dragkedja som enkelt kan f\u00e4stas p\u00e5 stolen \u2013 s\u00e5 att den inte tappas bort och fungerar \u00e4ven som en praktisk tillbeh\u00f6rsp\u00e5se<\/li>\n<\/ul>\n<table>\n<tbody>\n<tr>\n<th scope=\"row\">Sittbredd fram<\/th>\n<td>23&#8243;<\/td>\n<\/tr>\n<tr>\n<th scope=\"row\">Sittbredd bak<\/th>\n<td>14&#8243;<\/td>\n<\/tr>\n<tr>\n<th scope=\"row\">Sittdjup<\/th>\n<td>12&#8243;<\/td>\n<\/tr>\n<tr>\n<th scope=\"row\">Sitth\u00f6jd fram<\/th>\n<td>18&#8243;<\/td>\n<\/tr>\n<tr>\n<th scope=\"row\">Sitth\u00f6jd bak<\/th>\n<td>15&#8243;<\/td>\n<\/tr>\n<tr>\n<th scope=\"row\">Ryggst\u00f6dsh\u00f6jd<\/th>\n<td>6&#8243;<\/td>\n<\/tr>\n<tr>\n<th scope=\"row\">Packad storlek<\/th>\n<td>16&#8243; L x 3.5&#8243; W x 6&#8243; H<\/td>\n<\/tr>\n<tr>\n<th scope=\"row\">Vikt<\/th>\n<td>1 lb. 15 oz. <\/td>\n<\/tr>\n<tr>\n<th scope=\"row\">Viktkapacitet<\/th>\n<td>275 lbs.<\/td>\n<\/tr>\n<\/tbody>\n<\/table>\n","protected":false},"excerpt":{"rendered":"<p>Solace-pallen erbjuder komfort n\u00e4r du \u00e4r ute p\u00e5 vandringen. Den kompakta, l\u00e4tta designen g\u00f6r den idealisk f\u00f6r f\u00f6rvaring i ryggs\u00e4cken. Om packutrymmet \u00e4r ett problem kan du enkelt f\u00e4sta den p\u00e5 ryggs\u00e4cken med den enkla b\u00e4rv\u00e4skan. Aluminiumramen kombineras med 600D ripstop-tyget och ger tillr\u00e4ckligt med styrka f\u00f6r att st\u00f6dja 125 kg samtidigt som den l\u00e4gger [&#8230;]\n","protected":false},"featured_media":284437,"comment_status":"open","ping_status":"closed","template":"","meta":[],"product_brand":[],"product_cat":[2567,2563],"product_tag":[],"class_list":{"0":"post-285584","1":"product","2":"type-product","3":"status-publish","4":"has-post-thumbnail","6":"product_cat-campingtillbehor","7":"product_cat-tillbehor-for-jakt-torn-och-gomslen","9":"first","10":"instock","11":"sale","12":"taxable","13":"shipping-taxable","14":"purchasable","15":"product-type-simple"},"composite_virtual":false,"composite_layout":"","composite_add_to_cart_form_location":"","composite_editable_in_cart":false,"composite_sold_individually_context":"","composite_shop_price_calc":"","composite_components":[],"composite_scenarios":[],"group_of_quantity":0,"min_quantity":0,"max_quantity":"","exclude_order_quantity_value_rules":"no","exclude_category_quantity_rules":"no","combine_variations":"no","exclude_global_add_ons":[],"addons":[],"_links":{"self":[{"href":"https:\/\/www.huntersfriend.eu\/sv\/wp-json\/wp\/v2\/product\/285584","targetHints":{"allow":["GET"]}}],"collection":[{"href":"https:\/\/www.huntersfriend.eu\/sv\/wp-json\/wp\/v2\/product"}],"about":[{"href":"https:\/\/www.huntersfriend.eu\/sv\/wp-json\/wp\/v2\/types\/product"}],"replies":[{"embeddable":true,"href":"https:\/\/www.huntersfriend.eu\/sv\/wp-json\/wp\/v2\/comments?post=285584"}],"wp:featuredmedia":[{"embeddable":true,"href":"https:\/\/www.huntersfriend.eu\/sv\/wp-json\/wp\/v2\/media\/284437"}],"wp:attachment":[{"href":"https:\/\/www.huntersfriend.eu\/sv\/wp-json\/wp\/v2\/media?parent=285584"}],"wp:term":[{"taxonomy":"product_brand","embeddable":true,"href":"https:\/\/www.huntersfriend.eu\/sv\/wp-json\/wp\/v2\/product_brand?post=285584"},{"taxonomy":"product_cat","embeddable":true,"href":"https:\/\/www.huntersfriend.eu\/sv\/wp-json\/wp\/v2\/product_cat?post=285584"},{"taxonomy":"product_tag","embeddable":true,"href":"https:\/\/www.huntersfriend.eu\/sv\/wp-json\/wp\/v2\/product_tag?post=285584"}],"curies":[{"name":"wp","href":"https:\/\/api.w.org\/{rel}","templated":true}]}}