{"id":285583,"date":"2025-06-19T00:39:57","date_gmt":"2025-06-18T22:39:57","guid":{"rendered":"https:\/\/www.huntersfriend.eu\/product\/alperna-bergsklattring-eskalad-sang\/"},"modified":"2025-08-26T10:31:34","modified_gmt":"2025-08-26T08:31:34","slug":"alperna-bergsklattring-eskalad-sang","status":"publish","type":"product","link":"https:\/\/www.huntersfriend.eu\/sv\/produkt\/alperna-bergsklattring-eskalad-sang\/","title":{"rendered":"Alperna bergskl\u00e4ttring eskalad s\u00e4ng"},"content":{"rendered":"<p>Escalade Cot \u00e4r en unik artikel eftersom den s\u00e4tts upp s\u00e5 snabbt och enkelt &#8230; och att ta ner den \u00e4r lika enkelt. Tyget och ramen \u00e4r alla anslutna, s\u00e5 ingen montering kr\u00e4vs. I grund och botten, efter att du tagit ut den ur den medf\u00f6ljande packp\u00e5sen, f\u00e4ller du ut s\u00e4ngen, och den \u201cpoppar\u201d upp &#8230; och du \u00e4r redo f\u00f6r en god natts s\u00f6mn. Att inte ha n\u00e5gra \u00e4ndst\u00e4nger att f\u00e4sta s\u00e4kerst\u00e4ller ocks\u00e5 att ditt huvud aldrig kommer att tr\u00e4ffa n\u00e5got annat \u00e4n tyg. N\u00e4r du vaknar p\u00e5 morgonen och \u00e4r redo att packa ihop den, v\u00e4nder du helt enkelt s\u00e4ngen p\u00e5 sidan, l\u00e5ter den \u201ckollapsa\u201d och viker ihop den. Det \u00e4r verkligen s\u00e5 enkelt! De vinklade benen p\u00e5 s\u00e4ngen f\u00f6rhindrar att den gungar fram och tillbaka, och mittst\u00f6det g\u00f6r s\u00e4ngen stens\u00e4ker.      <\/p>\n<ul>\n<li>Extremt enkel installation; inga delar att montera<\/li>\n<li>Vinklade ben f\u00f6rhindrar \u201cgungning\u201d<\/li>\n<li>Sidost\u00f6d f\u00f6r \u00f6kad styrka<\/li>\n<li>Extra teleskopiskt mittst\u00f6d<\/li>\n<li>Khakif\u00e4rgat 600D polyestertyg<\/li>\n<li>Pulverlackerad aluminiumram<\/li>\n<li>Robusta st\u00e5lkopplingar<\/li>\n<li>Organisationsficka<\/li>\n<\/ul>\n<table>\n<tbody>\n<tr>\n<th colspan=\"2\" scope=\"col\">Stor<\/th>\n<\/tr>\n<tr>\n<th scope=\"row\">M\u00e5tt<\/th>\n<td>80&#8243; L x 31&#8243; W x 20&#8243; H<\/td>\n<\/tr>\n<tr>\n<th scope=\"row\">Packad storlek<\/th>\n<td>41&#8243; L x 7&#8243; W x 7&#8243; H<\/td>\n<\/tr>\n<tr>\n<th scope=\"row\">Vikt<\/th>\n<td>19 lbs. 8 oz. <\/td>\n<\/tr>\n<tr>\n<th scope=\"row\">Viktkapacitet<\/th>\n<td>325 lbs.<\/td>\n<\/tr>\n<tr>\n<th colspan=\"2\" scope=\"col\">X-large<\/th>\n<\/tr>\n<tr>\n<th scope=\"row\">M\u00e5tt<\/th>\n<td>90&#8243; L x 35&#8243; W x 22.5&#8243; H<\/td>\n<\/tr>\n<tr>\n<th scope=\"row\">Packad storlek<\/th>\n<td>46&#8243; L x 7&#8243; W x 7&#8243; H<\/td>\n<\/tr>\n<tr>\n<th scope=\"row\">Vikt<\/th>\n<td>24 lbs.<\/td>\n<\/tr>\n<tr>\n<th scope=\"row\">Viktkapacitet<\/th>\n<td>325 lbs.<\/td>\n<\/tr>\n<\/tbody>\n<\/table>\n","protected":false},"excerpt":{"rendered":"<p>Escalade Cot \u00e4r en unik artikel eftersom den s\u00e4tts upp s\u00e5 snabbt och enkelt &#8230; och att ta ner den \u00e4r lika enkelt. Tyget och ramen \u00e4r alla anslutna, s\u00e5 ingen montering kr\u00e4vs. I grund och botten, efter att du tagit ut den ur den medf\u00f6ljande packp\u00e5sen, f\u00e4ller du ut s\u00e4ngen, och den \u201cpoppar\u201d upp [&#8230;]\n","protected":false},"featured_media":283118,"comment_status":"open","ping_status":"closed","template":"","meta":[],"product_brand":[],"product_cat":[2572],"product_tag":[],"class_list":{"0":"post-285583","1":"product","2":"type-product","3":"status-publish","4":"has-post-thumbnail","6":"product_cat-faltsangar-och-liggunderlag","8":"first","9":"outofstock","10":"taxable","11":"shipping-taxable","12":"purchasable","13":"product-type-simple"},"composite_virtual":false,"composite_layout":"","composite_add_to_cart_form_location":"","composite_editable_in_cart":false,"composite_sold_individually_context":"","composite_shop_price_calc":"","composite_components":[],"composite_scenarios":[],"group_of_quantity":0,"min_quantity":0,"max_quantity":"","exclude_order_quantity_value_rules":"no","exclude_category_quantity_rules":"no","combine_variations":"no","exclude_global_add_ons":[],"addons":[],"_links":{"self":[{"href":"https:\/\/www.huntersfriend.eu\/sv\/wp-json\/wp\/v2\/product\/285583","targetHints":{"allow":["GET"]}}],"collection":[{"href":"https:\/\/www.huntersfriend.eu\/sv\/wp-json\/wp\/v2\/product"}],"about":[{"href":"https:\/\/www.huntersfriend.eu\/sv\/wp-json\/wp\/v2\/types\/product"}],"replies":[{"embeddable":true,"href":"https:\/\/www.huntersfriend.eu\/sv\/wp-json\/wp\/v2\/comments?post=285583"}],"wp:featuredmedia":[{"embeddable":true,"href":"https:\/\/www.huntersfriend.eu\/sv\/wp-json\/wp\/v2\/media\/283118"}],"wp:attachment":[{"href":"https:\/\/www.huntersfriend.eu\/sv\/wp-json\/wp\/v2\/media?parent=285583"}],"wp:term":[{"taxonomy":"product_brand","embeddable":true,"href":"https:\/\/www.huntersfriend.eu\/sv\/wp-json\/wp\/v2\/product_brand?post=285583"},{"taxonomy":"product_cat","embeddable":true,"href":"https:\/\/www.huntersfriend.eu\/sv\/wp-json\/wp\/v2\/product_cat?post=285583"},{"taxonomy":"product_tag","embeddable":true,"href":"https:\/\/www.huntersfriend.eu\/sv\/wp-json\/wp\/v2\/product_tag?post=285583"}],"curies":[{"name":"wp","href":"https:\/\/api.w.org\/{rel}","templated":true}]}}