{"id":285582,"date":"2025-06-19T00:39:55","date_gmt":"2025-06-18T22:39:55","guid":{"rendered":"https:\/\/www.huntersfriend.eu\/product\/alps-gungstol-for-bergsklattring\/"},"modified":"2025-11-08T16:57:48","modified_gmt":"2025-11-08T14:57:48","slug":"alps-gungstol-for-bergsklattring","status":"publish","type":"product","link":"https:\/\/www.huntersfriend.eu\/sv\/produkt\/alps-gungstol-for-bergsklattring\/","title":{"rendered":"Alps gungstol f\u00f6r bergskl\u00e4ttring"},"content":{"rendered":"<p>Gungstolen har ett bekv\u00e4mt polyestertyg som, i kombination med dess Pro-Tec pulverlackerade st\u00e5lram, g\u00f6r den till en fantastisk plats att koppla av p\u00e5 i slutet av dagen. Den kompakta, hopf\u00e4llbara designen p\u00e5 denna gungstol g\u00f6r transport och f\u00f6rvaring problemfri, och den l\u00e5ses p\u00e5 plats n\u00e4r den anv\u00e4nds f\u00f6r att s\u00e4kerst\u00e4lla en smidig och s\u00e4ker gungning. Oavsett om du anv\u00e4nder dessa stolar p\u00e5 altanen eller runt l\u00e4gerelden, kommer de att vara stolarna som alla dras till.  <\/p>\n<ul>\n<li>F\u00e4lls ihop f\u00f6r f\u00f6rvaring och transport<\/li>\n<li>L\u00e5ses p\u00e5 plats i b\u00e5de hopf\u00e4llt och \u00f6ppet l\u00e4ge<\/li>\n<li>600D polyestertyg<\/li>\n<li>Pro-Tec pulverlackerad st\u00e5lram<\/li>\n<\/ul>\n<table>\n<tbody>\n<tr>\n<th scope=\"row\">Sittbredd<\/th>\n<td>19&#8243;<\/td>\n<\/tr>\n<tr>\n<th scope=\"row\">Sittdjup<\/th>\n<td>18&#8243;<\/td>\n<\/tr>\n<tr>\n<th scope=\"row\">Sitth\u00f6jd fram<\/th>\n<td>21&#8243;<\/td>\n<\/tr>\n<tr>\n<th scope=\"row\">Sitth\u00f6jd bak<\/th>\n<td>16&#8243;<\/td>\n<\/tr>\n<tr>\n<th scope=\"row\">Ryggst\u00f6dsh\u00f6jd<\/th>\n<td>29&#8243;<\/td>\n<\/tr>\n<tr>\n<th scope=\"row\">Hopf\u00e4lld storlek<\/th>\n<td>47&#8243; L x 24&#8243; W x 6&#8243; H<\/td>\n<\/tr>\n<tr>\n<th scope=\"row\">Vikt<\/th>\n<td>17 lbs. 8 oz. <\/td>\n<\/tr>\n<tr>\n<th scope=\"row\">Viktkapacitet<\/th>\n<td>300 lbs.<\/td>\n<\/tr>\n<\/tbody>\n<\/table>\n","protected":false},"excerpt":{"rendered":"<p>Gungstolen har ett bekv\u00e4mt polyestertyg som, i kombination med dess Pro-Tec pulverlackerade st\u00e5lram, g\u00f6r den till en fantastisk plats att koppla av p\u00e5 i slutet av dagen. Den kompakta, hopf\u00e4llbara designen p\u00e5 denna gungstol g\u00f6r transport och f\u00f6rvaring problemfri, och den l\u00e5ses p\u00e5 plats n\u00e4r den anv\u00e4nds f\u00f6r att s\u00e4kerst\u00e4lla en smidig och s\u00e4ker gungning. [&#8230;]\n","protected":false},"featured_media":284717,"comment_status":"open","ping_status":"closed","template":"","meta":[],"product_brand":[],"product_cat":[2567,2563],"product_tag":[],"class_list":{"0":"post-285582","1":"product","2":"type-product","3":"status-publish","4":"has-post-thumbnail","6":"product_cat-campingtillbehor","7":"product_cat-tillbehor-for-jakt-torn-och-gomslen","9":"first","10":"instock","11":"sale","12":"taxable","13":"shipping-taxable","14":"purchasable","15":"product-type-simple"},"composite_virtual":false,"composite_layout":"","composite_add_to_cart_form_location":"","composite_editable_in_cart":false,"composite_sold_individually_context":"","composite_shop_price_calc":"","composite_components":[],"composite_scenarios":[],"group_of_quantity":0,"min_quantity":0,"max_quantity":"","exclude_order_quantity_value_rules":"no","exclude_category_quantity_rules":"no","combine_variations":"no","exclude_global_add_ons":[],"addons":[],"_links":{"self":[{"href":"https:\/\/www.huntersfriend.eu\/sv\/wp-json\/wp\/v2\/product\/285582","targetHints":{"allow":["GET"]}}],"collection":[{"href":"https:\/\/www.huntersfriend.eu\/sv\/wp-json\/wp\/v2\/product"}],"about":[{"href":"https:\/\/www.huntersfriend.eu\/sv\/wp-json\/wp\/v2\/types\/product"}],"replies":[{"embeddable":true,"href":"https:\/\/www.huntersfriend.eu\/sv\/wp-json\/wp\/v2\/comments?post=285582"}],"wp:featuredmedia":[{"embeddable":true,"href":"https:\/\/www.huntersfriend.eu\/sv\/wp-json\/wp\/v2\/media\/284717"}],"wp:attachment":[{"href":"https:\/\/www.huntersfriend.eu\/sv\/wp-json\/wp\/v2\/media?parent=285582"}],"wp:term":[{"taxonomy":"product_brand","embeddable":true,"href":"https:\/\/www.huntersfriend.eu\/sv\/wp-json\/wp\/v2\/product_brand?post=285582"},{"taxonomy":"product_cat","embeddable":true,"href":"https:\/\/www.huntersfriend.eu\/sv\/wp-json\/wp\/v2\/product_cat?post=285582"},{"taxonomy":"product_tag","embeddable":true,"href":"https:\/\/www.huntersfriend.eu\/sv\/wp-json\/wp\/v2\/product_tag?post=285582"}],"curies":[{"name":"wp","href":"https:\/\/api.w.org\/{rel}","templated":true}]}}