{"id":285578,"date":"2025-06-19T00:39:55","date_gmt":"2025-06-18T22:39:55","guid":{"rendered":"https:\/\/www.huntersfriend.eu\/product\/alpinism-rendezvous-stol\/"},"modified":"2025-08-26T10:31:29","modified_gmt":"2025-08-26T08:31:29","slug":"alpinism-rendezvous-stol","status":"publish","type":"product","link":"https:\/\/www.huntersfriend.eu\/sv\/produkt\/alpinism-rendezvous-stol\/","title":{"rendered":"Alpinism Rendezvous-stol"},"content":{"rendered":"<p>Oavsett om du solar dig, samlas runt l\u00e4gerelden, lyssnar p\u00e5 ditt favoritband p\u00e5 en utomhuskonsert eller sitter runt poolen och pratar med v\u00e4nner, ger Rendezvous den komfort och styrka du vill ha i en stol. Rendezvous sitter l\u00e5gt mot marken och l\u00e5ter dig luta dig tillbaka i en perfekt vinkel f\u00f6r att slappna av och str\u00e4cka ut benen. Den f\u00e4lls ihop och passar i den medf\u00f6ljande b\u00e4rv\u00e4skan, s\u00e5 att transportera och f\u00f6rvara stolen \u00e4r bekv\u00e4mt och enkelt. Ett livfullt f\u00e4rgalternativ erbjuds i Rendezvous-stolens sortiment.   <\/p>\n<ul>\n<li>F\u00e4llstol med armst\u00f6d som sitter l\u00e5gt mot marken<\/li>\n<li>Kompakt hopf\u00e4llbar design<\/li>\n<li>Cool TechMesh-centrum<\/li>\n<li>Pulverlackerad st\u00e5lram<\/li>\n<li>Inkluderar en b\u00e4rv\u00e4ska<\/li>\n<\/ul>\n<table>\n<tbody>\n<tr>\n<th scope=\"row\">Sittbredd<\/th>\n<td>21&#8243;<\/td>\n<\/tr>\n<tr>\n<th scope=\"row\">Sittdjup<\/th>\n<td>15&#8243;<\/td>\n<\/tr>\n<tr>\n<th scope=\"row\">Sitth\u00f6jd fram<\/th>\n<td>8&#8243;<\/td>\n<\/tr>\n<tr>\n<th scope=\"row\">Sitth\u00f6jd bak<\/th>\n<td>5&#8243;<\/td>\n<\/tr>\n<tr>\n<th scope=\"row\">Ryggst\u00f6dsh\u00f6jd<\/th>\n<td>21&#8243;<\/td>\n<\/tr>\n<tr>\n<th scope=\"row\">Packad storlek<\/th>\n<td>27&#8243; L x 7&#8243; W x 7.5&#8243; H<\/td>\n<\/tr>\n<tr>\n<th scope=\"row\">Vikt<\/th>\n<td>6 lbs. 13 oz. <\/td>\n<\/tr>\n<tr>\n<th scope=\"row\">Viktkapacitet<\/th>\n<td>300 lbs.<\/td>\n<\/tr>\n<\/tbody>\n<\/table>\n","protected":false},"excerpt":{"rendered":"<p>Oavsett om du solar dig, samlas runt l\u00e4gerelden, lyssnar p\u00e5 ditt favoritband p\u00e5 en utomhuskonsert eller sitter runt poolen och pratar med v\u00e4nner, ger Rendezvous den komfort och styrka du vill ha i en stol. Rendezvous sitter l\u00e5gt mot marken och l\u00e5ter dig luta dig tillbaka i en perfekt vinkel f\u00f6r att slappna av och [&#8230;]\n","protected":false},"featured_media":284749,"comment_status":"open","ping_status":"closed","template":"","meta":[],"product_brand":[],"product_cat":[2567,2563],"product_tag":[],"class_list":{"0":"post-285578","1":"product","2":"type-product","3":"status-publish","4":"has-post-thumbnail","6":"product_cat-campingtillbehor","7":"product_cat-tillbehor-for-jakt-torn-och-gomslen","9":"first","10":"instock","11":"taxable","12":"shipping-taxable","13":"purchasable","14":"product-type-simple"},"composite_virtual":false,"composite_layout":"","composite_add_to_cart_form_location":"","composite_editable_in_cart":false,"composite_sold_individually_context":"","composite_shop_price_calc":"","composite_components":[],"composite_scenarios":[],"group_of_quantity":0,"min_quantity":0,"max_quantity":"","exclude_order_quantity_value_rules":"no","exclude_category_quantity_rules":"no","combine_variations":"no","exclude_global_add_ons":[],"addons":[],"_links":{"self":[{"href":"https:\/\/www.huntersfriend.eu\/sv\/wp-json\/wp\/v2\/product\/285578","targetHints":{"allow":["GET"]}}],"collection":[{"href":"https:\/\/www.huntersfriend.eu\/sv\/wp-json\/wp\/v2\/product"}],"about":[{"href":"https:\/\/www.huntersfriend.eu\/sv\/wp-json\/wp\/v2\/types\/product"}],"replies":[{"embeddable":true,"href":"https:\/\/www.huntersfriend.eu\/sv\/wp-json\/wp\/v2\/comments?post=285578"}],"wp:featuredmedia":[{"embeddable":true,"href":"https:\/\/www.huntersfriend.eu\/sv\/wp-json\/wp\/v2\/media\/284749"}],"wp:attachment":[{"href":"https:\/\/www.huntersfriend.eu\/sv\/wp-json\/wp\/v2\/media?parent=285578"}],"wp:term":[{"taxonomy":"product_brand","embeddable":true,"href":"https:\/\/www.huntersfriend.eu\/sv\/wp-json\/wp\/v2\/product_brand?post=285578"},{"taxonomy":"product_cat","embeddable":true,"href":"https:\/\/www.huntersfriend.eu\/sv\/wp-json\/wp\/v2\/product_cat?post=285578"},{"taxonomy":"product_tag","embeddable":true,"href":"https:\/\/www.huntersfriend.eu\/sv\/wp-json\/wp\/v2\/product_tag?post=285578"}],"curies":[{"name":"wp","href":"https:\/\/api.w.org\/{rel}","templated":true}]}}