{"id":285577,"date":"2025-06-18T00:36:14","date_gmt":"2025-06-17T22:36:14","guid":{"rendered":"https:\/\/www.huntersfriend.eu\/product\/browning-basin-stol\/"},"modified":"2025-08-26T10:31:29","modified_gmt":"2025-08-26T08:31:29","slug":"browning-basin-stol","status":"publish","type":"product","link":"https:\/\/www.huntersfriend.eu\/sv\/produkt\/browning-basin-stol\/","title":{"rendered":"Browning basin-stol"},"content":{"rendered":"<p>Browning Camping Basin-stol kan tas med p\u00e5 alla \u00e4ventyr. Basin v\u00e4ger under 2,3 kg och packas i den medf\u00f6ljande b\u00e4rv\u00e4skan som \u00e4r 38 cm L x 13 cm B x 13 cm H. Den robusta pulverlackerade st\u00e5lramen \u00e4r sammanfogad med en elastisk lina f\u00f6r en snabb och problemfri installation. Den medf\u00f6ljande b\u00e4rv\u00e4skan kan ocks\u00e5 f\u00e4stas p\u00e5 stolen och fungera som en tillbeh\u00f6rsficka med dragkedja.    <\/p>\n<ul>\n<li>8511501 svart<\/li>\n<\/ul>\n<ul>\n<li>Robust, kompakt, hopf\u00e4llbar design<\/li>\n<li>420D polyester honeycomb ripstop-tyg<\/li>\n<li>Slitstark st\u00e5lram<\/li>\n<li>Nylonmeshtyg i mitten<\/li>\n<li>Praktisk b\u00e4rv\u00e4ska med dragkedja som enkelt kan f\u00e4stas p\u00e5 stolen \u2013 s\u00e5 att den inte tappas bort och fungerar \u00e4ven som en praktisk tillbeh\u00f6rsp\u00e5se<\/li>\n<\/ul>\n<table>\n<tbody>\n<tr>\n<th scope=\"row\">Sittbredd fram<\/th>\n<td>21&#8243;<\/td>\n<\/tr>\n<tr>\n<th scope=\"row\">Sittbredd bak<\/th>\n<td>15&#8243;<\/td>\n<\/tr>\n<tr>\n<th scope=\"row\">Sittdjup<\/th>\n<td>16&#8243;<\/td>\n<\/tr>\n<tr>\n<th scope=\"row\">Sitth\u00f6jd fram<\/th>\n<td>14&#8243;<\/td>\n<\/tr>\n<tr>\n<th scope=\"row\">Sitth\u00f6jd bak<\/th>\n<td>12&#8243;<\/td>\n<\/tr>\n<tr>\n<th scope=\"row\">H\u00f6jd ryggst\u00f6d<\/th>\n<td>16&#8243;<\/td>\n<\/tr>\n<tr>\n<th scope=\"row\">Packad storlek<\/th>\n<td>15&#8243; L x 5&#8243; B x 5&#8243; H<\/td>\n<\/tr>\n<tr>\n<th scope=\"row\">Vikt<\/th>\n<td>1,98 kg <\/td>\n<\/tr>\n<tr>\n<th scope=\"row\">Viktkapacitet<\/th>\n<td>275 lbs.<\/td>\n<\/tr>\n<\/tbody>\n<\/table>\n","protected":false},"excerpt":{"rendered":"<p>Browning Camping Basin-stol kan tas med p\u00e5 alla \u00e4ventyr. Basin v\u00e4ger under 2,3 kg och packas i den medf\u00f6ljande b\u00e4rv\u00e4skan som \u00e4r 38 cm L x 13 cm B x 13 cm H. Den robusta pulverlackerade st\u00e5lramen \u00e4r sammanfogad med en elastisk lina f\u00f6r en snabb och problemfri installation. Den medf\u00f6ljande b\u00e4rv\u00e4skan kan ocks\u00e5 f\u00e4stas [&#8230;]\n","protected":false},"featured_media":284940,"comment_status":"open","ping_status":"closed","template":"","meta":[],"product_brand":[],"product_cat":[2567],"product_tag":[],"class_list":{"0":"post-285577","1":"product","2":"type-product","3":"status-publish","4":"has-post-thumbnail","6":"product_cat-campingtillbehor","8":"first","9":"instock","10":"taxable","11":"shipping-taxable","12":"purchasable","13":"product-type-simple"},"composite_virtual":false,"composite_layout":"","composite_add_to_cart_form_location":"","composite_editable_in_cart":false,"composite_sold_individually_context":"","composite_shop_price_calc":"","composite_components":[],"composite_scenarios":[],"group_of_quantity":0,"min_quantity":0,"max_quantity":"","exclude_order_quantity_value_rules":"no","exclude_category_quantity_rules":"no","combine_variations":"no","exclude_global_add_ons":[],"addons":[],"_links":{"self":[{"href":"https:\/\/www.huntersfriend.eu\/sv\/wp-json\/wp\/v2\/product\/285577","targetHints":{"allow":["GET"]}}],"collection":[{"href":"https:\/\/www.huntersfriend.eu\/sv\/wp-json\/wp\/v2\/product"}],"about":[{"href":"https:\/\/www.huntersfriend.eu\/sv\/wp-json\/wp\/v2\/types\/product"}],"replies":[{"embeddable":true,"href":"https:\/\/www.huntersfriend.eu\/sv\/wp-json\/wp\/v2\/comments?post=285577"}],"wp:featuredmedia":[{"embeddable":true,"href":"https:\/\/www.huntersfriend.eu\/sv\/wp-json\/wp\/v2\/media\/284940"}],"wp:attachment":[{"href":"https:\/\/www.huntersfriend.eu\/sv\/wp-json\/wp\/v2\/media?parent=285577"}],"wp:term":[{"taxonomy":"product_brand","embeddable":true,"href":"https:\/\/www.huntersfriend.eu\/sv\/wp-json\/wp\/v2\/product_brand?post=285577"},{"taxonomy":"product_cat","embeddable":true,"href":"https:\/\/www.huntersfriend.eu\/sv\/wp-json\/wp\/v2\/product_cat?post=285577"},{"taxonomy":"product_tag","embeddable":true,"href":"https:\/\/www.huntersfriend.eu\/sv\/wp-json\/wp\/v2\/product_tag?post=285577"}],"curies":[{"name":"wp","href":"https:\/\/api.w.org\/{rel}","templated":true}]}}