{"id":285576,"date":"2025-06-19T00:39:55","date_gmt":"2025-06-18T22:39:55","guid":{"rendered":"https:\/\/www.huntersfriend.eu\/product\/alperna-bergsklattring-rendezvous-elitstol\/"},"modified":"2025-08-26T10:31:28","modified_gmt":"2025-08-26T08:31:28","slug":"alperna-bergsklattring-rendezvous-elitstol","status":"publish","type":"product","link":"https:\/\/www.huntersfriend.eu\/sv\/produkt\/alperna-bergsklattring-rendezvous-elitstol\/","title":{"rendered":"Alperna bergskl\u00e4ttring rendezvous elitstol"},"content":{"rendered":"<p>Rendezvous Elite \u00e4r en varmv\u00e4ders-spin-off av den klassiska ALPS Mountaineering Rendezvous, och tar sommarsittandet till n\u00e4sta niv\u00e5. Oavsett om du solar p\u00e5 stranden, lyssnar p\u00e5 ditt favoritband p\u00e5 en utomhuskonsert eller sitter runt poolen och pratar med v\u00e4nner, ger Rendezvous Elite samma l\u00e5ga sittprofil med till\u00e4gget av \u00f6verl\u00e4gsen ventilation. Konstruerad med en l\u00e4tt men \u00e4nd\u00e5 slitstark pulverlackerad aluminium\/st\u00e5lhybridram med 100 % nylonn\u00e4tss\u00e4te, v\u00e4ger Rendezvous Elite under 2,3 kg, vilket g\u00f6r den enkel att ta med till alla evenemang. Stolen sitter l\u00e5gt mot marken och l\u00e5ter dig luta dig tillbaka i en perfekt vinkel f\u00f6r att slappna av och str\u00e4cka ut benen. Stolen f\u00e4lls ihop och passar i den medf\u00f6ljande b\u00e4rv\u00e4skan, s\u00e5 att transportera och f\u00f6rvara stolen \u00e4r bekv\u00e4mt och enkelt.<\/p>\n<ul>\n<li>F\u00e4llstol med armst\u00f6d som sitter l\u00e5gt mot marken<\/li>\n<li>Kompakt hopf\u00e4llbar design<\/li>\n<li>Hela s\u00e4tet \u00e4r av nylonn\u00e4t f\u00f6r \u00f6verl\u00e4gsen ventilation<\/li>\n<li>L\u00e4tt, men \u00e4nd\u00e5 slitstark, pulverlackerad aluminium\/st\u00e5lhybridram<\/li>\n<li>Inkluderar en b\u00e4rv\u00e4ska<\/li>\n<\/ul>\n<table>\n<tbody>\n<tr>\n<th scope=\"row\">Sittbredd<\/th>\n<td>21&#8243;<\/td>\n<\/tr>\n<tr>\n<th scope=\"row\">Sittdjup<\/th>\n<td>15&#8243;<\/td>\n<\/tr>\n<tr>\n<th scope=\"row\">Sitth\u00f6jd fram<\/th>\n<td>8&#8243;<\/td>\n<\/tr>\n<tr>\n<th scope=\"row\">Sitth\u00f6jd bak<\/th>\n<td>5&#8243;<\/td>\n<\/tr>\n<tr>\n<th scope=\"row\">Ryggst\u00f6dsh\u00f6jd<\/th>\n<td>21&#8243;<\/td>\n<\/tr>\n<tr>\n<th scope=\"row\">Packad storlek<\/th>\n<td>27&#8243; L x 7&#8243; W x 7.5&#8243; H<\/td>\n<\/tr>\n<tr>\n<th scope=\"row\">Vikt<\/th>\n<td>4 lbs. 11 oz. (ungef\u00e4r 2,1 kg) <\/td>\n<\/tr>\n<tr>\n<th scope=\"row\">Viktkapacitet<\/th>\n<td>300 lbs.<\/td>\n<\/tr>\n<\/tbody>\n<\/table>\n","protected":false},"excerpt":{"rendered":"<p>Rendezvous Elite \u00e4r en varmv\u00e4ders-spin-off av den klassiska ALPS Mountaineering Rendezvous, och tar sommarsittandet till n\u00e4sta niv\u00e5. Oavsett om du solar p\u00e5 stranden, lyssnar p\u00e5 ditt favoritband p\u00e5 en utomhuskonsert eller sitter runt poolen och pratar med v\u00e4nner, ger Rendezvous Elite samma l\u00e5ga sittprofil med till\u00e4gget av \u00f6verl\u00e4gsen ventilation. Konstruerad med en l\u00e4tt men \u00e4nd\u00e5 [&#8230;]\n","protected":false},"featured_media":284784,"comment_status":"open","ping_status":"closed","template":"","meta":[],"product_brand":[],"product_cat":[2567,2563],"product_tag":[],"class_list":{"0":"post-285576","1":"product","2":"type-product","3":"status-publish","4":"has-post-thumbnail","6":"product_cat-campingtillbehor","7":"product_cat-tillbehor-for-jakt-torn-och-gomslen","9":"first","10":"outofstock","11":"taxable","12":"shipping-taxable","13":"purchasable","14":"product-type-simple"},"composite_virtual":false,"composite_layout":"","composite_add_to_cart_form_location":"","composite_editable_in_cart":false,"composite_sold_individually_context":"","composite_shop_price_calc":"","composite_components":[],"composite_scenarios":[],"group_of_quantity":0,"min_quantity":0,"max_quantity":"","exclude_order_quantity_value_rules":"no","exclude_category_quantity_rules":"no","combine_variations":"no","exclude_global_add_ons":[],"addons":[],"_links":{"self":[{"href":"https:\/\/www.huntersfriend.eu\/sv\/wp-json\/wp\/v2\/product\/285576","targetHints":{"allow":["GET"]}}],"collection":[{"href":"https:\/\/www.huntersfriend.eu\/sv\/wp-json\/wp\/v2\/product"}],"about":[{"href":"https:\/\/www.huntersfriend.eu\/sv\/wp-json\/wp\/v2\/types\/product"}],"replies":[{"embeddable":true,"href":"https:\/\/www.huntersfriend.eu\/sv\/wp-json\/wp\/v2\/comments?post=285576"}],"wp:featuredmedia":[{"embeddable":true,"href":"https:\/\/www.huntersfriend.eu\/sv\/wp-json\/wp\/v2\/media\/284784"}],"wp:attachment":[{"href":"https:\/\/www.huntersfriend.eu\/sv\/wp-json\/wp\/v2\/media?parent=285576"}],"wp:term":[{"taxonomy":"product_brand","embeddable":true,"href":"https:\/\/www.huntersfriend.eu\/sv\/wp-json\/wp\/v2\/product_brand?post=285576"},{"taxonomy":"product_cat","embeddable":true,"href":"https:\/\/www.huntersfriend.eu\/sv\/wp-json\/wp\/v2\/product_cat?post=285576"},{"taxonomy":"product_tag","embeddable":true,"href":"https:\/\/www.huntersfriend.eu\/sv\/wp-json\/wp\/v2\/product_tag?post=285576"}],"curies":[{"name":"wp","href":"https:\/\/api.w.org\/{rel}","templated":true}]}}