{"id":285575,"date":"2025-06-18T00:36:10","date_gmt":"2025-06-17T22:36:10","guid":{"rendered":"https:\/\/www.huntersfriend.eu\/product\/rektangulart-sovsackslakan-for-alpin-bergsklattring\/"},"modified":"2025-08-26T10:31:28","modified_gmt":"2025-08-26T08:31:28","slug":"rektangulart-sovsackslakan-for-alpin-bergsklattring","status":"publish","type":"product","link":"https:\/\/www.huntersfriend.eu\/sv\/produkt\/rektangulart-sovsackslakan-for-alpin-bergsklattring\/","title":{"rendered":"Rektangul\u00e4rt sovs\u00e4ckslakan f\u00f6r alpin bergskl\u00e4ttring"},"content":{"rendered":"<p>Att l\u00e4gga till ett lakan i din sovs\u00e4ck \u00f6kar v\u00e4rmen, komforten och renligheten p\u00e5 dina campingresor. Lakan skapar en mjuk och mysig barri\u00e4r mellan dig och din sovs\u00e4ck, vilket hj\u00e4lper till att reglera temperaturen och h\u00e5lla insidan ren genom att minska direktkontakt med svett och smuts. De \u00e4r l\u00e4tta att tv\u00e4tta, vilket inneb\u00e4r mindre frekvent reng\u00f6ring av din sovs\u00e4ck, vilket i slut\u00e4ndan f\u00f6rl\u00e4nger dess livsl\u00e4ngd. Dessutom kan de anv\u00e4ndas p\u00e5 egen hand i varmare v\u00e4der f\u00f6r l\u00e4tt m\u00e5ngsidighet.   <\/p>\n<ul>\n<li>Borstad polyester eller polybomullsalternativ<\/li>\n<li>#5 Separerande dragkedjor<\/li>\n<li>Standard packp\u00e5se<\/li>\n<\/ul>\n<table>\n<tbody>\n<tr>\n<th scope=\"row\">M\u00e5tt<\/th>\n<td>80 \u201cL x 33\u201d B<\/td>\n<\/tr>\n<tr>\n<th scope=\"row\">Vikt<\/th>\n<td>595 g <\/td>\n<\/tr>\n<tr>\n<th scope=\"row\">Packad storlek<\/th>\n<td>8 \u201cL x 3.5\u201d D<\/td>\n<\/tr>\n<\/tbody>\n<\/table>\n","protected":false},"excerpt":{"rendered":"<p>Att l\u00e4gga till ett lakan i din sovs\u00e4ck \u00f6kar v\u00e4rmen, komforten och renligheten p\u00e5 dina campingresor. Lakan skapar en mjuk och mysig barri\u00e4r mellan dig och din sovs\u00e4ck, vilket hj\u00e4lper till att reglera temperaturen och h\u00e5lla insidan ren genom att minska direktkontakt med svett och smuts. De \u00e4r l\u00e4tta att tv\u00e4tta, vilket inneb\u00e4r mindre frekvent [&#8230;]\n","protected":false},"featured_media":284804,"comment_status":"open","ping_status":"closed","template":"","meta":[],"product_brand":[],"product_cat":[2571],"product_tag":[],"class_list":{"0":"post-285575","1":"product","2":"type-product","3":"status-publish","4":"has-post-thumbnail","6":"product_cat-sovsackar","8":"first","9":"instock","10":"sale","11":"taxable","12":"shipping-taxable","13":"purchasable","14":"product-type-simple"},"composite_virtual":false,"composite_layout":"","composite_add_to_cart_form_location":"","composite_editable_in_cart":false,"composite_sold_individually_context":"","composite_shop_price_calc":"","composite_components":[],"composite_scenarios":[],"group_of_quantity":0,"min_quantity":0,"max_quantity":"","exclude_order_quantity_value_rules":"no","exclude_category_quantity_rules":"no","combine_variations":"no","exclude_global_add_ons":[],"addons":[],"_links":{"self":[{"href":"https:\/\/www.huntersfriend.eu\/sv\/wp-json\/wp\/v2\/product\/285575","targetHints":{"allow":["GET"]}}],"collection":[{"href":"https:\/\/www.huntersfriend.eu\/sv\/wp-json\/wp\/v2\/product"}],"about":[{"href":"https:\/\/www.huntersfriend.eu\/sv\/wp-json\/wp\/v2\/types\/product"}],"replies":[{"embeddable":true,"href":"https:\/\/www.huntersfriend.eu\/sv\/wp-json\/wp\/v2\/comments?post=285575"}],"wp:featuredmedia":[{"embeddable":true,"href":"https:\/\/www.huntersfriend.eu\/sv\/wp-json\/wp\/v2\/media\/284804"}],"wp:attachment":[{"href":"https:\/\/www.huntersfriend.eu\/sv\/wp-json\/wp\/v2\/media?parent=285575"}],"wp:term":[{"taxonomy":"product_brand","embeddable":true,"href":"https:\/\/www.huntersfriend.eu\/sv\/wp-json\/wp\/v2\/product_brand?post=285575"},{"taxonomy":"product_cat","embeddable":true,"href":"https:\/\/www.huntersfriend.eu\/sv\/wp-json\/wp\/v2\/product_cat?post=285575"},{"taxonomy":"product_tag","embeddable":true,"href":"https:\/\/www.huntersfriend.eu\/sv\/wp-json\/wp\/v2\/product_tag?post=285575"}],"curies":[{"name":"wp","href":"https:\/\/api.w.org\/{rel}","templated":true}]}}