{"id":285574,"date":"2025-06-18T00:36:15","date_gmt":"2025-06-17T22:36:15","guid":{"rendered":"https:\/\/www.huntersfriend.eu\/product\/browning-tvattstallsbord\/"},"modified":"2025-08-26T10:31:27","modified_gmt":"2025-08-26T08:31:27","slug":"browning-tvattstallsbord","status":"publish","type":"product","link":"https:\/\/www.huntersfriend.eu\/sv\/produkt\/browning-tvattstallsbord\/","title":{"rendered":"Browning tv\u00e4ttst\u00e4llsbord"},"content":{"rendered":"<p>Var aldrig utan ett bord, tack vare tv\u00e4ttst\u00e4llsbordet. Dess slitstarka st\u00e5lram s\u00e4tts upp snabbt med sin hopf\u00e4llbara navdesign. Dubbla inbyggda muggh\u00e5llare s\u00e4kerst\u00e4ller att dina drycker inte spills. F\u00f6rst\u00e4rkningar i ovansidans 420D polyester honeycomb ripstop-tyg h\u00e5ller ytan sp\u00e4nd. Tv\u00e4ttst\u00e4llsbordet f\u00e4lls ihop snabbt och f\u00f6rvaras litet.    <\/p>\n<ul>\n<li>8540001 svart<\/li>\n<\/ul>\n<ul>\n<li>Ultrasnabb installation med hopf\u00e4llbar navdesign<\/li>\n<li>Slitstark st\u00e5lram<\/li>\n<li>Tv\u00e5 inbyggda dryckesh\u00e5llare<\/li>\n<li>420D polyester honeycomb ripstop-tyg<\/li>\n<\/ul>\n<table>\n<tbody>\n<tr>\n<th scope=\"row\">M\u00e5tt<\/th>\n<td>31&#8243; L x 20.5&#8243; B x 18&#8243; H<\/td>\n<\/tr>\n<tr>\n<th scope=\"row\">Packad storlek<\/th>\n<td>32&#8243; L x 5&#8243; B x 4&#8243; H<\/td>\n<\/tr>\n<tr>\n<th scope=\"row\">Vikt<\/th>\n<td>5 lbs. 6 oz. <\/td>\n<\/tr>\n<\/tbody>\n<\/table>\n","protected":false},"excerpt":{"rendered":"<p>Var aldrig utan ett bord, tack vare tv\u00e4ttst\u00e4llsbordet. Dess slitstarka st\u00e5lram s\u00e4tts upp snabbt med sin hopf\u00e4llbara navdesign. Dubbla inbyggda muggh\u00e5llare s\u00e4kerst\u00e4ller att dina drycker inte spills. F\u00f6rst\u00e4rkningar i ovansidans 420D polyester honeycomb ripstop-tyg h\u00e5ller ytan sp\u00e4nd. Tv\u00e4ttst\u00e4llsbordet f\u00e4lls ihop snabbt och f\u00f6rvaras litet. 8540001 svart Ultrasnabb installation med hopf\u00e4llbar navdesign Slitstark st\u00e5lram Tv\u00e5 inbyggda [&#8230;]\n","protected":false},"featured_media":284956,"comment_status":"open","ping_status":"closed","template":"","meta":[],"product_brand":[],"product_cat":[2567],"product_tag":[],"class_list":{"0":"post-285574","1":"product","2":"type-product","3":"status-publish","4":"has-post-thumbnail","6":"product_cat-campingtillbehor","8":"first","9":"instock","10":"taxable","11":"shipping-taxable","12":"purchasable","13":"product-type-simple"},"composite_virtual":false,"composite_layout":"","composite_add_to_cart_form_location":"","composite_editable_in_cart":false,"composite_sold_individually_context":"","composite_shop_price_calc":"","composite_components":[],"composite_scenarios":[],"group_of_quantity":0,"min_quantity":0,"max_quantity":"","exclude_order_quantity_value_rules":"no","exclude_category_quantity_rules":"no","combine_variations":"no","exclude_global_add_ons":[],"addons":[],"_links":{"self":[{"href":"https:\/\/www.huntersfriend.eu\/sv\/wp-json\/wp\/v2\/product\/285574","targetHints":{"allow":["GET"]}}],"collection":[{"href":"https:\/\/www.huntersfriend.eu\/sv\/wp-json\/wp\/v2\/product"}],"about":[{"href":"https:\/\/www.huntersfriend.eu\/sv\/wp-json\/wp\/v2\/types\/product"}],"replies":[{"embeddable":true,"href":"https:\/\/www.huntersfriend.eu\/sv\/wp-json\/wp\/v2\/comments?post=285574"}],"wp:featuredmedia":[{"embeddable":true,"href":"https:\/\/www.huntersfriend.eu\/sv\/wp-json\/wp\/v2\/media\/284956"}],"wp:attachment":[{"href":"https:\/\/www.huntersfriend.eu\/sv\/wp-json\/wp\/v2\/media?parent=285574"}],"wp:term":[{"taxonomy":"product_brand","embeddable":true,"href":"https:\/\/www.huntersfriend.eu\/sv\/wp-json\/wp\/v2\/product_brand?post=285574"},{"taxonomy":"product_cat","embeddable":true,"href":"https:\/\/www.huntersfriend.eu\/sv\/wp-json\/wp\/v2\/product_cat?post=285574"},{"taxonomy":"product_tag","embeddable":true,"href":"https:\/\/www.huntersfriend.eu\/sv\/wp-json\/wp\/v2\/product_tag?post=285574"}],"curies":[{"name":"wp","href":"https:\/\/api.w.org\/{rel}","templated":true}]}}