{"id":285573,"date":"2025-06-18T00:26:21","date_gmt":"2025-06-17T22:26:21","guid":{"rendered":"https:\/\/www.huntersfriend.eu\/product\/alperna-bergsklattring-dagsutflyktsfilt\/"},"modified":"2025-08-26T10:31:27","modified_gmt":"2025-08-26T08:31:27","slug":"alperna-bergsklattring-dagsutflyktsfilt","status":"publish","type":"product","link":"https:\/\/www.huntersfriend.eu\/sv\/produkt\/alperna-bergsklattring-dagsutflyktsfilt\/","title":{"rendered":"Alperna bergskl\u00e4ttring dagsutflyktsfilt"},"content":{"rendered":"<p>Dayventure vattent\u00e4ta filt \u00e4r en viktig del f\u00f6r alla familjer \u2013 du kommer inte att vilja l\u00e4mna hemmet utan den! Den m\u00e5ngsidiga filten ger komfort och skydd p\u00e5 resan. En supermjuk, vattenavvisande fleeceovansida ger en gosig yta att sitta p\u00e5 eller en varm omslag runt dig under en kylig eller regnig dag. Den slitstarka nylonbotten med vattent\u00e4tt innermembran skyddar mot fukt. Oavsett om du \u00e4r p\u00e5 en familjepicknick eller p\u00e5 en konsert i parken, kommer det vattent\u00e4ta membranet att ge en barri\u00e4r mellan dig och den fuktiga marken. Om du r\u00e5kar vara p\u00e5 ett sportevenemang och v\u00e4dret v\u00e4nder, linda Dayventure runt dig f\u00f6r att h\u00e5lla dig varm och torr. De praktiska anv\u00e4ndningsomr\u00e5dena \u00e4r o\u00e4ndliga. Praktiska \u00f6glor f\u00f6r fasts\u00e4ttning finns i varje h\u00f6rn och en packp\u00e5se ing\u00e5r f\u00f6r enkel transport och f\u00f6rvaring. F\u00f6r inomhus- och utomhusbruk. Maskintv\u00e4tt. H\u00e4ngtorka.          <\/p>\n<ul>\n<li>Supermjuk, vattenavvisande fleeceovansida ger komfort och skydd p\u00e5 resan<\/li>\n<li>Slitstark nylonbotten med vattent\u00e4tt innermembran skyddar mot fukt<\/li>\n<li>F\u00f6r inomhus- och utomhusbruk<\/li>\n<li>Praktiska \u00f6glor f\u00f6r fasts\u00e4ttning i varje h\u00f6rn<\/li>\n<li>Packp\u00e5se ing\u00e5r f\u00f6r enkel f\u00f6rvaring och transport<\/li>\n<\/ul>\n<table>\n<tbody>\n<tr>\n<th scope=\"row\">M\u00e5tt<\/th>\n<td>80 \u201cL x 58\u201d B<\/td>\n<\/tr>\n<tr>\n<th scope=\"row\">Packad storlek<\/th>\n<td>12 \u201cL x 6\u201d D<\/td>\n<\/tr>\n<tr>\n<th scope=\"row\">Vikt<\/th>\n<td>2 lbs. 3 oz. <\/td>\n<\/tr>\n<\/tbody>\n<\/table>\n","protected":false},"excerpt":{"rendered":"<p>Dayventure vattent\u00e4ta filt \u00e4r en viktig del f\u00f6r alla familjer \u2013 du kommer inte att vilja l\u00e4mna hemmet utan den! Den m\u00e5ngsidiga filten ger komfort och skydd p\u00e5 resan. En supermjuk, vattenavvisande fleeceovansida ger en gosig yta att sitta p\u00e5 eller en varm omslag runt dig under en kylig eller regnig dag. Den slitstarka nylonbotten [&#8230;]\n","protected":false},"featured_media":284814,"comment_status":"open","ping_status":"closed","template":"","meta":[],"product_brand":[],"product_cat":[2567,2614,2571],"product_tag":[],"class_list":{"0":"post-285573","1":"product","2":"type-product","3":"status-publish","4":"has-post-thumbnail","6":"product_cat-campingtillbehor","7":"product_cat-presenningar","8":"product_cat-sovsackar","10":"first","11":"instock","12":"sale","13":"taxable","14":"shipping-taxable","15":"purchasable","16":"product-type-simple"},"composite_virtual":false,"composite_layout":"","composite_add_to_cart_form_location":"","composite_editable_in_cart":false,"composite_sold_individually_context":"","composite_shop_price_calc":"","composite_components":[],"composite_scenarios":[],"group_of_quantity":0,"min_quantity":0,"max_quantity":"","exclude_order_quantity_value_rules":"no","exclude_category_quantity_rules":"no","combine_variations":"no","exclude_global_add_ons":[],"addons":[],"_links":{"self":[{"href":"https:\/\/www.huntersfriend.eu\/sv\/wp-json\/wp\/v2\/product\/285573","targetHints":{"allow":["GET"]}}],"collection":[{"href":"https:\/\/www.huntersfriend.eu\/sv\/wp-json\/wp\/v2\/product"}],"about":[{"href":"https:\/\/www.huntersfriend.eu\/sv\/wp-json\/wp\/v2\/types\/product"}],"replies":[{"embeddable":true,"href":"https:\/\/www.huntersfriend.eu\/sv\/wp-json\/wp\/v2\/comments?post=285573"}],"wp:featuredmedia":[{"embeddable":true,"href":"https:\/\/www.huntersfriend.eu\/sv\/wp-json\/wp\/v2\/media\/284814"}],"wp:attachment":[{"href":"https:\/\/www.huntersfriend.eu\/sv\/wp-json\/wp\/v2\/media?parent=285573"}],"wp:term":[{"taxonomy":"product_brand","embeddable":true,"href":"https:\/\/www.huntersfriend.eu\/sv\/wp-json\/wp\/v2\/product_brand?post=285573"},{"taxonomy":"product_cat","embeddable":true,"href":"https:\/\/www.huntersfriend.eu\/sv\/wp-json\/wp\/v2\/product_cat?post=285573"},{"taxonomy":"product_tag","embeddable":true,"href":"https:\/\/www.huntersfriend.eu\/sv\/wp-json\/wp\/v2\/product_tag?post=285573"}],"curies":[{"name":"wp","href":"https:\/\/api.w.org\/{rel}","templated":true}]}}