{"id":285572,"date":"2025-06-18T00:26:18","date_gmt":"2025-06-17T22:26:18","guid":{"rendered":"https:\/\/www.huntersfriend.eu\/product\/alpin-bergsklattring-baja-60-ryggsack\/"},"modified":"2025-08-26T10:31:24","modified_gmt":"2025-08-26T08:31:24","slug":"alpin-bergsklattring-baja-60-ryggsack","status":"publish","type":"product","link":"https:\/\/www.huntersfriend.eu\/sv\/produkt\/alpin-bergsklattring-baja-60-ryggsack\/","title":{"rendered":"Alpin bergskl\u00e4ttring Baja 60 ryggs\u00e4ck"},"content":{"rendered":"<p>Baja 60 har en elegant men rymlig design som \u00e4r perfekt f\u00f6r vandringsleden. En upph\u00e4ngd ryggpanel i mesh skapar ett bekv\u00e4mt och ventilerande upph\u00e4ngningssystem som \u00e4r justerbart f\u00f6r b\u00e5ll\u00e4ngder fr\u00e5n 15,5\u201320 tum. Huvudf\u00f6rvaringsfacket \u00e4r tillg\u00e4ngligt via en praktisk huvuddragkedja. En lockficka med dragkedja ger extra f\u00f6rvaring och organisation f\u00f6r din utrustning. Det stora huvudfacket, h\u00f6ftb\u00e4ltesfickorna och en lockficka med dragkedja ger Baja 60 totalt 3 660 kubiktum f\u00f6rvaring. Stretch-sidofickor, vandringsstavslingor och en distinkt fr\u00e4mre kompressionspanel med kedja ger ytterligare f\u00f6rvaring och f\u00e4stpunkter f\u00f6r utrustning. En v\u00e4tskeport med ficka och inbyggt regnskydd ing\u00e5r b\u00e5da, vilket g\u00f6r Baja 60 till en verkligt m\u00e5ngsidig ryggs\u00e4ck som kan anv\u00e4ndas i en m\u00e4ngd olika f\u00f6rh\u00e5llanden och situationer.      <\/p>\n<div class=\"list-heading\">Baja 60 funktioner<\/div>\n<ul>\n<li>L\u00e4ttviktigt 200D nylon dubbel ripstop-tyg<\/li>\n<li>Upph\u00e4ngd ryggpanel i mesh<\/li>\n<li>Dragkedje\u00e5tkomst till huvudfacket<\/li>\n<li>Distinkt fr\u00e4mre kompressionspanel med kedja<\/li>\n<li>Avtagbar br\u00f6strem<\/li>\n<li>Lastremmar<\/li>\n<li>Stretch-sidofickor<\/li>\n<li>Lockficka med dragkedja<\/li>\n<li>H\u00f6ftb\u00e4ltesfickor<\/li>\n<li>Integrerade vandringsstavslingor<\/li>\n<li>Kompatibel med v\u00e4tskesystem<\/li>\n<li>Regnskyddet f\u00f6rvaras snyggt i en ficka med dragkedja p\u00e5 ryggs\u00e4ckens botten tills det beh\u00f6vs<\/li>\n<\/ul>\n<table>\n<tbody>\n<tr>\n<th colspan=\"2\" scope=\"col\">Baja 60<\/th>\n<\/tr>\n<tr>\n<th scope=\"row\">Kapacitet<\/th>\n<td>60L \/ 3660 in\u00b3<\/td>\n<\/tr>\n<tr>\n<th scope=\"row\">B\u00e5ll\u00e4ngd<\/th>\n<td>15.5 &#8211; 20&#8243;<\/td>\n<\/tr>\n<tr>\n<th scope=\"row\">Midjeb\u00e4ltesomf\u00e5ng<\/th>\n<td>28 &#8211; 48&#8243;<\/td>\n<\/tr>\n<tr>\n<th scope=\"row\">Vikt<\/th>\n<td>3 lbs. 13 oz. <\/td>\n<\/tr>\n<\/tbody>\n<\/table>\n<p>&nbsp;<\/p>\n<table>\n<tbody>\n<tr>\n<th colspan=\"2\" scope=\"col\">Reservoir 3.0<\/th>\n<\/tr>\n<tr>\n<th scope=\"row\">Kapacitet<\/th>\n<td>3L \/ 183 in<sup>3<\/sup><\/td>\n<\/tr>\n<tr>\n<th scope=\"row\">M\u00e5tt<\/th>\n<td>16 \u201cH x 8\u201d W<\/td>\n<\/tr>\n<tr>\n<th scope=\"row\">Vikt<\/th>\n<td>5 oz.<\/td>\n<\/tr>\n<\/tbody>\n<\/table>\n","protected":false},"excerpt":{"rendered":"<p>Baja 60 har en elegant men rymlig design som \u00e4r perfekt f\u00f6r vandringsleden. En upph\u00e4ngd ryggpanel i mesh skapar ett bekv\u00e4mt och ventilerande upph\u00e4ngningssystem som \u00e4r justerbart f\u00f6r b\u00e5ll\u00e4ngder fr\u00e5n 15,5\u201320 tum. Huvudf\u00f6rvaringsfacket \u00e4r tillg\u00e4ngligt via en praktisk huvuddragkedja. En lockficka med dragkedja ger extra f\u00f6rvaring och organisation f\u00f6r din utrustning. Det stora huvudfacket, h\u00f6ftb\u00e4ltesfickorna [&#8230;]\n","protected":false},"featured_media":284032,"comment_status":"open","ping_status":"closed","template":"","meta":[],"product_brand":[],"product_cat":[2523],"product_tag":[],"class_list":{"0":"post-285572","1":"product","2":"type-product","3":"status-publish","4":"has-post-thumbnail","6":"product_cat-ryggsackar","7":"product_shipping_class-medium-sv","9":"first","10":"instock","11":"sale","12":"taxable","13":"shipping-taxable","14":"purchasable","15":"product-type-simple"},"composite_virtual":false,"composite_layout":"","composite_add_to_cart_form_location":"","composite_editable_in_cart":false,"composite_sold_individually_context":"","composite_shop_price_calc":"","composite_components":[],"composite_scenarios":[],"group_of_quantity":0,"min_quantity":0,"max_quantity":"","exclude_order_quantity_value_rules":"no","exclude_category_quantity_rules":"no","combine_variations":"no","exclude_global_add_ons":[],"addons":[],"_links":{"self":[{"href":"https:\/\/www.huntersfriend.eu\/sv\/wp-json\/wp\/v2\/product\/285572","targetHints":{"allow":["GET"]}}],"collection":[{"href":"https:\/\/www.huntersfriend.eu\/sv\/wp-json\/wp\/v2\/product"}],"about":[{"href":"https:\/\/www.huntersfriend.eu\/sv\/wp-json\/wp\/v2\/types\/product"}],"replies":[{"embeddable":true,"href":"https:\/\/www.huntersfriend.eu\/sv\/wp-json\/wp\/v2\/comments?post=285572"}],"wp:featuredmedia":[{"embeddable":true,"href":"https:\/\/www.huntersfriend.eu\/sv\/wp-json\/wp\/v2\/media\/284032"}],"wp:attachment":[{"href":"https:\/\/www.huntersfriend.eu\/sv\/wp-json\/wp\/v2\/media?parent=285572"}],"wp:term":[{"taxonomy":"product_brand","embeddable":true,"href":"https:\/\/www.huntersfriend.eu\/sv\/wp-json\/wp\/v2\/product_brand?post=285572"},{"taxonomy":"product_cat","embeddable":true,"href":"https:\/\/www.huntersfriend.eu\/sv\/wp-json\/wp\/v2\/product_cat?post=285572"},{"taxonomy":"product_tag","embeddable":true,"href":"https:\/\/www.huntersfriend.eu\/sv\/wp-json\/wp\/v2\/product_tag?post=285572"}],"curies":[{"name":"wp","href":"https:\/\/api.w.org\/{rel}","templated":true}]}}