{"id":285571,"date":"2025-06-18T00:26:20","date_gmt":"2025-06-17T22:26:20","guid":{"rendered":"https:\/\/www.huntersfriend.eu\/product\/alps-mountaineering-outback-liggunderlag\/"},"modified":"2026-03-18T22:00:26","modified_gmt":"2026-03-18T20:00:26","slug":"alps-mountaineering-outback-liggunderlag","status":"publish","type":"product","link":"https:\/\/www.huntersfriend.eu\/sv\/produkt\/alps-mountaineering-outback-liggunderlag\/","title":{"rendered":"Alps Mountaineering Outback liggunderlag"},"content":{"rendered":"<p>Oavsett var du \u00e4r kommer Outback fr\u00e5n ALPS Mountaineering att f\u00e5 dig att tro att du \u00e4r hemma i din egen s\u00e4ng. Denna 10 cm tjocka, lyxiga luftmadrass kommer garanterat att ge dig b\u00e4sta m\u00f6jliga natts\u00f6mn. Om du letar efter f\u00f6rdelarna med en luftmadrass utan kr\u00e5ngel med luftpumpar och sladdar, har Outback l\u00f6sningen! Du beh\u00f6ver inte oroa dig f\u00f6r handpumpning eller bullriga elektriska pumpar \u2013 Outback bl\u00e5ser upp sig sj\u00e4lv. Den innovativa Qwikflate-ventilen g\u00f6r uppbl\u00e5sningen snabb och enkel. N\u00e4r du \u00e4r klar med madrassen ger samma Qwikflate-ventil snabb tv\u00e5v\u00e4gsdeflation. Dess vertikalt k\u00e4rnformade skumdesign g\u00f6r det enkelt att rulla och f\u00f6rvara madrassen samtidigt som den hj\u00e4lper till att minimera vikten. Anv\u00e4ndningen av 30D elastiskt tyg p\u00e5 ovansidan skapar en supermjuk k\u00e4nsla, medan en 150D tygbotten g\u00f6r madrassen l\u00e4tt att reng\u00f6ra och extremt h\u00e5llbar. En packp\u00e5se och ett reparationskit ing\u00e5r b\u00e5da, vilket g\u00f6r Outback \u00e4nnu mer praktisk och redo f\u00f6r vart dina planer \u00e4n tar dig!        <\/p>\n<ul>\n<li>30D elastiskt topptyg<\/li>\n<li>150D bottentyg<\/li>\n<li>R-v\u00e4rde 8,9<\/li>\n<li>Qwikflate platt ventil ger snabb enkelriktad uppbl\u00e5sning och enkel tv\u00e5v\u00e4gsdeflation<\/li>\n<li>Vertikalt k\u00e4rnformat skum f\u00f6r l\u00e4gre vikt och l\u00e4ttare att rulla ihop<\/li>\n<li>Packp\u00e5se och reparationskit ing\u00e5r<\/li>\n<\/ul>\n<table>\n<tbody>\n<tr>\n<th colspan=\"2\" scope=\"col\">Stor<\/th>\n<\/tr>\n<tr>\n<th scope=\"row\">M\u00e5tt<\/th>\n<td>78&#8243; L x 27&#8243; B x 4&#8243; H<\/td>\n<\/tr>\n<tr>\n<th scope=\"row\">Packad storlek<\/th>\n<td>28 \u201cL x 9\u201d D<\/td>\n<\/tr>\n<tr>\n<th scope=\"row\">Vikt<\/th>\n<td>6 lbs. 9 oz. <\/td>\n<\/tr>\n<\/tbody>\n<\/table>\n","protected":false},"excerpt":{"rendered":"<p>Oavsett var du \u00e4r kommer Outback fr\u00e5n ALPS Mountaineering att f\u00e5 dig att tro att du \u00e4r hemma i din egen s\u00e4ng. Denna 10 cm tjocka, lyxiga luftmadrass kommer garanterat att ge dig b\u00e4sta m\u00f6jliga natts\u00f6mn. Om du letar efter f\u00f6rdelarna med en luftmadrass utan kr\u00e5ngel med luftpumpar och sladdar, har Outback l\u00f6sningen! Du beh\u00f6ver [&#8230;]\n","protected":false},"featured_media":284768,"comment_status":"open","ping_status":"closed","template":"","meta":[],"product_brand":[],"product_cat":[2572],"product_tag":[],"class_list":{"0":"post-285571","1":"product","2":"type-product","3":"status-publish","4":"has-post-thumbnail","6":"product_cat-faltsangar-och-liggunderlag","8":"first","9":"instock","10":"sale","11":"taxable","12":"shipping-taxable","13":"purchasable","14":"product-type-simple"},"composite_virtual":false,"composite_layout":"","composite_add_to_cart_form_location":"","composite_editable_in_cart":false,"composite_sold_individually_context":"","composite_shop_price_calc":"","composite_components":[],"composite_scenarios":[],"group_of_quantity":0,"min_quantity":0,"max_quantity":"","exclude_order_quantity_value_rules":"no","exclude_category_quantity_rules":"no","combine_variations":"no","exclude_global_add_ons":[],"addons":[],"_links":{"self":[{"href":"https:\/\/www.huntersfriend.eu\/sv\/wp-json\/wp\/v2\/product\/285571","targetHints":{"allow":["GET"]}}],"collection":[{"href":"https:\/\/www.huntersfriend.eu\/sv\/wp-json\/wp\/v2\/product"}],"about":[{"href":"https:\/\/www.huntersfriend.eu\/sv\/wp-json\/wp\/v2\/types\/product"}],"replies":[{"embeddable":true,"href":"https:\/\/www.huntersfriend.eu\/sv\/wp-json\/wp\/v2\/comments?post=285571"}],"wp:featuredmedia":[{"embeddable":true,"href":"https:\/\/www.huntersfriend.eu\/sv\/wp-json\/wp\/v2\/media\/284768"}],"wp:attachment":[{"href":"https:\/\/www.huntersfriend.eu\/sv\/wp-json\/wp\/v2\/media?parent=285571"}],"wp:term":[{"taxonomy":"product_brand","embeddable":true,"href":"https:\/\/www.huntersfriend.eu\/sv\/wp-json\/wp\/v2\/product_brand?post=285571"},{"taxonomy":"product_cat","embeddable":true,"href":"https:\/\/www.huntersfriend.eu\/sv\/wp-json\/wp\/v2\/product_cat?post=285571"},{"taxonomy":"product_tag","embeddable":true,"href":"https:\/\/www.huntersfriend.eu\/sv\/wp-json\/wp\/v2\/product_tag?post=285571"}],"curies":[{"name":"wp","href":"https:\/\/api.w.org\/{rel}","templated":true}]}}