{"id":285569,"date":"2025-06-18T00:26:19","date_gmt":"2025-06-17T22:26:19","guid":{"rendered":"https:\/\/www.huntersfriend.eu\/product\/alps-mountaineering-vapor-16-dry-bag\/"},"modified":"2025-08-26T10:31:22","modified_gmt":"2025-08-26T08:31:22","slug":"alps-mountaineering-vapor-16-dry-bag","status":"publish","type":"product","link":"https:\/\/www.huntersfriend.eu\/sv\/produkt\/alps-mountaineering-vapor-16-dry-bag\/","title":{"rendered":"Alps mountaineering vapor 16 dry bag"},"content":{"rendered":"<p>Beh\u00f6ver du en l\u00e4ttviktsryggs\u00e4ck som erbjuder vattent\u00e4tt skydd? \u00d6verv\u00e4g Vapor 16 f\u00f6r att tillgodose detta behov. Den har ett 70D nylon ripstop-material med en rulltoppf\u00f6rslutning som l\u00e5ser t\u00e4tt f\u00f6r att h\u00e5lla vattnet ute. Det praktiska grepphandtaget och de justerbara axelremmarna g\u00f6r att du kan ta med den p\u00e5 din dagliga rutt eller en snabb vandring ut i vildmarken.   <\/p>\n<ul>\n<li>Ultral\u00e4tt vattent\u00e4t ryggs\u00e4ck<\/li>\n<li>S\u00e4ker rulltoppf\u00f6rslutning st\u00e4nger ute vatten<\/li>\n<li>70D nylon ripstop med vattent\u00e4t bel\u00e4ggning<\/li>\n<li>Vattent\u00e4ta tejpade s\u00f6mmar<\/li>\n<li>Justerbara axelremmar<\/li>\n<li>Grepphandtag<\/li>\n<\/ul>\n<table>\n<tbody>\n<tr>\n<th scope=\"row\">Kapacitet<\/th>\n<td>16 L \/ 976 in\u00b3<\/td>\n<\/tr>\n<tr>\n<th scope=\"row\">M\u00e5tt (efter 3 rullningar)<\/th>\n<td>19&#8243; H x 11&#8243; W x 5&#8243; D<\/td>\n<\/tr>\n<tr>\n<th scope=\"row\">Vikt<\/th>\n<td>4 oz.<\/td>\n<\/tr>\n<\/tbody>\n<\/table>\n","protected":false},"excerpt":{"rendered":"<p>Beh\u00f6ver du en l\u00e4ttviktsryggs\u00e4ck som erbjuder vattent\u00e4tt skydd? \u00d6verv\u00e4g Vapor 16 f\u00f6r att tillgodose detta behov. Den har ett 70D nylon ripstop-material med en rulltoppf\u00f6rslutning som l\u00e5ser t\u00e4tt f\u00f6r att h\u00e5lla vattnet ute. Det praktiska grepphandtaget och de justerbara axelremmarna g\u00f6r att du kan ta med den p\u00e5 din dagliga rutt eller en snabb vandring [&#8230;]\n","protected":false},"featured_media":284491,"comment_status":"open","ping_status":"closed","template":"","meta":[],"product_brand":[],"product_cat":[2567],"product_tag":[],"class_list":{"0":"post-285569","1":"product","2":"type-product","3":"status-publish","4":"has-post-thumbnail","6":"product_cat-campingtillbehor","8":"first","9":"instock","10":"sale","11":"taxable","12":"shipping-taxable","13":"purchasable","14":"product-type-simple"},"composite_virtual":false,"composite_layout":"","composite_add_to_cart_form_location":"","composite_editable_in_cart":false,"composite_sold_individually_context":"","composite_shop_price_calc":"","composite_components":[],"composite_scenarios":[],"group_of_quantity":0,"min_quantity":0,"max_quantity":"","exclude_order_quantity_value_rules":"no","exclude_category_quantity_rules":"no","combine_variations":"no","exclude_global_add_ons":[],"addons":[],"_links":{"self":[{"href":"https:\/\/www.huntersfriend.eu\/sv\/wp-json\/wp\/v2\/product\/285569","targetHints":{"allow":["GET"]}}],"collection":[{"href":"https:\/\/www.huntersfriend.eu\/sv\/wp-json\/wp\/v2\/product"}],"about":[{"href":"https:\/\/www.huntersfriend.eu\/sv\/wp-json\/wp\/v2\/types\/product"}],"replies":[{"embeddable":true,"href":"https:\/\/www.huntersfriend.eu\/sv\/wp-json\/wp\/v2\/comments?post=285569"}],"wp:featuredmedia":[{"embeddable":true,"href":"https:\/\/www.huntersfriend.eu\/sv\/wp-json\/wp\/v2\/media\/284491"}],"wp:attachment":[{"href":"https:\/\/www.huntersfriend.eu\/sv\/wp-json\/wp\/v2\/media?parent=285569"}],"wp:term":[{"taxonomy":"product_brand","embeddable":true,"href":"https:\/\/www.huntersfriend.eu\/sv\/wp-json\/wp\/v2\/product_brand?post=285569"},{"taxonomy":"product_cat","embeddable":true,"href":"https:\/\/www.huntersfriend.eu\/sv\/wp-json\/wp\/v2\/product_cat?post=285569"},{"taxonomy":"product_tag","embeddable":true,"href":"https:\/\/www.huntersfriend.eu\/sv\/wp-json\/wp\/v2\/product_tag?post=285569"}],"curies":[{"name":"wp","href":"https:\/\/api.w.org\/{rel}","templated":true}]}}