{"id":285568,"date":"2025-06-18T00:26:17","date_gmt":"2025-06-17T22:26:17","guid":{"rendered":"https:\/\/www.huntersfriend.eu\/product\/alpinismens-forvaringsvaska\/"},"modified":"2025-08-26T10:31:21","modified_gmt":"2025-08-26T08:31:21","slug":"alpinismens-forvaringsvaska","status":"publish","type":"product","link":"https:\/\/www.huntersfriend.eu\/sv\/produkt\/alpinismens-forvaringsvaska\/","title":{"rendered":"Alpinismens f\u00f6rvaringsv\u00e4ska"},"content":{"rendered":"<p>En enkel och stilren midjev\u00e4ska designad f\u00f6r vardagsbruk f\u00f6r att bekv\u00e4mt b\u00e4ra med sig det viktigaste i tre fickor med dragkedja. De m\u00e5nga organiseringsfickorna och avdelarna h\u00e5ller allt p\u00e5 en speciell plats, och den bakre fickan med dragkedja \u00e4r helt vadderad f\u00f6r b\u00e4ttre skydd av \u00f6mt\u00e5liga f\u00f6rem\u00e5l. <\/p>\n<ul>\n<li>1000076 delfingr\u00e5<\/li>\n<\/ul>\n<ul>\n<li>3 fack med dragkedja: stort huvudfack med nyckelkl\u00e4mma, fr\u00e4mre tillbeh\u00f6rsficka, bakre s\u00e4kerhetsficka (fullt vadderad)<\/li>\n<li>L\u00e4ttviktigt 200D nylon dubbel ripstop-tyg<\/li>\n<li>Justerbar v\u00e4vrem<\/li>\n<li>Enkel och stilren, designad f\u00f6r vardagsbruk<\/li>\n<\/ul>\n<table>\n<tbody>\n<tr>\n<th scope=\"row\">M\u00e5tt<\/th>\n<td>4,5&#8243; H x 10,5&#8243; W x 3&#8243; D<\/td>\n<\/tr>\n<tr>\n<th scope=\"row\">Midjeremmens omf\u00e5ng<\/th>\n<td>15 \u201c- 54\u201d<\/td>\n<\/tr>\n<tr>\n<th scope=\"row\">Vikt<\/th>\n<td>4 oz.<\/td>\n<\/tr>\n<\/tbody>\n<\/table>\n","protected":false},"excerpt":{"rendered":"<p>En enkel och stilren midjev\u00e4ska designad f\u00f6r vardagsbruk f\u00f6r att bekv\u00e4mt b\u00e4ra med sig det viktigaste i tre fickor med dragkedja. De m\u00e5nga organiseringsfickorna och avdelarna h\u00e5ller allt p\u00e5 en speciell plats, och den bakre fickan med dragkedja \u00e4r helt vadderad f\u00f6r b\u00e4ttre skydd av \u00f6mt\u00e5liga f\u00f6rem\u00e5l. 1000076 delfingr\u00e5 3 fack med dragkedja: stort huvudfack [&#8230;]\n","protected":false},"featured_media":284912,"comment_status":"open","ping_status":"closed","template":"","meta":[],"product_brand":[],"product_cat":[2523],"product_tag":[],"class_list":{"0":"post-285568","1":"product","2":"type-product","3":"status-publish","4":"has-post-thumbnail","6":"product_cat-ryggsackar","8":"first","9":"instock","10":"sale","11":"taxable","12":"shipping-taxable","13":"purchasable","14":"product-type-simple"},"composite_virtual":false,"composite_layout":"","composite_add_to_cart_form_location":"","composite_editable_in_cart":false,"composite_sold_individually_context":"","composite_shop_price_calc":"","composite_components":[],"composite_scenarios":[],"group_of_quantity":0,"min_quantity":0,"max_quantity":"","exclude_order_quantity_value_rules":"no","exclude_category_quantity_rules":"no","combine_variations":"no","exclude_global_add_ons":[],"addons":[],"_links":{"self":[{"href":"https:\/\/www.huntersfriend.eu\/sv\/wp-json\/wp\/v2\/product\/285568","targetHints":{"allow":["GET"]}}],"collection":[{"href":"https:\/\/www.huntersfriend.eu\/sv\/wp-json\/wp\/v2\/product"}],"about":[{"href":"https:\/\/www.huntersfriend.eu\/sv\/wp-json\/wp\/v2\/types\/product"}],"replies":[{"embeddable":true,"href":"https:\/\/www.huntersfriend.eu\/sv\/wp-json\/wp\/v2\/comments?post=285568"}],"wp:featuredmedia":[{"embeddable":true,"href":"https:\/\/www.huntersfriend.eu\/sv\/wp-json\/wp\/v2\/media\/284912"}],"wp:attachment":[{"href":"https:\/\/www.huntersfriend.eu\/sv\/wp-json\/wp\/v2\/media?parent=285568"}],"wp:term":[{"taxonomy":"product_brand","embeddable":true,"href":"https:\/\/www.huntersfriend.eu\/sv\/wp-json\/wp\/v2\/product_brand?post=285568"},{"taxonomy":"product_cat","embeddable":true,"href":"https:\/\/www.huntersfriend.eu\/sv\/wp-json\/wp\/v2\/product_cat?post=285568"},{"taxonomy":"product_tag","embeddable":true,"href":"https:\/\/www.huntersfriend.eu\/sv\/wp-json\/wp\/v2\/product_tag?post=285568"}],"curies":[{"name":"wp","href":"https:\/\/api.w.org\/{rel}","templated":true}]}}