{"id":285567,"date":"2025-06-18T00:26:19","date_gmt":"2025-06-17T22:26:19","guid":{"rendered":"https:\/\/www.huntersfriend.eu\/product\/alps-mountaineering-torrent-35-dry-pack\/"},"modified":"2025-08-26T10:31:21","modified_gmt":"2025-08-26T08:31:21","slug":"alps-mountaineering-torrent-35-dry-pack","status":"publish","type":"product","link":"https:\/\/www.huntersfriend.eu\/sv\/produkt\/alps-mountaineering-torrent-35-dry-pack\/","title":{"rendered":"Alps mountaineering torrent 35 dry pack"},"content":{"rendered":"<p>Besegra ditt n\u00e4sta tuffa utomhus\u00e4ventyr med Torrent-ryggs\u00e4cken. Torrent \u00e4r tillverkad av ett extra slitstarkt vattent\u00e4tt PVC-belagt 500D polyestermaterial och erbjuder \u00f6verl\u00e4gset skydd i alla typer av v\u00e5ta f\u00f6rh\u00e5llanden. En s\u00e4ker rulltoppst\u00e4ngning och starka helsvetsade s\u00f6mmar s\u00e4kerst\u00e4ller att din utrustning \u00e4r skyddad fr\u00e5n fukt. Du kan vara s\u00e4ker p\u00e5 att du kommer fram till din destination med torr utrustning. Justerbara axelremmar g\u00f6r det enkelt att transportera och rulltoppssp\u00e4nnen ger enkla f\u00e4stpunkter f\u00f6r extra utrustning eller en bekv\u00e4m metod f\u00f6r att f\u00e4sta p\u00e5 din vattenskoter. Torrent-ryggs\u00e4cken \u00e4r designad med en ovalformad platt botten f\u00f6r att st\u00e5 sj\u00e4lv och ge enkel \u00e5tkomst. Med Torrent-serien tillagd i din viktiga utrustningskollektion v\u00e4ntar din n\u00e4sta bedrift dig.      <\/p>\n<ul>\n<li>Ryggs\u00e4cksremmar f\u00f6r enkel transport<\/li>\n<li>Bekv\u00e4mt grepphandtag<\/li>\n<li>Slitstarkt 500D polyester PVC vattent\u00e4tt material<\/li>\n<li>Ovalformad platt botten hj\u00e4lper till att f\u00f6rhindra rullning<\/li>\n<li>S\u00e4ker rulltoppst\u00e4ngning med kompressionsrem upptill<\/li>\n<li>Starka, helsvetsade s\u00f6mmar<\/li>\n<li>Vattent\u00e4t ventil sl\u00e4pper ut inst\u00e4ngd luft, vilket g\u00f6r komprimeringen enkel och den packade storleken mindre<\/li>\n<li>Reparationssats ing\u00e5r<\/li>\n<\/ul>\n<table>\n<tbody>\n<tr>\n<th scope=\"row\">Kapacitet<\/th>\n<td>35 L \/ 2135 in\u00b3<\/td>\n<\/tr>\n<tr>\n<th scope=\"row\">M\u00e5tt (efter 3 rullningar)<\/th>\n<td>21&#8243; H x 13&#8243; W x 8&#8243; D<\/td>\n<\/tr>\n<tr>\n<th scope=\"row\">Vikt<\/th>\n<td>595 g <\/td>\n<\/tr>\n<\/tbody>\n<\/table>\n","protected":false},"excerpt":{"rendered":"<p>Besegra ditt n\u00e4sta tuffa utomhus\u00e4ventyr med Torrent-ryggs\u00e4cken. Torrent \u00e4r tillverkad av ett extra slitstarkt vattent\u00e4tt PVC-belagt 500D polyestermaterial och erbjuder \u00f6verl\u00e4gset skydd i alla typer av v\u00e5ta f\u00f6rh\u00e5llanden. En s\u00e4ker rulltoppst\u00e4ngning och starka helsvetsade s\u00f6mmar s\u00e4kerst\u00e4ller att din utrustning \u00e4r skyddad fr\u00e5n fukt. Du kan vara s\u00e4ker p\u00e5 att du kommer fram till din destination [&#8230;]\n","protected":false},"featured_media":284564,"comment_status":"open","ping_status":"closed","template":"","meta":[],"product_brand":[],"product_cat":[2523],"product_tag":[],"class_list":{"0":"post-285567","1":"product","2":"type-product","3":"status-publish","4":"has-post-thumbnail","6":"product_cat-ryggsackar","8":"first","9":"instock","10":"sale","11":"taxable","12":"shipping-taxable","13":"purchasable","14":"product-type-simple"},"composite_virtual":false,"composite_layout":"","composite_add_to_cart_form_location":"","composite_editable_in_cart":false,"composite_sold_individually_context":"","composite_shop_price_calc":"","composite_components":[],"composite_scenarios":[],"group_of_quantity":0,"min_quantity":0,"max_quantity":"","exclude_order_quantity_value_rules":"no","exclude_category_quantity_rules":"no","combine_variations":"no","exclude_global_add_ons":[],"addons":[],"_links":{"self":[{"href":"https:\/\/www.huntersfriend.eu\/sv\/wp-json\/wp\/v2\/product\/285567","targetHints":{"allow":["GET"]}}],"collection":[{"href":"https:\/\/www.huntersfriend.eu\/sv\/wp-json\/wp\/v2\/product"}],"about":[{"href":"https:\/\/www.huntersfriend.eu\/sv\/wp-json\/wp\/v2\/types\/product"}],"replies":[{"embeddable":true,"href":"https:\/\/www.huntersfriend.eu\/sv\/wp-json\/wp\/v2\/comments?post=285567"}],"wp:featuredmedia":[{"embeddable":true,"href":"https:\/\/www.huntersfriend.eu\/sv\/wp-json\/wp\/v2\/media\/284564"}],"wp:attachment":[{"href":"https:\/\/www.huntersfriend.eu\/sv\/wp-json\/wp\/v2\/media?parent=285567"}],"wp:term":[{"taxonomy":"product_brand","embeddable":true,"href":"https:\/\/www.huntersfriend.eu\/sv\/wp-json\/wp\/v2\/product_brand?post=285567"},{"taxonomy":"product_cat","embeddable":true,"href":"https:\/\/www.huntersfriend.eu\/sv\/wp-json\/wp\/v2\/product_cat?post=285567"},{"taxonomy":"product_tag","embeddable":true,"href":"https:\/\/www.huntersfriend.eu\/sv\/wp-json\/wp\/v2\/product_tag?post=285567"}],"curies":[{"name":"wp","href":"https:\/\/api.w.org\/{rel}","templated":true}]}}