{"id":285566,"date":"2025-06-18T00:26:17","date_gmt":"2025-06-17T22:26:17","guid":{"rendered":"https:\/\/www.huntersfriend.eu\/product\/alps-mountaineering-skattkammare-vaska\/"},"modified":"2025-08-26T10:31:20","modified_gmt":"2025-08-26T08:31:20","slug":"alps-mountaineering-skattkammare-vaska","status":"publish","type":"product","link":"https:\/\/www.huntersfriend.eu\/sv\/produkt\/alps-mountaineering-skattkammare-vaska\/","title":{"rendered":"Alps mountaineering skattkammare v\u00e4ska"},"content":{"rendered":"<p>Denna fashionabla och kompakta sling bag erbjuder en b\u00e4rrem med tv\u00e5 l\u00e4gen f\u00f6r komfort hela dagen. B\u00e4r bekv\u00e4mt vardagens n\u00f6dv\u00e4ndigheter inuti de tre facken med dragkedja och flera inv\u00e4ndiga organisationsfack. <\/p>\n<ul>\n<li>1010076 Storm Gray<\/li>\n<\/ul>\n<ul>\n<li>Justerbar webbingrem med flera l\u00e4gen<\/li>\n<li>Stort huvudfack med inv\u00e4ndig s\u00e4kerhetsficka med dragkedja, flera organisationsfickor\/avdelare, nyckelkl\u00e4mma ing\u00e5r<\/li>\n<li>Fr\u00e4mre tillbeh\u00f6rsficka (fullt vadderad)<\/li>\n<li>Bakre ficka med lock<\/li>\n<li>L\u00e4ttviktigt 200D nylon dubbel ripstop-tyg<\/li>\n<li>M\u00e5ngsidig och snygg, perfekt f\u00f6r vardagsbruk<\/li>\n<li>Kan b\u00e4ras som midjev\u00e4ska eller cross-body<\/li>\n<\/ul>\n<table>\n<tbody>\n<tr>\n<th scope=\"row\">M\u00e5tt<\/th>\n<td>6.5&#8243; H x 11.5&#8243; W x 3.5&#8243; D<\/td>\n<\/tr>\n<tr>\n<th scope=\"row\">Midjeb\u00e4ltesomf\u00e5ng<\/th>\n<td>26 \u201c- 50\u201d<\/td>\n<\/tr>\n<tr>\n<th scope=\"row\">Vikt<\/th>\n<td>8 oz.<\/td>\n<\/tr>\n<\/tbody>\n<\/table>\n","protected":false},"excerpt":{"rendered":"<p>Denna fashionabla och kompakta sling bag erbjuder en b\u00e4rrem med tv\u00e5 l\u00e4gen f\u00f6r komfort hela dagen. B\u00e4r bekv\u00e4mt vardagens n\u00f6dv\u00e4ndigheter inuti de tre facken med dragkedja och flera inv\u00e4ndiga organisationsfack. 1010076 Storm Gray Justerbar webbingrem med flera l\u00e4gen Stort huvudfack med inv\u00e4ndig s\u00e4kerhetsficka med dragkedja, flera organisationsfickor\/avdelare, nyckelkl\u00e4mma ing\u00e5r Fr\u00e4mre tillbeh\u00f6rsficka (fullt vadderad) Bakre ficka [&#8230;]\n","protected":false},"featured_media":284893,"comment_status":"open","ping_status":"closed","template":"","meta":[],"product_brand":[],"product_cat":[2765,2523],"product_tag":[],"class_list":{"0":"post-285566","1":"product","2":"type-product","3":"status-publish","4":"has-post-thumbnail","6":"product_cat-fyndlada-slutrea","7":"product_cat-ryggsackar","9":"first","10":"instock","11":"sale","12":"taxable","13":"shipping-taxable","14":"purchasable","15":"product-type-simple"},"composite_virtual":false,"composite_layout":"","composite_add_to_cart_form_location":"","composite_editable_in_cart":false,"composite_sold_individually_context":"","composite_shop_price_calc":"","composite_components":[],"composite_scenarios":[],"group_of_quantity":0,"min_quantity":0,"max_quantity":"","exclude_order_quantity_value_rules":"no","exclude_category_quantity_rules":"no","combine_variations":"no","exclude_global_add_ons":[],"addons":[],"_links":{"self":[{"href":"https:\/\/www.huntersfriend.eu\/sv\/wp-json\/wp\/v2\/product\/285566","targetHints":{"allow":["GET"]}}],"collection":[{"href":"https:\/\/www.huntersfriend.eu\/sv\/wp-json\/wp\/v2\/product"}],"about":[{"href":"https:\/\/www.huntersfriend.eu\/sv\/wp-json\/wp\/v2\/types\/product"}],"replies":[{"embeddable":true,"href":"https:\/\/www.huntersfriend.eu\/sv\/wp-json\/wp\/v2\/comments?post=285566"}],"wp:featuredmedia":[{"embeddable":true,"href":"https:\/\/www.huntersfriend.eu\/sv\/wp-json\/wp\/v2\/media\/284893"}],"wp:attachment":[{"href":"https:\/\/www.huntersfriend.eu\/sv\/wp-json\/wp\/v2\/media?parent=285566"}],"wp:term":[{"taxonomy":"product_brand","embeddable":true,"href":"https:\/\/www.huntersfriend.eu\/sv\/wp-json\/wp\/v2\/product_brand?post=285566"},{"taxonomy":"product_cat","embeddable":true,"href":"https:\/\/www.huntersfriend.eu\/sv\/wp-json\/wp\/v2\/product_cat?post=285566"},{"taxonomy":"product_tag","embeddable":true,"href":"https:\/\/www.huntersfriend.eu\/sv\/wp-json\/wp\/v2\/product_tag?post=285566"}],"curies":[{"name":"wp","href":"https:\/\/api.w.org\/{rel}","templated":true}]}}