{"id":285565,"date":"2025-06-18T00:26:19","date_gmt":"2025-06-17T22:26:19","guid":{"rendered":"https:\/\/www.huntersfriend.eu\/product\/alps-mountaineering-flicker-liggunderlag\/"},"modified":"2026-03-18T22:00:25","modified_gmt":"2026-03-18T20:00:25","slug":"alps-mountaineering-flicker-liggunderlag","status":"publish","type":"product","link":"https:\/\/www.huntersfriend.eu\/sv\/produkt\/alps-mountaineering-flicker-liggunderlag\/","title":{"rendered":"Alps Mountaineering Flicker liggunderlag"},"content":{"rendered":"<p>Flicker fr\u00e5n ALPS Mountaineering \u00e4r ett l\u00e4ttviktigt, milj\u00f6v\u00e4nligt uppbl\u00e5sbart liggunderlag tillverkat av \u00e5tervunnet material. Det \u00e5tervunna 30D polyestermaterialet och de sm\u00e5, kuddliknande luftkamrarna ger st\u00f6d och komfort. Den platta ventilen m\u00f6jligg\u00f6r snabb uppbl\u00e5sning och t\u00f6mning. Denna extremt l\u00e4tta madrass inkluderar en packp\u00e5se och ett reparationskit och m\u00e4ter 190,5 cm x 55,9 cm x 5,1 cm och v\u00e4ger endast 0,45 kg.   <\/p>\n<ul>\n<li>30D polyestertyg tillverkat av 100 % \u00e5tervunnen plast, vilket eliminerar avfall och minskar produktionen av nya material<\/li>\n<li>\u00c5tervunnen 30D polyester komfort stretch tyg \u00f6verdel<\/li>\n<li>\u00c5tervunnen 30D polyestertyg baksida<\/li>\n<li>Extremt l\u00e4ttviktig<\/li>\n<li>Liten packstorlek<\/li>\n<li>Sm\u00e5, kuddliknande luftkamrar ger extra st\u00f6d och komfort<\/li>\n<li>Platt ventil m\u00f6jligg\u00f6r enkel uppbl\u00e5sning och t\u00f6mning<\/li>\n<li>Packp\u00e5se och reparationskit ing\u00e5r<\/li>\n<li>Passar bra ihop med <a href=\"https:\/\/alpsmountaineering.com\/nano-air-pump.html\">Nano Air Pump<\/a><\/li>\n<\/ul>\n<table>\n<tbody>\n<tr>\n<th colspan=\"2\" scope=\"col\">Flicker<\/th>\n<\/tr>\n<tr>\n<th scope=\"row\">M\u00e5tt<\/th>\n<td>190,5 cm L x 55,9 cm B x 5,1 cm H<\/td>\n<\/tr>\n<tr>\n<th scope=\"row\">Packad storlek<\/th>\n<td>25,4 cm L x 10,2 cm D<\/td>\n<\/tr>\n<tr>\n<th scope=\"row\">Vikt<\/th>\n<td>0,57 kg <\/td>\n<\/tr>\n<\/tbody>\n<\/table>\n","protected":false},"excerpt":{"rendered":"<p>Flicker fr\u00e5n ALPS Mountaineering \u00e4r ett l\u00e4ttviktigt, milj\u00f6v\u00e4nligt uppbl\u00e5sbart liggunderlag tillverkat av \u00e5tervunnet material. Det \u00e5tervunna 30D polyestermaterialet och de sm\u00e5, kuddliknande luftkamrarna ger st\u00f6d och komfort. Den platta ventilen m\u00f6jligg\u00f6r snabb uppbl\u00e5sning och t\u00f6mning. Denna extremt l\u00e4tta madrass inkluderar en packp\u00e5se och ett reparationskit och m\u00e4ter 190,5 cm x 55,9 cm x 5,1 cm [&#8230;]\n","protected":false},"featured_media":284548,"comment_status":"open","ping_status":"closed","template":"","meta":[],"product_brand":[],"product_cat":[2572],"product_tag":[],"class_list":{"0":"post-285565","1":"product","2":"type-product","3":"status-publish","4":"has-post-thumbnail","6":"product_cat-faltsangar-och-liggunderlag","8":"first","9":"instock","10":"sale","11":"taxable","12":"shipping-taxable","13":"purchasable","14":"product-type-simple"},"composite_virtual":false,"composite_layout":"","composite_add_to_cart_form_location":"","composite_editable_in_cart":false,"composite_sold_individually_context":"","composite_shop_price_calc":"","composite_components":[],"composite_scenarios":[],"group_of_quantity":0,"min_quantity":0,"max_quantity":"","exclude_order_quantity_value_rules":"no","exclude_category_quantity_rules":"no","combine_variations":"no","exclude_global_add_ons":[],"addons":[],"_links":{"self":[{"href":"https:\/\/www.huntersfriend.eu\/sv\/wp-json\/wp\/v2\/product\/285565","targetHints":{"allow":["GET"]}}],"collection":[{"href":"https:\/\/www.huntersfriend.eu\/sv\/wp-json\/wp\/v2\/product"}],"about":[{"href":"https:\/\/www.huntersfriend.eu\/sv\/wp-json\/wp\/v2\/types\/product"}],"replies":[{"embeddable":true,"href":"https:\/\/www.huntersfriend.eu\/sv\/wp-json\/wp\/v2\/comments?post=285565"}],"wp:featuredmedia":[{"embeddable":true,"href":"https:\/\/www.huntersfriend.eu\/sv\/wp-json\/wp\/v2\/media\/284548"}],"wp:attachment":[{"href":"https:\/\/www.huntersfriend.eu\/sv\/wp-json\/wp\/v2\/media?parent=285565"}],"wp:term":[{"taxonomy":"product_brand","embeddable":true,"href":"https:\/\/www.huntersfriend.eu\/sv\/wp-json\/wp\/v2\/product_brand?post=285565"},{"taxonomy":"product_cat","embeddable":true,"href":"https:\/\/www.huntersfriend.eu\/sv\/wp-json\/wp\/v2\/product_cat?post=285565"},{"taxonomy":"product_tag","embeddable":true,"href":"https:\/\/www.huntersfriend.eu\/sv\/wp-json\/wp\/v2\/product_tag?post=285565"}],"curies":[{"name":"wp","href":"https:\/\/api.w.org\/{rel}","templated":true}]}}