{"id":285564,"date":"2025-06-16T23:54:14","date_gmt":"2025-06-16T21:54:14","guid":{"rendered":"https:\/\/www.huntersfriend.eu\/product\/alps-outdoorz-turkey-tracker\/"},"modified":"2026-03-18T22:00:28","modified_gmt":"2026-03-18T20:00:28","slug":"alps-outdoorz-turkey-tracker","status":"publish","type":"product","link":"https:\/\/www.huntersfriend.eu\/sv\/produkt\/alps-outdoorz-turkey-tracker\/","title":{"rendered":"Alps outdoorz Turkey tracker"},"content":{"rendered":"<p>Som ett hybrid-system f\u00f6r l\u00e4ndrygg\/midjev\u00e4ska \u00e4r Turkey Tracker designad f\u00f6r den seri\u00f6sa kalkonj\u00e4garen som r\u00e4knar smidighet, komfort, modularitet, m\u00e5ngsidighet, bekv\u00e4mlighet och otroligt v\u00e4rde som de fr\u00e4msta v\u00e4sentligheterna i sin kalkonutrustning. Med utg\u00e5ngspunkt fr\u00e5n framg\u00e5ngarna och byggandet p\u00e5 de funktionsrika designkvaliteterna i v\u00e5r Long Spur-serie har de omdesignade funktionerna i Turkey Tracker v\u00e4ckt uppm\u00e4rksamhet bland seri\u00f6sa kalkonentusiaster. B\u00e4r Turkey Tracker som en l\u00e4ndryggsv\u00e4ska n\u00e4r du \u00e4r p\u00e5 spr\u00e5ng och skjut snabbt och tyst runt den fram\u00e5t i midjev\u00e4skel\u00e4ge n\u00e4r du st\u00e4ller in dig p\u00e5 din f\u00e5gel. Summit Trail Seat s\u00e4ljs separat och passar i en undanstoppad ficka bakom huvudfacket.   <\/p>\n<p>Med fokus p\u00e5 o\u00f6vertr\u00e4ffad komfort och ultimat bekv\u00e4mlighet \u00e4r det helt nya magnetiska st\u00e4ngningssystemet och midjeb\u00e4ltet i memory foam bara 2 av uppdateringarna som skiljer den h\u00e4r v\u00e4skan \u00e5t. Tillsammans med Turkey Tracker ing\u00e5r avtagbara 1,5-tums tv\u00e5punkts h\u00e4ngslen som \u00e4r byggda f\u00f6r komfort och h\u00e5ller v\u00e4skan i perfekt position f\u00f6r j\u00e4gare i alla storlekar. MOLLE-v\u00e4v midjeb\u00e4ltet rymmer alla typer av tillbeh\u00f6r, och Turkey Tracker \u00e4r utrustad med tre avtagbara fickor som kan placeras var som helst p\u00e5 midjeb\u00e4ltet. \u2022 En avtagbar gjuten ficka f\u00f6r lockpipor rymmer 2 lockpipor, 3 pinnar och tillbeh\u00f6r och erbjuder \u00f6verl\u00e4gset skydd f\u00f6r dyra speciallockpipor. \u2022 En omdesignad och justerbar ficka f\u00f6r asklockpipa \u00e4r vadderad och strukturerad f\u00f6r skydd, \u00e4r ocks\u00e5 avtagbar och passar asklockpipor t\u00e4tt f\u00f6r noll risk f\u00f6r o\u00f6nskat ljud. \u2022 V\u00e5r ThermaCell-ficka fick ocks\u00e5 en uppgradering och \u00e4r nu n\u00e5got st\u00f6rre med bekv\u00e4mare funktioner f\u00f6r att h\u00e5lla din ThermaCell s\u00e4ker och hj\u00e4lpa till att s\u00e4tta i och ta bort den fr\u00e5n fickan.     <\/p>\n<ul>\n<li>9410501 mossy oak\u00ae greenleaf\u00ae<\/li>\n<\/ul>\n<ul>\n<li>Hybrid och m\u00e5ngsidigt system f\u00f6r l\u00e4ndrygg\/midjev\u00e4ska<\/li>\n<li>Magnetisk lockst\u00e4ngning<\/li>\n<li>Midjeb\u00e4lte i memory foam utrustat med MOLLE-v\u00e4v, rymmer o\u00e4ndliga tillbeh\u00f6r<\/li>\n<li>Avtagbara 1,5-tums tv\u00e5punkts h\u00e4ngslen<\/li>\n<li>F\u00f6rvaringsficka f\u00f6r <a href=\"https:\/\/alpsoutdoorz.com\/summit.html\">Summit Trail Seat<\/a> (s\u00e4ljs separat)<\/li>\n<li>Avtagbar ficka f\u00f6r lockpipor rymmer 2 lockpipor, 3 pinnar och andra tillbeh\u00f6r<\/li>\n<li>Avtagbar ficka f\u00f6r asklockpipa \u00e4r strukturerad, vadderad och justerbar f\u00f6r att passa ett brett utbud av asklockpipor<\/li>\n<li>Avtagbar ThermaCell-ficka<\/li>\n<li>Justering av midjeb\u00e4ltet fram\u00e5t f\u00f6r att s\u00e4kerst\u00e4lla att midjeb\u00e4ltet sitter \u00e5t<\/li>\n<li>Sidoficka f\u00f6r tillbeh\u00f6r \u00e4r perfekt f\u00f6r avst\u00e5ndsm\u00e4tare eller en ask med patroner<\/li>\n<li>Stretchig vattenflaskh\u00e5llare<\/li>\n<li>K\u00e4nguruficka framtill f\u00f6r extra utrustning<\/li>\n<li>Kompressionsremmar under v\u00e4skan f\u00f6r extra utrustning<\/li>\n<\/ul>\n<table>\n<tbody>\n<tr>\n<th scope=\"row\">Kapacitet<\/th>\n<td>8L \/ 500 in\u00b3<\/td>\n<\/tr>\n<tr>\n<th scope=\"row\">Huvudfackets m\u00e5tt<\/th>\n<td>7&#8243; H x 14&#8243; W x 4&#8243; D<\/td>\n<\/tr>\n<tr>\n<th scope=\"row\">Midjeb\u00e4ltets r\u00e4ckvidd<\/th>\n<td>31 \u201c- 58\u201d<\/td>\n<\/tr>\n<tr>\n<th scope=\"row\">Vikt<\/th>\n<td>2 lbs. 7 oz. <\/td>\n<\/tr>\n<\/tbody>\n<\/table>\n","protected":false},"excerpt":{"rendered":"<p>Som ett hybrid-system f\u00f6r l\u00e4ndrygg\/midjev\u00e4ska \u00e4r Turkey Tracker designad f\u00f6r den seri\u00f6sa kalkonj\u00e4garen som r\u00e4knar smidighet, komfort, modularitet, m\u00e5ngsidighet, bekv\u00e4mlighet och otroligt v\u00e4rde som de fr\u00e4msta v\u00e4sentligheterna i sin kalkonutrustning. Med utg\u00e5ngspunkt fr\u00e5n framg\u00e5ngarna och byggandet p\u00e5 de funktionsrika designkvaliteterna i v\u00e5r Long Spur-serie har de omdesignade funktionerna i Turkey Tracker v\u00e4ckt uppm\u00e4rksamhet bland seri\u00f6sa [&#8230;]\n","protected":false},"featured_media":284869,"comment_status":"open","ping_status":"closed","template":"","meta":[],"product_brand":[],"product_cat":[2565],"product_tag":[],"class_list":{"0":"post-285564","1":"product","2":"type-product","3":"status-publish","4":"has-post-thumbnail","6":"product_cat-jaktryggsackar","8":"first","9":"instock","10":"taxable","11":"shipping-taxable","12":"purchasable","13":"product-type-simple"},"composite_virtual":false,"composite_layout":"","composite_add_to_cart_form_location":"","composite_editable_in_cart":false,"composite_sold_individually_context":"","composite_shop_price_calc":"","composite_components":[],"composite_scenarios":[],"group_of_quantity":0,"min_quantity":0,"max_quantity":"","exclude_order_quantity_value_rules":"no","exclude_category_quantity_rules":"no","combine_variations":"no","exclude_global_add_ons":[],"addons":[],"_links":{"self":[{"href":"https:\/\/www.huntersfriend.eu\/sv\/wp-json\/wp\/v2\/product\/285564","targetHints":{"allow":["GET"]}}],"collection":[{"href":"https:\/\/www.huntersfriend.eu\/sv\/wp-json\/wp\/v2\/product"}],"about":[{"href":"https:\/\/www.huntersfriend.eu\/sv\/wp-json\/wp\/v2\/types\/product"}],"replies":[{"embeddable":true,"href":"https:\/\/www.huntersfriend.eu\/sv\/wp-json\/wp\/v2\/comments?post=285564"}],"wp:featuredmedia":[{"embeddable":true,"href":"https:\/\/www.huntersfriend.eu\/sv\/wp-json\/wp\/v2\/media\/284869"}],"wp:attachment":[{"href":"https:\/\/www.huntersfriend.eu\/sv\/wp-json\/wp\/v2\/media?parent=285564"}],"wp:term":[{"taxonomy":"product_brand","embeddable":true,"href":"https:\/\/www.huntersfriend.eu\/sv\/wp-json\/wp\/v2\/product_brand?post=285564"},{"taxonomy":"product_cat","embeddable":true,"href":"https:\/\/www.huntersfriend.eu\/sv\/wp-json\/wp\/v2\/product_cat?post=285564"},{"taxonomy":"product_tag","embeddable":true,"href":"https:\/\/www.huntersfriend.eu\/sv\/wp-json\/wp\/v2\/product_tag?post=285564"}],"curies":[{"name":"wp","href":"https:\/\/api.w.org\/{rel}","templated":true}]}}