{"id":285563,"date":"2025-06-18T00:26:19","date_gmt":"2025-06-17T22:26:19","guid":{"rendered":"https:\/\/www.huntersfriend.eu\/product\/alps-mountaineering-trailblazer-isolerat-liggunderlag\/"},"modified":"2026-03-18T22:00:25","modified_gmt":"2026-03-18T20:00:25","slug":"alps-mountaineering-trailblazer-isolerat-liggunderlag","status":"publish","type":"product","link":"https:\/\/www.huntersfriend.eu\/sv\/produkt\/alps-mountaineering-trailblazer-isolerat-liggunderlag\/","title":{"rendered":"Alps Mountaineering Trailblazer isolerat liggunderlag"},"content":{"rendered":"<p>Trailblazer erbjuder ett h\u00e4pnadsv\u00e4ckande R-v\u00e4rde p\u00e5 8 och ger \u00e4nnu mer reflekterande v\u00e4rmef\u00f6rst\u00e4rkning \u00e4n det redan fantastiska Pioneer Insulated Air Pad. Detta TPU-belagda 20D nylonluftmadrass anv\u00e4nder flera lager av reflekterande film f\u00f6r att f\u00e5nga kroppsv\u00e4rme och f\u00f6rl\u00e4nga din campings\u00e4song i flera m\u00e5nader. Den medf\u00f6ljande packp\u00e5sen fungerar \u00e4ven som en h\u00f6gvolymspumps\u00e4ck f\u00f6r att g\u00f6ra den enkel att bl\u00e5sa upp.  <\/p>\n<ul>\n<li>\u00c5tervunnet 20D nylon ripstop-tyg med TPU, vilket eliminerar avfall och minskar produktionen av nya material<\/li>\n<li>Lager av intern film reflekterar kroppsv\u00e4rme och ger ett isoleringsv\u00e4rde p\u00e5 R8<\/li>\n<li>L\u00e4ttviktig och packas litet i den medf\u00f6ljande packp\u00e5sen som \u00e4ven fungerar som en stor pumps\u00e4ck<\/li>\n<li>R-v\u00e4rde p\u00e5 8<\/li>\n<li>Medf\u00f6ljande packp\u00e5se fungerar \u00e4ven som en stor pumps\u00e4ck<\/li>\n<li>L\u00e4ttviktig och packas litet<\/li>\n<li>Platt ventil m\u00f6jligg\u00f6r enkel uppbl\u00e5sning och t\u00f6mning som ocks\u00e5 passar bra med <a href=\"https:\/\/alpsmountaineering.com\/nano-air-pump.html\">Nano Air Pump<\/a><\/li>\n<li>Reparationssats ing\u00e5r<\/li>\n<\/ul>\n<table>\n<tbody>\n<tr>\n<th scope=\"row\">M\u00e5tt<\/th>\n<td>77&#8243; L x 25&#8243; W x 4&#8243; H<\/td>\n<\/tr>\n<tr>\n<th scope=\"row\">Packad storlek<\/th>\n<td>8&#8243; L x 5.5&#8243; W x 5.5&#8243; H<\/td>\n<\/tr>\n<tr>\n<th scope=\"row\">Vikt<\/th>\n<td>1 lb. 11 oz. <\/td>\n<\/tr>\n<tr>\n<th scope=\"row\">R-v\u00e4rde<\/th>\n<td>8.0<\/td>\n<\/tr>\n<\/tbody>\n<\/table>\n","protected":false},"excerpt":{"rendered":"<p>Trailblazer erbjuder ett h\u00e4pnadsv\u00e4ckande R-v\u00e4rde p\u00e5 8 och ger \u00e4nnu mer reflekterande v\u00e4rmef\u00f6rst\u00e4rkning \u00e4n det redan fantastiska Pioneer Insulated Air Pad. Detta TPU-belagda 20D nylonluftmadrass anv\u00e4nder flera lager av reflekterande film f\u00f6r att f\u00e5nga kroppsv\u00e4rme och f\u00f6rl\u00e4nga din campings\u00e4song i flera m\u00e5nader. Den medf\u00f6ljande packp\u00e5sen fungerar \u00e4ven som en h\u00f6gvolymspumps\u00e4ck f\u00f6r att g\u00f6ra den enkel [&#8230;]\n","protected":false},"featured_media":284532,"comment_status":"open","ping_status":"closed","template":"","meta":[],"product_brand":[],"product_cat":[2572],"product_tag":[],"class_list":{"0":"post-285563","1":"product","2":"type-product","3":"status-publish","4":"has-post-thumbnail","6":"product_cat-faltsangar-och-liggunderlag","8":"first","9":"instock","10":"sale","11":"taxable","12":"shipping-taxable","13":"purchasable","14":"product-type-simple"},"composite_virtual":false,"composite_layout":"","composite_add_to_cart_form_location":"","composite_editable_in_cart":false,"composite_sold_individually_context":"","composite_shop_price_calc":"","composite_components":[],"composite_scenarios":[],"group_of_quantity":0,"min_quantity":0,"max_quantity":"","exclude_order_quantity_value_rules":"no","exclude_category_quantity_rules":"no","combine_variations":"no","exclude_global_add_ons":[],"addons":[],"_links":{"self":[{"href":"https:\/\/www.huntersfriend.eu\/sv\/wp-json\/wp\/v2\/product\/285563","targetHints":{"allow":["GET"]}}],"collection":[{"href":"https:\/\/www.huntersfriend.eu\/sv\/wp-json\/wp\/v2\/product"}],"about":[{"href":"https:\/\/www.huntersfriend.eu\/sv\/wp-json\/wp\/v2\/types\/product"}],"replies":[{"embeddable":true,"href":"https:\/\/www.huntersfriend.eu\/sv\/wp-json\/wp\/v2\/comments?post=285563"}],"wp:featuredmedia":[{"embeddable":true,"href":"https:\/\/www.huntersfriend.eu\/sv\/wp-json\/wp\/v2\/media\/284532"}],"wp:attachment":[{"href":"https:\/\/www.huntersfriend.eu\/sv\/wp-json\/wp\/v2\/media?parent=285563"}],"wp:term":[{"taxonomy":"product_brand","embeddable":true,"href":"https:\/\/www.huntersfriend.eu\/sv\/wp-json\/wp\/v2\/product_brand?post=285563"},{"taxonomy":"product_cat","embeddable":true,"href":"https:\/\/www.huntersfriend.eu\/sv\/wp-json\/wp\/v2\/product_cat?post=285563"},{"taxonomy":"product_tag","embeddable":true,"href":"https:\/\/www.huntersfriend.eu\/sv\/wp-json\/wp\/v2\/product_tag?post=285563"}],"curies":[{"name":"wp","href":"https:\/\/api.w.org\/{rel}","templated":true}]}}