{"id":285562,"date":"2025-06-16T23:54:13","date_gmt":"2025-06-16T21:54:13","guid":{"rendered":"https:\/\/www.huntersfriend.eu\/product\/alps-outdoorz-barsele-med-glidring\/"},"modified":"2025-08-26T10:31:16","modified_gmt":"2025-08-26T08:31:16","slug":"alps-outdoorz-barsele-med-glidring","status":"publish","type":"product","link":"https:\/\/www.huntersfriend.eu\/sv\/produkt\/alps-outdoorz-barsele-med-glidring\/","title":{"rendered":"Alps outdoorz b\u00e4rsele med glidring"},"content":{"rendered":"<p>Den h\u00e4r b\u00e4rselen med glidring \u00e4r perfekt f\u00f6r att enkelt transportera hem dina f\u00e5glar fr\u00e5n f\u00e4ltet. B\u00e4rselen med glidring har flera inbyggda funktioner, inklusive glidringar i st\u00e5l, en vridbar kl\u00e4mma f\u00f6r att h\u00e4nga fr\u00e5n dina vadare eller annan utrustning, och en justerbar \u201cunderarmsrem\u201d i v\u00e4v f\u00f6r att h\u00e5lla h\u00e4nderna fria. B\u00e4rselen med glidring har ocks\u00e5 v\u00e4vf\u00f6rst\u00e4rkning f\u00f6r \u00f6kad styrka och en halkbest\u00e4ndig baksida f\u00f6r att s\u00e4kerst\u00e4lla att den stannar p\u00e5 axeln under transport.  <\/p>\n<p>\u2022 Glidringar i st\u00e5l<\/p>\n<p>\u2022 V\u00e4vf\u00f6rst\u00e4rkning f\u00f6r \u00f6kad styrka<\/p>\n<p>\u2022 Justerbar \u201cunderarmsrem\u201d i v\u00e4v f\u00f6r att h\u00e5lla h\u00e4nderna fria<\/p>\n<p>\u2022 Halkbest\u00e4ndig baksida<\/p>\n<p>\u2022 Vridbar kl\u00e4mma f\u00f6r att h\u00e4nga fr\u00e5n vadare<\/p>\n<table border=\"3\">\n<tbody>\n<tr align=\"CENTER\">\n<td><b>Vikt<\/b><\/td>\n<td>8 oz.<\/td>\n<\/tr>\n<\/tbody>\n<\/table>\n","protected":false},"excerpt":{"rendered":"<p>Den h\u00e4r b\u00e4rselen med glidring \u00e4r perfekt f\u00f6r att enkelt transportera hem dina f\u00e5glar fr\u00e5n f\u00e4ltet. B\u00e4rselen med glidring har flera inbyggda funktioner, inklusive glidringar i st\u00e5l, en vridbar kl\u00e4mma f\u00f6r att h\u00e4nga fr\u00e5n dina vadare eller annan utrustning, och en justerbar \u201cunderarmsrem\u201d i v\u00e4v f\u00f6r att h\u00e5lla h\u00e4nderna fria. B\u00e4rselen med glidring har ocks\u00e5 [&#8230;]\n","protected":false},"featured_media":284853,"comment_status":"open","ping_status":"closed","template":"","meta":[],"product_brand":[],"product_cat":[2613],"product_tag":[],"class_list":{"0":"post-285562","1":"product","2":"type-product","3":"status-publish","4":"has-post-thumbnail","6":"product_cat-barselar-vaskor-och-hissar-for-vilt","8":"first","9":"instock","10":"taxable","11":"shipping-taxable","12":"purchasable","13":"product-type-simple"},"composite_virtual":false,"composite_layout":"","composite_add_to_cart_form_location":"","composite_editable_in_cart":false,"composite_sold_individually_context":"","composite_shop_price_calc":"","composite_components":[],"composite_scenarios":[],"group_of_quantity":0,"min_quantity":0,"max_quantity":"","exclude_order_quantity_value_rules":"no","exclude_category_quantity_rules":"no","combine_variations":"no","exclude_global_add_ons":[],"addons":[],"_links":{"self":[{"href":"https:\/\/www.huntersfriend.eu\/sv\/wp-json\/wp\/v2\/product\/285562","targetHints":{"allow":["GET"]}}],"collection":[{"href":"https:\/\/www.huntersfriend.eu\/sv\/wp-json\/wp\/v2\/product"}],"about":[{"href":"https:\/\/www.huntersfriend.eu\/sv\/wp-json\/wp\/v2\/types\/product"}],"replies":[{"embeddable":true,"href":"https:\/\/www.huntersfriend.eu\/sv\/wp-json\/wp\/v2\/comments?post=285562"}],"wp:featuredmedia":[{"embeddable":true,"href":"https:\/\/www.huntersfriend.eu\/sv\/wp-json\/wp\/v2\/media\/284853"}],"wp:attachment":[{"href":"https:\/\/www.huntersfriend.eu\/sv\/wp-json\/wp\/v2\/media?parent=285562"}],"wp:term":[{"taxonomy":"product_brand","embeddable":true,"href":"https:\/\/www.huntersfriend.eu\/sv\/wp-json\/wp\/v2\/product_brand?post=285562"},{"taxonomy":"product_cat","embeddable":true,"href":"https:\/\/www.huntersfriend.eu\/sv\/wp-json\/wp\/v2\/product_cat?post=285562"},{"taxonomy":"product_tag","embeddable":true,"href":"https:\/\/www.huntersfriend.eu\/sv\/wp-json\/wp\/v2\/product_tag?post=285562"}],"curies":[{"name":"wp","href":"https:\/\/api.w.org\/{rel}","templated":true}]}}