{"id":285561,"date":"2025-06-16T23:54:12","date_gmt":"2025-06-16T21:54:12","guid":{"rendered":"https:\/\/www.huntersfriend.eu\/product\/alps-outdoorz-alpha-dog-blind\/"},"modified":"2025-08-26T10:31:16","modified_gmt":"2025-08-26T08:31:16","slug":"alps-outdoorz-alpha-dog-blind","status":"publish","type":"product","link":"https:\/\/www.huntersfriend.eu\/sv\/produkt\/alps-outdoorz-alpha-dog-blind\/","title":{"rendered":"Alps outdoorz Alpha dog blind"},"content":{"rendered":"<p>Med sin unika design f\u00f6r snabb \u00e5tkomst \u00e4r Alpha Dog Blind den mest m\u00e5ngsidiga och effektiva hundburen p\u00e5 marknaden. Alpha Dog Blind ger din favorithundkompis den komfort och det skydd som beh\u00f6vs f\u00f6r en hel dags jakt under de tuffaste f\u00f6rh\u00e5llandena. Med en unik aluminiumnavdesign med konstruerade spetsar och stift erbjuder Alpha Dog Blind snabb och enkel installation p\u00e5 n\u00e5gra sekunder. En avsmalnande taknock ger din hund en fri siktlinje samtidigt som den h\u00e5lls dold. Alpha Dog Blind \u00e4r tillverkad av slitstarkt 600D polyestertyg med m\u00f6rkl\u00e4ggningsbaksida och den triangul\u00e4ra formen ger ultimat skydd fr\u00e5n alla vinklar. Samtidigt ger det vadderade 900D polyestertyggolvet h\u00e5llbarhet och komfort f\u00f6r din partner. Magnetiska dubbla sv\u00e4ngd\u00f6rrar fram och en dubbel sv\u00e4ngd\u00f6rr bak med sp\u00e4nne ger snabba och enkla utg\u00e5ngs-\/ing\u00e5ngsalternativ f\u00f6r apportering. Ett paracordhandtag och medf\u00f6ljande axelb\u00e4rv\u00e4ska g\u00f6r det enkelt att transportera till och fr\u00e5n f\u00e4ltet. Pinnar ing\u00e5r f\u00f6r att h\u00e5lla buren s\u00e4ker. Med till\u00e4gget av Alpha Dog Blind till din jaktarsenal kommer din favorithundkompis att f\u00e5 uppleva den excellens och kvalitet du har kommit att f\u00f6rv\u00e4nta dig av ALPS OutdoorZ.         <\/p>\n<ul>\n<li>Tv\u00e5 navdesign f\u00f6r snabb och enkel installation<\/li>\n<li>Slitstarka sidor i 600D polyestertyg med m\u00f6rklagd baksida f\u00f6r att hj\u00e4lpa till att d\u00f6lja din jaktkompis<\/li>\n<li>900D polyestertyggolv med vaddering f\u00f6r h\u00e5llbarhet och komfort<\/li>\n<li>Aluminiumnav med konstruerade spetsar och stift<\/li>\n<li>Magnetisk dubbel sv\u00e4ngd\u00f6rr fram<\/li>\n<li>Dubbel sv\u00e4ngd\u00f6rr bak med sp\u00e4nne<\/li>\n<li>Remmar f\u00f6r stubb \u00f6verallt f\u00f6r b\u00e4ttre skydd<\/li>\n<li>Pinnar ing\u00e5r<\/li>\n<li>Paracord b\u00e4rhandtag<\/li>\n<li>\u00d6ppnas plant f\u00f6r enkel reng\u00f6ring<\/li>\n<li>Inkluderar 6 \u201cx 24\u201d axelb\u00e4rv\u00e4ska<\/li>\n<\/ul>\n<table border=\"3\">\n<tbody>\n<tr align=\"CENTER\">\n<td><b>M\u00e5tt<\/b><\/td>\n<td>37&#8243; L x 21&#8243; W x 19&#8243; H<\/td>\n<\/tr>\n<tr align=\"CENTER\">\n<td><b>Vikt<\/b><\/td>\n<td>4 lbs. 9 oz. <\/td>\n<\/tr>\n<tr align=\"CENTER\">\n<td><b>Packad storlek<\/b><\/td>\n<td>24&#8243; L x 6&#8243; W x 6&#8243; H<\/td>\n<\/tr>\n<\/tbody>\n<\/table>\n","protected":false},"excerpt":{"rendered":"<p>Med sin unika design f\u00f6r snabb \u00e5tkomst \u00e4r Alpha Dog Blind den mest m\u00e5ngsidiga och effektiva hundburen p\u00e5 marknaden. Alpha Dog Blind ger din favorithundkompis den komfort och det skydd som beh\u00f6vs f\u00f6r en hel dags jakt under de tuffaste f\u00f6rh\u00e5llandena. Med en unik aluminiumnavdesign med konstruerade spetsar och stift erbjuder Alpha Dog Blind snabb [&#8230;]\n","protected":false},"featured_media":283916,"comment_status":"open","ping_status":"closed","template":"","meta":[],"product_brand":[],"product_cat":[2517],"product_tag":[],"class_list":{"0":"post-285561","1":"product","2":"type-product","3":"status-publish","4":"has-post-thumbnail","6":"product_cat-hundpersienner-vastar-och-diverse","8":"first","9":"outofstock","10":"taxable","11":"shipping-taxable","12":"purchasable","13":"product-type-simple"},"composite_virtual":false,"composite_layout":"","composite_add_to_cart_form_location":"","composite_editable_in_cart":false,"composite_sold_individually_context":"","composite_shop_price_calc":"","composite_components":[],"composite_scenarios":[],"group_of_quantity":0,"min_quantity":0,"max_quantity":"","exclude_order_quantity_value_rules":"no","exclude_category_quantity_rules":"no","combine_variations":"no","exclude_global_add_ons":[],"addons":[],"_links":{"self":[{"href":"https:\/\/www.huntersfriend.eu\/sv\/wp-json\/wp\/v2\/product\/285561","targetHints":{"allow":["GET"]}}],"collection":[{"href":"https:\/\/www.huntersfriend.eu\/sv\/wp-json\/wp\/v2\/product"}],"about":[{"href":"https:\/\/www.huntersfriend.eu\/sv\/wp-json\/wp\/v2\/types\/product"}],"replies":[{"embeddable":true,"href":"https:\/\/www.huntersfriend.eu\/sv\/wp-json\/wp\/v2\/comments?post=285561"}],"wp:featuredmedia":[{"embeddable":true,"href":"https:\/\/www.huntersfriend.eu\/sv\/wp-json\/wp\/v2\/media\/283916"}],"wp:attachment":[{"href":"https:\/\/www.huntersfriend.eu\/sv\/wp-json\/wp\/v2\/media?parent=285561"}],"wp:term":[{"taxonomy":"product_brand","embeddable":true,"href":"https:\/\/www.huntersfriend.eu\/sv\/wp-json\/wp\/v2\/product_brand?post=285561"},{"taxonomy":"product_cat","embeddable":true,"href":"https:\/\/www.huntersfriend.eu\/sv\/wp-json\/wp\/v2\/product_cat?post=285561"},{"taxonomy":"product_tag","embeddable":true,"href":"https:\/\/www.huntersfriend.eu\/sv\/wp-json\/wp\/v2\/product_tag?post=285561"}],"curies":[{"name":"wp","href":"https:\/\/api.w.org\/{rel}","templated":true}]}}