{"id":285560,"date":"2025-06-16T23:54:13","date_gmt":"2025-06-16T21:54:13","guid":{"rendered":"https:\/\/www.huntersfriend.eu\/product\/alps-outdoorz-endeavor-vaska\/"},"modified":"2025-08-26T10:31:15","modified_gmt":"2025-08-26T08:31:15","slug":"alps-outdoorz-endeavor-vaska","status":"publish","type":"product","link":"https:\/\/www.huntersfriend.eu\/sv\/produkt\/alps-outdoorz-endeavor-vaska\/","title":{"rendered":"Alps outdoorz endeavor-v\u00e4ska"},"content":{"rendered":"<p>Endeavor \u00e4r den yppersta blandningen av arbetsnytta och \u00e4r smart utformad f\u00f6r den 9-5-friluftsm\u00e4nniska som f\u00f6redrar ett h\u00e4lsosamt f\u00f6rh\u00e5llande mellan kontor och \u00e4ventyr. Den distingerade och vintageinspirerade designen bidrar till dess praktiska anv\u00e4ndbarhet, fr\u00e5n morgonm\u00f6ten till helg\u00e4ventyr. \u00c5teruppt\u00e4ck din inre friluftsm\u00e4nniska med en modern anpassning av en tidl\u00f6s klassiker.  <\/p>\n<p>N\u00e4r du k\u00f6per DU-licensierad utrustning vidtar du direkta \u00e5tg\u00e4rder f\u00f6r att st\u00f6dja bevarandet av livsmilj\u00f6er i hela Nordamerika och hj\u00e4lper till att uppn\u00e5 det gemensamma uppdraget f\u00f6r Ducks Unlimited och ALPS OutdoorZ.<\/p>\n<p>Sk\u00f6tselr\u00e5d: En snygg, v\u00e4l anv\u00e4nd patina kommer att utvecklas n\u00e4r det vaxade tyget \u00e5ldras. I likhet med l\u00e4der rekommenderar vi att du reng\u00f6r med en fuktig trasa. Konditionering, omvaxning eller efterbehandling av yttertyget kan g\u00f6ras vid behov mer \u00e4n en g\u00e5ng per \u00e5r med l\u00e4mpligt paraffin- eller sojavax.  <\/p>\n<ul>\n<li>Robust, slitstark och mycket vattenavvisande 16 oz. vaxad bomullscanvas med fullnarvl\u00e4derdetaljer och -kanter <\/li>\n<li>Snabbsp\u00e4nnen med 2 l\u00e4ges magnetl\u00e5s<\/li>\n<li>Vadderad och fodrad insida med dedikerade fickor f\u00f6r b\u00e4rbar dator och surfplatta<\/li>\n<li>Strukturerad p\u00e5 alla sidor f\u00f6r extra skydd<\/li>\n<li>Dragkedjor och beslag i m\u00e4ssing<\/li>\n<\/ul>\n<table>\n<tbody>\n<tr>\n<th scope=\"row\">M\u00e5tt<\/th>\n<td>12,5&#8243; H x 17&#8243; W x 4,5&#8243; D<\/td>\n<\/tr>\n<tr>\n<th scope=\"row\">Vikt<\/th>\n<td>1,98 kg <\/td>\n<\/tr>\n<\/tbody>\n<\/table>\n","protected":false},"excerpt":{"rendered":"<p>Endeavor \u00e4r den yppersta blandningen av arbetsnytta och \u00e4r smart utformad f\u00f6r den 9-5-friluftsm\u00e4nniska som f\u00f6redrar ett h\u00e4lsosamt f\u00f6rh\u00e5llande mellan kontor och \u00e4ventyr. Den distingerade och vintageinspirerade designen bidrar till dess praktiska anv\u00e4ndbarhet, fr\u00e5n morgonm\u00f6ten till helg\u00e4ventyr. \u00c5teruppt\u00e4ck din inre friluftsm\u00e4nniska med en modern anpassning av en tidl\u00f6s klassiker. N\u00e4r du k\u00f6per DU-licensierad utrustning vidtar [&#8230;]\n","protected":false},"featured_media":284830,"comment_status":"open","ping_status":"closed","template":"","meta":[],"product_brand":[],"product_cat":[878],"product_tag":[],"class_list":{"0":"post-285560","1":"product","2":"type-product","3":"status-publish","4":"has-post-thumbnail","6":"product_cat-uncategorized-sv","8":"first","9":"outofstock","10":"taxable","11":"shipping-taxable","12":"purchasable","13":"product-type-simple"},"composite_virtual":false,"composite_layout":"","composite_add_to_cart_form_location":"","composite_editable_in_cart":false,"composite_sold_individually_context":"","composite_shop_price_calc":"","composite_components":[],"composite_scenarios":[],"group_of_quantity":0,"min_quantity":0,"max_quantity":"","exclude_order_quantity_value_rules":"no","exclude_category_quantity_rules":"no","combine_variations":"no","exclude_global_add_ons":[],"addons":[],"_links":{"self":[{"href":"https:\/\/www.huntersfriend.eu\/sv\/wp-json\/wp\/v2\/product\/285560","targetHints":{"allow":["GET"]}}],"collection":[{"href":"https:\/\/www.huntersfriend.eu\/sv\/wp-json\/wp\/v2\/product"}],"about":[{"href":"https:\/\/www.huntersfriend.eu\/sv\/wp-json\/wp\/v2\/types\/product"}],"replies":[{"embeddable":true,"href":"https:\/\/www.huntersfriend.eu\/sv\/wp-json\/wp\/v2\/comments?post=285560"}],"wp:featuredmedia":[{"embeddable":true,"href":"https:\/\/www.huntersfriend.eu\/sv\/wp-json\/wp\/v2\/media\/284830"}],"wp:attachment":[{"href":"https:\/\/www.huntersfriend.eu\/sv\/wp-json\/wp\/v2\/media?parent=285560"}],"wp:term":[{"taxonomy":"product_brand","embeddable":true,"href":"https:\/\/www.huntersfriend.eu\/sv\/wp-json\/wp\/v2\/product_brand?post=285560"},{"taxonomy":"product_cat","embeddable":true,"href":"https:\/\/www.huntersfriend.eu\/sv\/wp-json\/wp\/v2\/product_cat?post=285560"},{"taxonomy":"product_tag","embeddable":true,"href":"https:\/\/www.huntersfriend.eu\/sv\/wp-json\/wp\/v2\/product_tag?post=285560"}],"curies":[{"name":"wp","href":"https:\/\/api.w.org\/{rel}","templated":true}]}}